{"id":745826,"date":"2025-03-03T20:37:36","date_gmt":"2025-03-03T19:37:36","guid":{"rendered":"https:\/\/stoic-curie.212-227-153-4.plesk.page\/producto\/vitrifrigo-d30a-crni\/"},"modified":"2026-02-25T00:01:26","modified_gmt":"2026-02-25T00:01:26","slug":"vitrifrigo-d30a-crni","status":"publish","type":"product","link":"https:\/\/stoic-curie.212-227-153-4.plesk.page\/hr\/product\/vitrifrigo-d30a-crni\/","title":{"rendered":"Vitrifrigo D30A Crni hladnjak"},"content":{"rendered":"<p>Vitrifrigo D30A Crni hladnjak &#8211; <\/p>\n<p style=\"color: rgb(34, 34, 34); font-family: Arial, Helvetica, sans-serif; font-size: small;\"><strong>Hladnjak ili zamrziva\u010d sve-u-jednom, D30A, Crna, Vitrifrigo<\/strong><\/p>\n<p style=\"color: rgb(34, 34, 34); font-family: Arial, Helvetica, sans-serif; font-size: small;\">D30A kompaktni hladnjak s ladicom predstavlja inovativno rje\u0161enje za va\u0161e potrebe hla\u0111enja. Ovaj Vitrifrigo hladnjak ima vanjsku Danfoss jedinicu hla\u0111enja od 12\/24V koja se mo\u017ee postaviti do 1,5 metara daleko, uz prakti\u010dno otvaranje ladice. Digitalni termostat omogu\u0107uje vam da postavite odjeljak kao hladnjak ili zamrziva\u010d na \u017eeljenu temperaturu.<\/p>\n<p style=\"color: rgb(34, 34, 34); font-family: Arial, Helvetica, sans-serif; font-size: small;\">S ukupnim kapacitetom od 30 litara i te\u017einom od samo 17 kg, ovaj hladnjak je dizajniran da savr\u0161eno stane u uske prostore.<\/p>\n<p style=\"color: rgb(34, 34, 34); font-family: Arial, Helvetica, sans-serif; font-size: small;\">Digitalni termostat ne samo da vam omogu\u0107uje pode\u0161avanje temperature izme\u0111u +10 i -10 stupnjeva, ve\u0107 uklju\u010duje i zna\u010dajku &#8216;No\u0107ni na\u010din&#8217;. Ova zna\u010dajka poma\u017ee u u\u0161tedi energije i odr\u017eava razinu buke izuzetno niskom.<\/p>\n<p style=\"color: rgb(34, 34, 34); font-family: Arial, Helvetica, sans-serif; font-size: small;\">Daljinska jedinica hla\u0111enja D30A dodaje fleksibilnost i svestranost ovom proizvodu. Dostupan je u dvije boje: bijeloj i crnoj.<\/p>\n<p style=\"color: rgb(34, 34, 34); font-family: Arial, Helvetica, sans-serif; font-size: small;\"><strong>Tehni\u010dke specifikacije:<\/strong><\/p>\n<ul style=\"color: rgb(34, 34, 34); font-family: Arial, Helvetica, sans-serif; font-size: small;\">\n<li><strong>Zavr\u0161na obrada vrata:<\/strong>&nbsp;ABS<\/li>\n<li><strong>Kapacitet:<\/strong>&nbsp;30 litara<\/li>\n<li><strong>Visina:<\/strong>&nbsp;250 mm<\/li>\n<li><strong>Duljina:<\/strong>&nbsp;440 mm<\/li>\n<li><strong>Dubina:<\/strong>&nbsp;585 mm<\/li>\n<li><strong>Te\u017eina:<\/strong>&nbsp;17 kg<\/li>\n<li><strong>Niz:<\/strong>&nbsp;Kompaktna ladica<\/li>\n<li><strong>Obrtanje vrata:<\/strong>&nbsp;Ne<\/li>\n<li><strong>Termostat:<\/strong>&nbsp;LED<\/li>\n<li><strong>Tehnologija hla\u0111enja:<\/strong>&nbsp;Kompresor<\/li>\n<li><strong>Jedinica hla\u0111enja:<\/strong>&nbsp;Unutarnja<\/li>\n<li><strong>Otvaranje vrata:<\/strong>&nbsp;Otvor za ladicu<\/li>\n<li><strong>Napon:<\/strong>&nbsp;12\/24 VDC<\/li>\n<\/ul>\n","protected":false},"excerpt":{"rendered":"<p>Vitrifrigo D30A Crni hladnjak &#8211; Hladnjak ili zamrziva\u010d sve-u-jednom, D30A, Crna, Vitrifrigo D30A kompaktni hladnjak s ladicom predstavlja inovativno rje\u0161enje<\/p>\n","protected":false},"featured_media":5949119,"comment_status":"open","ping_status":"closed","template":"","meta":[],"product_brand":[3526],"product_cat":[1751],"product_tag":[],"class_list":{"0":"post-745826","1":"product","2":"type-product","3":"status-publish","4":"has-post-thumbnail","6":"product_brand-vitrifrigo-hr","7":"product_cat-hladnjaci-i-zamrzivaci","9":"first","10":"instock","11":"shipping-taxable","12":"purchasable","13":"product-type-simple"},"_links":{"self":[{"href":"https:\/\/stoic-curie.212-227-153-4.plesk.page\/hr\/wp-json\/wp\/v2\/product\/745826","targetHints":{"allow":["GET"]}}],"collection":[{"href":"https:\/\/stoic-curie.212-227-153-4.plesk.page\/hr\/wp-json\/wp\/v2\/product"}],"about":[{"href":"https:\/\/stoic-curie.212-227-153-4.plesk.page\/hr\/wp-json\/wp\/v2\/types\/product"}],"replies":[{"embeddable":true,"href":"https:\/\/stoic-curie.212-227-153-4.plesk.page\/hr\/wp-json\/wp\/v2\/comments?post=745826"}],"version-history":[{"count":0,"href":"https:\/\/stoic-curie.212-227-153-4.plesk.page\/hr\/wp-json\/wp\/v2\/product\/745826\/revisions"}],"wp:featuredmedia":[{"embeddable":true,"href":"https:\/\/stoic-curie.212-227-153-4.plesk.page\/hr\/wp-json\/wp\/v2\/media\/5949119"}],"wp:attachment":[{"href":"https:\/\/stoic-curie.212-227-153-4.plesk.page\/hr\/wp-json\/wp\/v2\/media?parent=745826"}],"wp:term":[{"taxonomy":"product_brand","embeddable":true,"href":"https:\/\/stoic-curie.212-227-153-4.plesk.page\/hr\/wp-json\/wp\/v2\/product_brand?post=745826"},{"taxonomy":"product_cat","embeddable":true,"href":"https:\/\/stoic-curie.212-227-153-4.plesk.page\/hr\/wp-json\/wp\/v2\/product_cat?post=745826"},{"taxonomy":"product_tag","embeddable":true,"href":"https:\/\/stoic-curie.212-227-153-4.plesk.page\/hr\/wp-json\/wp\/v2\/product_tag?post=745826"}],"curies":[{"name":"wp","href":"https:\/\/api.w.org\/{rel}","templated":true}]}}