{"id":745830,"date":"2025-03-03T20:37:38","date_gmt":"2025-03-03T19:37:38","guid":{"rendered":"https:\/\/stoic-curie.212-227-153-4.plesk.page\/producto\/vitrifrigo-c115ix\/"},"modified":"2026-02-25T00:01:26","modified_gmt":"2026-02-25T00:01:26","slug":"vitrifrigo-c115ix","status":"publish","type":"product","link":"https:\/\/stoic-curie.212-227-153-4.plesk.page\/hr\/product\/vitrifrigo-c115ix\/","title":{"rendered":"Vitrifrigo C115iX"},"content":{"rendered":"<p>Vitrifrigo C115iX &#8211; <\/p>\n<p style=\"color: rgb(34, 34, 34); font-family: Arial, Helvetica, sans-serif; font-size: small;\"><strong>Vitrifrigo C115ix 12V\/24V Nehr\u0111aju\u0107i \u010celik Marine Hladnjak<\/strong><\/p>\n<p style=\"color: rgb(34, 34, 34); font-family: Arial, Helvetica, sans-serif; font-size: small;\">Vitrifrigo C115ix je izdr\u017eljiv morski hladnjak izra\u0111en od nehr\u0111aju\u0107eg \u010delika. Uklju\u010duje unutra\u0161nji Danfoss sustav hla\u0111enja na 12\/24V i ima reverzibilna vrata koja se mogu prilagoditi za ventilaciju kada se ne koriste. Ovaj model tako\u0111er je opremljen LED svjetlom, mehani\u010dkim termostatom za regulaciju temperature i kliznim profilom pogodnim za standardne instalacije ili ugradbene konfiguracije vrata.<\/p>\n<p style=\"color: rgb(34, 34, 34); font-family: Arial, Helvetica, sans-serif; font-size: small;\"><strong>Pregled<\/strong><\/p>\n<p style=\"color: rgb(34, 34, 34); font-family: Arial, Helvetica, sans-serif; font-size: small;\">Iako je Vitrifrigo C115ix posebno dizajniran za morska okru\u017eenja, postao je popularan i u sektoru luksuznih konverzija furgona i rekreacijskih vozila (RV).<\/p>\n<p style=\"color: rgb(34, 34, 34); font-family: Arial, Helvetica, sans-serif; font-size: small;\"><strong>Karakteristike<\/strong><\/p>\n<ul style=\"color: rgb(34, 34, 34); font-family: Arial, Helvetica, sans-serif; font-size: small;\">\n<li>Integrirani kompresor i jedinica za hla\u0111enje smje\u0161teni na dnu<\/li>\n<li>Vrata s zaobljenim rubom zavr\u0161ena u bru\u0161enom nehr\u0111aju\u0107em \u010deliku, opremljena magnetskim zatvaranjem<\/li>\n<li>Standardno unutarnje LED osvjetljenje<\/li>\n<li>Mehani termostat za precizno upravljanje temperaturom<\/li>\n<li>17-litarska ledenica za dodatnu udobnost<\/li>\n<li>Dva police s podupira\u010dima isporu\u010dena kao standard<\/li>\n<li>Rad na 12V\/24V DC, s mogu\u0107no\u0161\u0107u nadogradnje na obalu s automatskim prebacivanjem<\/li>\n<li>Isporu\u010duje se s okvirom za ugradnju u ravnini i Nautic uvla\u010denjem<\/li>\n<\/ul>\n<p style=\"color: rgb(34, 34, 34); font-family: Arial, Helvetica, sans-serif; font-size: small;\"><strong>Tehni\u010dke specifikacije<\/strong><\/p>\n<ul style=\"color: rgb(34, 34, 34); font-family: Arial, Helvetica, sans-serif; font-size: small;\">\n<li>Dimenzije: 783 mm (H) x 588 mm (\u0160) x 506 mm (D)<\/li>\n<li>Ukupni kapacitet: 118 litara<\/li>\n<li>Struja: 2.8 ampera (12V) \/ 1.4 ampera (24V)<\/li>\n<li>Te\u017eina: 21.2 kg<\/li>\n<\/ul>\n<p style=\"color: rgb(34, 34, 34); font-family: Arial, Helvetica, sans-serif; font-size: small;\"><strong>Vitrifrigo C115ix: Integrirani Kompresorski Morski Hladnjak (12\/24 Volta)<\/strong><\/p>\n<p style=\"color: rgb(34, 34, 34); font-family: Arial, Helvetica, sans-serif; font-size: small;\">Ovaj nehr\u0111aju\u0107i hladnjak pa\u017eljivo je dizajniran za morske primjene, ali se tako\u0111er \u0161iroko koristi u kamp-prikolicama i luksuznim vozilima.<\/p>\n<p style=\"color: rgb(34, 34, 34); font-family: Arial, Helvetica, sans-serif; font-size: small;\"><strong>Klju\u010dne Karakteristike:<\/strong><\/p>\n<ul style=\"color: rgb(34, 34, 34); font-family: Arial, Helvetica, sans-serif; font-size: small;\">\n<li>Integrirani kompresor i jedinica za hla\u0111enje smje\u0161teni u bazi<\/li>\n<li>Vrata s zaobljenim rubom u bru\u0161enom nehr\u0111aju\u0107em \u010deliku i magnetskim zatvaranjem<\/li>\n<li>Okvir za ugradnju u ravnini i Nautic zatvara\u010d uklju\u010deni<\/li>\n<li>Standardno unutarnje LED osvjetljenje<\/li>\n<li>Regulacija temperature preko mehani\u010dkog termostata<\/li>\n<li>17-litarska ledenica za dodatni prostor za pohranu<\/li>\n<li>Dva police s podupira\u010dima uklju\u010dene<\/li>\n<li>Napajanje: 12\/24V, s jednostavnom mogu\u0107no\u0161\u0107u nadogradnje na vi\u0161efazni sustav<\/li>\n<\/ul>\n<p style=\"color: rgb(34, 34, 34); font-family: Arial, Helvetica, sans-serif; font-size: small;\"><strong>Tehni\u010dke Informacije<\/strong><\/p>\n<ul style=\"color: rgb(34, 34, 34); font-family: Arial, Helvetica, sans-serif; font-size: small;\">\n<li>Dimenzije: 588 mm (\u0160) x 783 mm (H) x 506 mm (D)<\/li>\n<li>Kapacitet: 118 litara<\/li>\n<li>Napajanje: 12\/24 Volta<\/li>\n<li>Struja: 2.8 ampera (12V) \/ 1.4 ampera (24V)<\/li>\n<li>Apsorpcija: 0.45 kW (po 24 sata)<\/li>\n<li>Te\u017eina: 21.2 kg<\/li>\n<\/ul>\n<p style=\"color: rgb(34, 34, 34); font-family: Arial, Helvetica, sans-serif; font-size: small;\">Ovaj detaljan pregled Vitrifrigo C115ix omogu\u0107uje vlasnicima \u010damaca da donesu informirane odluke prilikom tra\u017eenja pouzdanih i kvalitetnih rje\u0161enja za morsko hla\u0111enje.<\/p>\n","protected":false},"excerpt":{"rendered":"<p>Vitrifrigo C115iX &#8211; Vitrifrigo C115ix 12V\/24V Nehr\u0111aju\u0107i \u010celik Marine Hladnjak Vitrifrigo C115ix je izdr\u017eljiv morski hladnjak izra\u0111en od nehr\u0111aju\u0107eg \u010delika.<\/p>\n","protected":false},"featured_media":5949136,"comment_status":"open","ping_status":"closed","template":"","meta":[],"product_brand":[3526],"product_cat":[1751],"product_tag":[],"class_list":{"0":"post-745830","1":"product","2":"type-product","3":"status-publish","4":"has-post-thumbnail","6":"product_brand-vitrifrigo-hr","7":"product_cat-hladnjaci-i-zamrzivaci","9":"first","10":"instock","11":"shipping-taxable","12":"purchasable","13":"product-type-simple"},"_links":{"self":[{"href":"https:\/\/stoic-curie.212-227-153-4.plesk.page\/hr\/wp-json\/wp\/v2\/product\/745830","targetHints":{"allow":["GET"]}}],"collection":[{"href":"https:\/\/stoic-curie.212-227-153-4.plesk.page\/hr\/wp-json\/wp\/v2\/product"}],"about":[{"href":"https:\/\/stoic-curie.212-227-153-4.plesk.page\/hr\/wp-json\/wp\/v2\/types\/product"}],"replies":[{"embeddable":true,"href":"https:\/\/stoic-curie.212-227-153-4.plesk.page\/hr\/wp-json\/wp\/v2\/comments?post=745830"}],"version-history":[{"count":0,"href":"https:\/\/stoic-curie.212-227-153-4.plesk.page\/hr\/wp-json\/wp\/v2\/product\/745830\/revisions"}],"wp:featuredmedia":[{"embeddable":true,"href":"https:\/\/stoic-curie.212-227-153-4.plesk.page\/hr\/wp-json\/wp\/v2\/media\/5949136"}],"wp:attachment":[{"href":"https:\/\/stoic-curie.212-227-153-4.plesk.page\/hr\/wp-json\/wp\/v2\/media?parent=745830"}],"wp:term":[{"taxonomy":"product_brand","embeddable":true,"href":"https:\/\/stoic-curie.212-227-153-4.plesk.page\/hr\/wp-json\/wp\/v2\/product_brand?post=745830"},{"taxonomy":"product_cat","embeddable":true,"href":"https:\/\/stoic-curie.212-227-153-4.plesk.page\/hr\/wp-json\/wp\/v2\/product_cat?post=745830"},{"taxonomy":"product_tag","embeddable":true,"href":"https:\/\/stoic-curie.212-227-153-4.plesk.page\/hr\/wp-json\/wp\/v2\/product_tag?post=745830"}],"curies":[{"name":"wp","href":"https:\/\/api.w.org\/{rel}","templated":true}]}}