{"id":827663,"date":"2025-03-24T19:34:10","date_gmt":"2025-03-24T18:34:10","guid":{"rendered":"https:\/\/stoic-curie.212-227-153-4.plesk.page\/producto\/capstan-quick-thg-1000w-12v\/"},"modified":"2026-02-25T00:01:07","modified_gmt":"2026-02-25T00:01:07","slug":"capstan-quick-thg-1000w-12v","status":"publish","type":"product","link":"https:\/\/stoic-curie.212-227-153-4.plesk.page\/hr\/product\/capstan-quick-thg-1000w-12v\/","title":{"rendered":"Capstan Quick THG 1000W 12v"},"content":{"rendered":"<p>Capstan Quick THG 1000W 12v &#8211; <\/p>\n<p>Predstavljamo Capstan Quick THG 1000W 12V, izvrsno rje\u0161enje za jednostavno podizanje tendera ili drugih tereta bez gnjava\u017ee s konopcima. Ovaj capstan posjeduje \u010dvrstu anodiziranu aluminijsku bazu i valjak, osiguravaju\u0107i i trajnost i pouzdanost. Ima IP67 vodootporni motor, dostupan u modelima od 1000W i 1500W, dok je 500W model opremljen motorom s IP66 vodootporno\u0161\u0107u. Osim toga, ure\u0111aj dolazi s kompletnom kontrolnom kutijom i polimernim poklopcem za dodatnu za\u0161titu.<\/p>\n<p><strong>Klju\u010dne zna\u010dajke:<\/strong><\/p>\n<ul>\n<li>Valjak za remen dizajniran za u\u010dinkovito podizanje tereta<\/li>\n<li>Anodizirana aluminijska baza i bubanj za pove\u0107anu izdr\u017eljivost<\/li>\n<li>IP67 vodootporni motor za modele od 1000W i 1500W; IP66 za model od 500W<\/li>\n<li>Anodizirani aluminijski mjenja\u010d za pouzdane performanse<\/li>\n<li>Dolazi s standardnim plasti\u010dnim poklopcem za dodatnu za\u0161titu<\/li>\n<\/ul>\n<p>Napominjemo da se remen, dostupan u veli\u010dinama od 48 mm x 7,5 m ili 48 mm x 10 m, mora naru\u010diti posebno. Verzija ISO8846 koja nudi za\u0161titu od paljenja dostupna je na zahtjev.<\/p>\n<p><strong>Tehni\u010dki podaci:<\/strong><\/p>\n<table>\n<thead>\n<tr>\n<th>Model<\/th>\n<th>THG500<\/th>\n<th>THG500<\/th>\n<th>THG1000<\/th>\n<th>THG1000<\/th>\n<th>THG1500<\/th>\n<th>THG1500<\/th>\n<\/tr>\n<\/thead>\n<tbody>\n<tr>\n<td>Referenca<\/td>\n<td>QT554<\/td>\n<td>QT554<\/td>\n<td>QT154<\/td>\n<td>QT154<\/td>\n<td>QT154<\/td>\n<td>QT154<\/td>\n<\/tr>\n<tr>\n<td>Motorna snaga<\/td>\n<td>500 W<\/td>\n<td>500 W<\/td>\n<td>1000 W<\/td>\n<td>1000 W<\/td>\n<td>1500 W<\/td>\n<td>1500 W<\/td>\n<\/tr>\n<tr>\n<td>Napon<\/td>\n<td>12 V<\/td>\n<td>24 V<\/td>\n<td>12 V<\/td>\n<td>24 V<\/td>\n<td>12 V<\/td>\n<td>24 V<\/td>\n<\/tr>\n<tr>\n<td>Maks. vu\u010dna snaga<\/td>\n<td>1200 kg<\/td>\n<td>1200 kg<\/td>\n<td>1700 kg<\/td>\n<td>1700 kg<\/td>\n<td>2000 kg<\/td>\n<td>2000 kg<\/td>\n<\/tr>\n<tr>\n<td>Maks. radna optere\u0107enja<\/td>\n<td>600 kg<\/td>\n<td>600 kg<\/td>\n<td>750 kg<\/td>\n<td>750 kg<\/td>\n<td>1000 kg<\/td>\n<td>1200 kg<\/td>\n<\/tr>\n<tr>\n<td>Radno optere\u0107enje<\/td>\n<td>200 kg<\/td>\n<td>200 kg<\/td>\n<td>300 kg<\/td>\n<td>350 kg<\/td>\n<td>400 kg<\/td>\n<td>500 kg<\/td>\n<\/tr>\n<tr>\n<td>Potro\u0161nja struje @ radno optere\u0107enje<\/td>\n<td>85 A<\/td>\n<td>50 A<\/td>\n<td>70 A<\/td>\n<td>40 A<\/td>\n<td>108 A<\/td>\n<td>66 A<\/td>\n<\/tr>\n<tr>\n<td>Maks. brzina @ radno optere\u0107enje<\/td>\n<td>5,5 m\/min<\/td>\n<td>5,8 m\/min<\/td>\n<td>4,2 m\/min<\/td>\n<td>4,8 m\/min<\/td>\n<td>5,5 m\/min<\/td>\n<td>6,8 m\/min<\/td>\n<\/tr>\n<tr>\n<td>Te\u017eina<\/td>\n<td>14 kg<\/td>\n<td>14 kg<\/td>\n<td>18,9 kg<\/td>\n<td>18,9 kg<\/td>\n<td>18,9 kg<\/td>\n<td>18,9 kg<\/td>\n<\/tr>\n<\/tbody>\n<\/table>\n<p>Ovaj detaljan pregled Quick THG Capstana pru\u017ea vam sve potrebne informacije za dono\u0161enje informirane odluke. Ako imate dodatnih pitanja ili trebate pomo\u0107, slobodno nas kontaktirajte.<\/p>\n","protected":false},"excerpt":{"rendered":"<p>Capstan Quick THG 1000W 12v &#8211; Predstavljamo Capstan Quick THG 1000W 12V, izvrsno rje\u0161enje za jednostavno podizanje tendera ili drugih<\/p>\n","protected":false},"featured_media":5945063,"comment_status":"open","ping_status":"closed","template":"","meta":[],"product_brand":[3281],"product_cat":[1834],"product_tag":[],"class_list":{"0":"post-827663","1":"product","2":"type-product","3":"status-publish","4":"has-post-thumbnail","6":"product_brand-quick-hr","7":"product_cat-vitla-za-prikolice-za-brodove","9":"first","10":"outofstock","11":"shipping-taxable","12":"purchasable","13":"product-type-simple"},"_links":{"self":[{"href":"https:\/\/stoic-curie.212-227-153-4.plesk.page\/hr\/wp-json\/wp\/v2\/product\/827663","targetHints":{"allow":["GET"]}}],"collection":[{"href":"https:\/\/stoic-curie.212-227-153-4.plesk.page\/hr\/wp-json\/wp\/v2\/product"}],"about":[{"href":"https:\/\/stoic-curie.212-227-153-4.plesk.page\/hr\/wp-json\/wp\/v2\/types\/product"}],"replies":[{"embeddable":true,"href":"https:\/\/stoic-curie.212-227-153-4.plesk.page\/hr\/wp-json\/wp\/v2\/comments?post=827663"}],"version-history":[{"count":0,"href":"https:\/\/stoic-curie.212-227-153-4.plesk.page\/hr\/wp-json\/wp\/v2\/product\/827663\/revisions"}],"wp:featuredmedia":[{"embeddable":true,"href":"https:\/\/stoic-curie.212-227-153-4.plesk.page\/hr\/wp-json\/wp\/v2\/media\/5945063"}],"wp:attachment":[{"href":"https:\/\/stoic-curie.212-227-153-4.plesk.page\/hr\/wp-json\/wp\/v2\/media?parent=827663"}],"wp:term":[{"taxonomy":"product_brand","embeddable":true,"href":"https:\/\/stoic-curie.212-227-153-4.plesk.page\/hr\/wp-json\/wp\/v2\/product_brand?post=827663"},{"taxonomy":"product_cat","embeddable":true,"href":"https:\/\/stoic-curie.212-227-153-4.plesk.page\/hr\/wp-json\/wp\/v2\/product_cat?post=827663"},{"taxonomy":"product_tag","embeddable":true,"href":"https:\/\/stoic-curie.212-227-153-4.plesk.page\/hr\/wp-json\/wp\/v2\/product_tag?post=827663"}],"curies":[{"name":"wp","href":"https:\/\/api.w.org\/{rel}","templated":true}]}}