{"id":827665,"date":"2025-03-24T19:34:12","date_gmt":"2025-03-24T18:34:12","guid":{"rendered":"https:\/\/stoic-curie.212-227-153-4.plesk.page\/producto\/eurovinil-stowable-plus-290-camac-na-napuhavanje\/"},"modified":"2026-02-25T00:01:10","modified_gmt":"2026-02-25T00:01:10","slug":"eurovinil-stowable-plus-290-camac-na-napuhavanje","status":"publish","type":"product","link":"https:\/\/stoic-curie.212-227-153-4.plesk.page\/hr\/product\/eurovinil-stowable-plus-290-camac-na-napuhavanje\/","title":{"rendered":"Eurovinil Stowable Plus 290 camac na napuhavanje"},"content":{"rendered":"<p>Eurovinil Stowable Plus 290 camac na napuhavanje &#8211; <\/p>\n<p style=\"color: rgb(34, 34, 34); font-family: Arial, Helvetica, sans-serif; font-size: small;\">Eurovinil Stowable Plus 290 je kompaktni tender izra\u0111en od visokotla\u010dnog 1100D PVC-a, koji se odlikuje \u010dvrstim anodiziranim aluminijskim dnom koje se mo\u017ee lako ukloniti. Ovaj plovak je projektiran s pneumatskim kilerom i za\u0161titnim fenderom, u\u010dinkovito spajaju\u0107i stabilnost i otpornost polu-rigidnog tendera s prakti\u010dno\u0161\u0107u laganog modela koji se mo\u017ee rastaviti. Eurovinil nudi izbor veli\u010dina kako bi udovoljio razli\u010ditim prostorima na brodu.<\/p>\n<p style=\"color: rgb(34, 34, 34); font-family: Arial, Helvetica, sans-serif; font-size: small;\">Robustan i stabilan okvir broda, izra\u0111en od laganog anodiziranog aluminija, lako se rastavlja. Ovaj dizajn posti\u017ee optimalnu ravnote\u017eu izme\u0111u te\u017eine i \u010dvrsto\u0107e, pru\u017eaju\u0107i iskustvo polu-rigidnog \u010damca bez dodatne te\u017eine. Pneumatski kiler i fender otporan na prskanje jam\u010de glatku vo\u017enju, u\u010dinkovito sprje\u010davaju\u0107i ulazak vode u cijevne strukture, \u010dak i kada je potpuno optere\u0107en.<\/p>\n<p style=\"color: rgb(34, 34, 34); font-family: Arial, Helvetica, sans-serif; font-size: small;\">Standardna klizna klupa omogu\u0107ava korisnicima da prilagode svoju poziciju sjedenja za maksimalnu udobnost, olak\u0161avaju\u0107i pristup \u010damcu bez obzira na uvjete ili optere\u0107enje na brodu.<\/p>\n<p style=\"color: rgb(34, 34, 34); font-family: Arial, Helvetica, sans-serif; font-size: small;\">Ovaj napuhani \u010damac osigurava brzo i sigurno klizanje u svim morskim uvjetima, zahvaljuju\u0107i visokootpornom EV Marine Compound materijalu koji jam\u010di prakti\u010dnost i izvanrednu izvedbu.<\/p>\n<p style=\"color: rgb(34, 34, 34); font-family: Arial, Helvetica, sans-serif; font-size: small;\"><strong>Tehni\u010dke specifikacije:<\/strong><\/p>\n<ul style=\"color: rgb(34, 34, 34); font-family: Arial, Helvetica, sans-serif; font-size: small;\">\n<li><strong>Veli\u010dine tender linije:<\/strong>\u00a0230, 270, 290, 320, 360<\/li>\n<li><strong>Ukupna duljina (cm):<\/strong>\u00a0230, 270, 290, 320, 360<\/li>\n<li><strong>Ukupna \u0161irina (cm):<\/strong>\u00a0137, 153, 155, 155, 168<\/li>\n<li><strong>Unutarnja du\u017eina (cm):<\/strong>\u00a0149, 177, 189, 214, 244<\/li>\n<li><strong>Unutarnja \u0161irina (cm):<\/strong>\u00a061, 69, 71, 71, 78<\/li>\n<li><strong>Visina pramca (cm):<\/strong>\u00a057, 64, 68, 68, 76<\/li>\n<li><strong>Visina stra\u017enjeg dijela (cm):<\/strong>\u00a038, 42, 42, 42, 45<\/li>\n<li><strong>Prosje\u010dni promjer cijevnih struktura (cm):<\/strong>\u00a038, 42, 42, 42, 45<\/li>\n<li><strong>Kapacitet (broj osoba):<\/strong>\u00a02, 3+, 4, 4+, 5+<\/li>\n<li><strong>Broj zra\u010dnih komora:<\/strong>\u00a04, 4, 4, 4, 4<\/li>\n<li><strong>Te\u017eina (kg):<\/strong>\u00a038, 41.5, 44, 49, 60.5<\/li>\n<li><strong>Maksimalna snaga (HP):<\/strong>\u00a04, 10, 15, 20<\/li>\n<li><strong>Duljina osi:<\/strong>\u00a0Kratka<\/li>\n<li><strong>Dimenzije kada su smotane (cm):<\/strong>\u00a0100 x 49 x 30, 120 x 64 x 36, 120 x 64 x 36, 120 x 66 x 41, 120 x 66 x 41<\/li>\n<li><strong>Kategorija dizajna:<\/strong>\u00a0D, D, C, C, C<\/li>\n<\/ul>\n<p style=\"color: rgb(34, 34, 34); font-family: Arial, Helvetica, sans-serif; font-size: small;\">Eurovinil Stowable Plus 290 napuhani \u010damac predstavlja izvanrednu opciju za vlasnike \u010damaca u potrazi za pouzdano\u0161\u0107u, kvalitetom i performansama svoje morsko opreme.<\/p>\n","protected":false},"excerpt":{"rendered":"<p>Eurovinil Stowable Plus 290 camac na napuhavanje &#8211; Eurovinil Stowable Plus 290 je kompaktni tender izra\u0111en od visokotla\u010dnog 1100D PVC-a,<\/p>\n","protected":false},"featured_media":5945634,"comment_status":"open","ping_status":"closed","template":"","meta":[],"product_brand":[2926],"product_cat":[1833],"product_tag":[],"class_list":{"0":"post-827665","1":"product","2":"type-product","3":"status-publish","4":"has-post-thumbnail","6":"product_brand-eurovinil-hr","7":"product_cat-pomocni-camci","9":"first","10":"instock","11":"shipping-taxable","12":"purchasable","13":"product-type-simple"},"_links":{"self":[{"href":"https:\/\/stoic-curie.212-227-153-4.plesk.page\/hr\/wp-json\/wp\/v2\/product\/827665","targetHints":{"allow":["GET"]}}],"collection":[{"href":"https:\/\/stoic-curie.212-227-153-4.plesk.page\/hr\/wp-json\/wp\/v2\/product"}],"about":[{"href":"https:\/\/stoic-curie.212-227-153-4.plesk.page\/hr\/wp-json\/wp\/v2\/types\/product"}],"replies":[{"embeddable":true,"href":"https:\/\/stoic-curie.212-227-153-4.plesk.page\/hr\/wp-json\/wp\/v2\/comments?post=827665"}],"version-history":[{"count":0,"href":"https:\/\/stoic-curie.212-227-153-4.plesk.page\/hr\/wp-json\/wp\/v2\/product\/827665\/revisions"}],"wp:featuredmedia":[{"embeddable":true,"href":"https:\/\/stoic-curie.212-227-153-4.plesk.page\/hr\/wp-json\/wp\/v2\/media\/5945634"}],"wp:attachment":[{"href":"https:\/\/stoic-curie.212-227-153-4.plesk.page\/hr\/wp-json\/wp\/v2\/media?parent=827665"}],"wp:term":[{"taxonomy":"product_brand","embeddable":true,"href":"https:\/\/stoic-curie.212-227-153-4.plesk.page\/hr\/wp-json\/wp\/v2\/product_brand?post=827665"},{"taxonomy":"product_cat","embeddable":true,"href":"https:\/\/stoic-curie.212-227-153-4.plesk.page\/hr\/wp-json\/wp\/v2\/product_cat?post=827665"},{"taxonomy":"product_tag","embeddable":true,"href":"https:\/\/stoic-curie.212-227-153-4.plesk.page\/hr\/wp-json\/wp\/v2\/product_tag?post=827665"}],"curies":[{"name":"wp","href":"https:\/\/api.w.org\/{rel}","templated":true}]}}