{"id":827666,"date":"2025-03-24T19:34:12","date_gmt":"2025-03-24T18:34:12","guid":{"rendered":"https:\/\/stoic-curie.212-227-153-4.plesk.page\/producto\/eurovinil-stowable-plus-320-cm-camac-na-napuhavanje\/"},"modified":"2026-02-25T00:01:10","modified_gmt":"2026-02-25T00:01:10","slug":"eurovinil-stowable-plus-320-cm-camac-na-napuhavanje","status":"publish","type":"product","link":"https:\/\/stoic-curie.212-227-153-4.plesk.page\/hr\/product\/eurovinil-stowable-plus-320-cm-camac-na-napuhavanje\/","title":{"rendered":"Eurovinil Stowable Plus 320 cm camac na napuhavanje"},"content":{"rendered":"<p>Eurovinil Stowable Plus 320 cm camac na napuhavanje &#8211; <\/p>\n<p style=\"color: rgb(34, 34, 34); font-family: Arial, Helvetica, sans-serif; font-size: small;\">Predstavljamo Eurovinil Stowable Plus napuhani \u010damac, du\u017eine 320 cm. Ova kompaktna tenderska brodica izra\u0111ena je od visokotla\u010dnog 1100D PVC platna i ima robustnu anodiziranu aluminijsku podlogu koju je lako ukloniti. Dizajniran s pneumatskim kobilicom i za\u0161titom od prskanja, ovaj \u010damac kombinira stabilnost i \u010dvrsto\u0107u polu-krutih tenderskih brodova s laganom prakti\u010dno\u0161\u0107u demontabilnog modela. Eurovinil nudi raznoliku paletu veli\u010dina kako bi zadovoljio razli\u010dite potrebe prostora na brodu.<\/p>\n<p style=\"color: rgb(34, 34, 34); font-family: Arial, Helvetica, sans-serif; font-size: small;\">Izdr\u017eljiva i stabilna teretna konstrukcija broda, izra\u0111ena od laganog anodiziranog aluminija, mo\u017ee se bez napora rastaviti. Ovaj dizajn jam\u010di savr\u0161enu ravnote\u017eu lako\u0107e i \u010dvrsto\u0107e, pru\u017eaju\u0107i iskustvo polu-krutog \u010damca bez povezane te\u017eine. Pneumatska kobilica i za\u0161titni dio protiv prskanja olak\u0161avaju glatko klizanje, u\u010dinkovito sprje\u010davaju\u0107i ulazak vode u cijevne strukture, \u010dak i kada je potpuno optere\u0107en.<\/p>\n<p style=\"color: rgb(34, 34, 34); font-family: Arial, Helvetica, sans-serif; font-size: small;\">Standardna klizna klupa omogu\u0107ava korisnicima pode\u0161avanje svog sjedi\u0161ta za optimalnu udobnost, olak\u0161avaju\u0107i ulazak u klizanje u svakoj situaciji i s bilo kojom optere\u0107enjem na brodu.<\/p>\n<p style=\"color: rgb(34, 34, 34); font-family: Arial, Helvetica, sans-serif; font-size: small;\">Ovaj napuhani \u010damac jam\u010di brzo i sigurno klizanje u svim morskim uvjetima, zahvaljuju\u0107i visokootpornoj EV Marine Compound tjestenini koja osigurava prakti\u010dnost i izvanredne performanse.<\/p>\n<p style=\"color: rgb(34, 34, 34); font-family: Arial, Helvetica, sans-serif; font-size: small;\"><strong>Tehni\u010dke specifikacije:<\/strong><\/p>\n<ul style=\"color: rgb(34, 34, 34); font-family: Arial, Helvetica, sans-serif; font-size: small;\">\n<li><strong>Veli\u010dine tenderskih brodova:<\/strong>&nbsp;230, 270, 290, 320, 360<\/li>\n<li><strong>Ukupna duljina (cm):<\/strong>&nbsp;230, 270, 290, 320, 360<\/li>\n<li><strong>Ukupna \u0161irina (cm):<\/strong>&nbsp;137, 153, 155, 155, 168<\/li>\n<li><strong>Unutarnja duljina (cm):<\/strong>&nbsp;149, 177, 189, 214, 244<\/li>\n<li><strong>Unutarnja \u0161irina (cm):<\/strong>&nbsp;61, 69, 71, 71, 78<\/li>\n<li><strong>Visina pramca (cm):<\/strong>&nbsp;57, 64, 68, 68, 76<\/li>\n<li><strong>Visina transoma (cm):<\/strong>&nbsp;38, 42, 42, 42, 45<\/li>\n<li><strong>Prosje\u010dni promjer cijevnih struktura (cm):<\/strong>&nbsp;38, 42, 42, 42, 45<\/li>\n<li><strong>Kapacitet (broj osoba):<\/strong>&nbsp;2, 3+, 4, 4+, 5+<\/li>\n<li><strong>Broj zra\u010dnih komora:<\/strong>&nbsp;4, 4, 4, 4, 4<\/li>\n<li><strong>Te\u017eina (kg):<\/strong>&nbsp;38, 41.5, 44, 49, 60.5<\/li>\n<li><strong>Maksimalna snaga (HP):<\/strong>&nbsp;4, 10, 15, 20<\/li>\n<li><strong>Duljina osovine:<\/strong>&nbsp;Kratka<\/li>\n<li><strong>Dimenzije kada je smotan (cm):<\/strong>&nbsp;100 x 49 x 30, 120 x 64 x 36, 120 x 64 x 36, 120 x 66 x 41, 120 x 66 x 41<\/li>\n<li><strong>Kategorija dizajna:<\/strong>&nbsp;D, D, C, C, C<\/li>\n<\/ul>\n<p style=\"color: rgb(34, 34, 34); font-family: Arial, Helvetica, sans-serif; font-size: small;\">Ovaj napuhani \u010damac je izvrstan izbor za vlasnike \u010damaca koji tra\u017ee pouzdanost, kvalitetu i performanse u svom morskom opremi.<\/p>\n","protected":false},"excerpt":{"rendered":"<p>Eurovinil Stowable Plus 320 cm camac na napuhavanje &#8211; Predstavljamo Eurovinil Stowable Plus napuhani \u010damac, du\u017eine 320 cm. Ova kompaktna<\/p>\n","protected":false},"featured_media":5945634,"comment_status":"open","ping_status":"closed","template":"","meta":[],"product_brand":[2926],"product_cat":[1833],"product_tag":[],"class_list":{"0":"post-827666","1":"product","2":"type-product","3":"status-publish","4":"has-post-thumbnail","6":"product_brand-eurovinil-hr","7":"product_cat-pomocni-camci","9":"first","10":"instock","11":"shipping-taxable","12":"purchasable","13":"product-type-simple"},"_links":{"self":[{"href":"https:\/\/stoic-curie.212-227-153-4.plesk.page\/hr\/wp-json\/wp\/v2\/product\/827666","targetHints":{"allow":["GET"]}}],"collection":[{"href":"https:\/\/stoic-curie.212-227-153-4.plesk.page\/hr\/wp-json\/wp\/v2\/product"}],"about":[{"href":"https:\/\/stoic-curie.212-227-153-4.plesk.page\/hr\/wp-json\/wp\/v2\/types\/product"}],"replies":[{"embeddable":true,"href":"https:\/\/stoic-curie.212-227-153-4.plesk.page\/hr\/wp-json\/wp\/v2\/comments?post=827666"}],"version-history":[{"count":0,"href":"https:\/\/stoic-curie.212-227-153-4.plesk.page\/hr\/wp-json\/wp\/v2\/product\/827666\/revisions"}],"wp:featuredmedia":[{"embeddable":true,"href":"https:\/\/stoic-curie.212-227-153-4.plesk.page\/hr\/wp-json\/wp\/v2\/media\/5945634"}],"wp:attachment":[{"href":"https:\/\/stoic-curie.212-227-153-4.plesk.page\/hr\/wp-json\/wp\/v2\/media?parent=827666"}],"wp:term":[{"taxonomy":"product_brand","embeddable":true,"href":"https:\/\/stoic-curie.212-227-153-4.plesk.page\/hr\/wp-json\/wp\/v2\/product_brand?post=827666"},{"taxonomy":"product_cat","embeddable":true,"href":"https:\/\/stoic-curie.212-227-153-4.plesk.page\/hr\/wp-json\/wp\/v2\/product_cat?post=827666"},{"taxonomy":"product_tag","embeddable":true,"href":"https:\/\/stoic-curie.212-227-153-4.plesk.page\/hr\/wp-json\/wp\/v2\/product_tag?post=827666"}],"curies":[{"name":"wp","href":"https:\/\/api.w.org\/{rel}","templated":true}]}}