{"id":827673,"date":"2025-03-24T19:34:19","date_gmt":"2025-03-24T18:34:19","guid":{"rendered":"https:\/\/stoic-curie.212-227-153-4.plesk.page\/producto\/kaljuzna-pumpa-cmg-sbx6-220v\/"},"modified":"2026-02-25T00:01:26","modified_gmt":"2026-02-25T00:01:26","slug":"kaljuzna-pumpa-cmg-sbx6-220v","status":"publish","type":"product","link":"https:\/\/stoic-curie.212-227-153-4.plesk.page\/hr\/product\/kaljuzna-pumpa-cmg-sbx6-220v\/","title":{"rendered":"Kalju\u017ena pumpa CMG SBX6-220V"},"content":{"rendered":"<p>Kalju\u017ena pumpa CMG SBX6-220V &#8211; <\/p>\n<p>CMG SBX6-220V pumpa za otpadnu vodu je izvanredna samousisna pumpa s jednim vijakom koja je pomno projektirana da osigura visoke protoke, \u0161to je \u010dini idealnom za razne pomorske primjene. Njena konstrukcija koristi robusnu kombinaciju bronce i AISI 316 nehr\u0111aju\u0107eg \u010delika, osiguravaju\u0107i izdr\u017eljivost i otpornost na te\u0161ke uvjete u moru. Ova pumpa je posebno sposobna rukovati nizom izazovnih teku\u0107ina, uklju\u010duju\u0107i viskozne tvari, otpadne vode i vodu iz sumpora, \u010dak i kada su ti fluidi zaga\u0111eni malim \u010dvrstim \u010desticama. <\/p>\n<p>Kako bi se maksimizirala operativna dugovje\u010dnost pumpe, toplo se preporu\u010duje ugradnja filtra, koji \u0107e pomo\u0107i u sprje\u010davanju ulaska sme\u0107a u sustav i uzrokovanju potencijalne \u0161tete. Pumpa je opremljena mehani\u010dkim brtvilom otpornih na koroziju, \u0161to dodatno pobolj\u0161ava njenu pouzdanost i izvedbu. Djeluje u\u010dinkovito na napajanju od 220V jednofazne struje, \u0161to je \u010dini pogodnom za razne postavke. Osim toga, posjeduje maksimalnu dubinu usisavanja od 6 metara, \u0161to omogu\u0107ava u\u010dinkovito odvodnjavanje i upravljanje teku\u0107inama u raznim scenarijima plovidbe. Ova kombinacija zna\u010dajki \u010dini CMG SBX6-220V dragocjenim dodatkom za svakog vlasnika plovila.<\/p>\n","protected":false},"excerpt":{"rendered":"<p>Kalju\u017ena pumpa CMG SBX6-220V &#8211; CMG SBX6-220V pumpa za otpadnu vodu je izvanredna samousisna pumpa s jednim vijakom koja je<\/p>\n","protected":false},"featured_media":5949144,"comment_status":"open","ping_status":"closed","template":"","meta":[],"product_brand":[2976],"product_cat":[1659],"product_tag":[],"class_list":{"0":"post-827673","1":"product","2":"type-product","3":"status-publish","4":"has-post-thumbnail","6":"product_brand-gianneschi-hr","7":"product_cat-elektricne-kaljuzne-pumpe","9":"first","10":"outofstock","11":"shipping-taxable","12":"purchasable","13":"product-type-simple"},"_links":{"self":[{"href":"https:\/\/stoic-curie.212-227-153-4.plesk.page\/hr\/wp-json\/wp\/v2\/product\/827673","targetHints":{"allow":["GET"]}}],"collection":[{"href":"https:\/\/stoic-curie.212-227-153-4.plesk.page\/hr\/wp-json\/wp\/v2\/product"}],"about":[{"href":"https:\/\/stoic-curie.212-227-153-4.plesk.page\/hr\/wp-json\/wp\/v2\/types\/product"}],"replies":[{"embeddable":true,"href":"https:\/\/stoic-curie.212-227-153-4.plesk.page\/hr\/wp-json\/wp\/v2\/comments?post=827673"}],"version-history":[{"count":0,"href":"https:\/\/stoic-curie.212-227-153-4.plesk.page\/hr\/wp-json\/wp\/v2\/product\/827673\/revisions"}],"wp:featuredmedia":[{"embeddable":true,"href":"https:\/\/stoic-curie.212-227-153-4.plesk.page\/hr\/wp-json\/wp\/v2\/media\/5949144"}],"wp:attachment":[{"href":"https:\/\/stoic-curie.212-227-153-4.plesk.page\/hr\/wp-json\/wp\/v2\/media?parent=827673"}],"wp:term":[{"taxonomy":"product_brand","embeddable":true,"href":"https:\/\/stoic-curie.212-227-153-4.plesk.page\/hr\/wp-json\/wp\/v2\/product_brand?post=827673"},{"taxonomy":"product_cat","embeddable":true,"href":"https:\/\/stoic-curie.212-227-153-4.plesk.page\/hr\/wp-json\/wp\/v2\/product_cat?post=827673"},{"taxonomy":"product_tag","embeddable":true,"href":"https:\/\/stoic-curie.212-227-153-4.plesk.page\/hr\/wp-json\/wp\/v2\/product_tag?post=827673"}],"curies":[{"name":"wp","href":"https:\/\/api.w.org\/{rel}","templated":true}]}}