{"id":827674,"date":"2025-03-24T19:34:20","date_gmt":"2025-03-24T18:34:20","guid":{"rendered":"https:\/\/stoic-curie.212-227-153-4.plesk.page\/producto\/splav-za-spasavanje-eurovinil-kontejner-za-12-osoba-iso-9650\/"},"modified":"2026-02-25T00:01:26","modified_gmt":"2026-02-25T00:01:26","slug":"splav-za-spasavanje-eurovinil-kontejner-za-12-osoba-iso-9650","status":"publish","type":"product","link":"https:\/\/stoic-curie.212-227-153-4.plesk.page\/hr\/product\/splav-za-spasavanje-eurovinil-kontejner-za-12-osoba-iso-9650\/","title":{"rendered":"Splav za spa\u0161avanje Eurovinil kontejner za 12 osoba ISO 9650"},"content":{"rendered":"<p>Splav za spa\u0161avanje Eurovinil kontejner za 12 osoba ISO 9650 &#8211; <\/p>\n<p>Liferaft Eurovinil Syntesy, dizajniran za 12 osoba i u skladu sa ISO 9650 standardima, osigurava sigurnost preko 24 sata tijekom plovidbe na otvorenom moru izvan 12 morskih milja. Cijenjen kao vode\u0107i spasila\u010dki liferaft me\u0111u svim europskim ISO-certificiranim alternativama, Syntesy 9650 izdvaja se kao izvrsna opcija za oceanske putovanja, udobno smje\u0161taju\u0107i do 12 osoba. Ima bitne zna\u010dajke, uklju\u010duju\u0107i unutarnje i vanjske ljestve za jednostavan pristup, dizajn s dvostrukim dnom koji pobolj\u0161ava stabilnost i toplinske za\u0161titne vre\u0107e koje dr\u017ee putnike na toplome.<\/p>\n<p>Osim toga, ovaj liferaft dolazi s opse\u017enim kompletnim paketom za pre\u017eivljavanje koji uklju\u010duje prehrambene porcije i kutiju prve pomo\u0107i. Tako\u0111er uklju\u010duje unutarnje i vanjske svjetlosti za pobolj\u0161anje vidljivosti, uz sigurnosne elemente kao \u0161to su retro-reflektiraju\u0107i materijali na plahtu \u0161atora i signal za pomo\u0107.<\/p>\n<p><strong>Specifikacije:<\/strong><\/p>\n<ul>\n<li><strong>Kapacitet:<\/strong> Kontejner za 12 osoba (2901162)<\/li>\n<li><strong>Certifikacija:<\/strong> ISO 9650:2005<\/li>\n<li><strong>Dimenzije:<\/strong> 87 x 54 x 34 cm<\/li>\n<li><strong>Te\u017eina:<\/strong> 82 kg<\/li>\n<li><strong>Konfiguracija ljestava:<\/strong> Ima unutarnje i vanjske ljestve za lak\u0161i pristup<\/li>\n<li><strong>Stabilna konstrukcija:<\/strong> Projektiran s dvostrukom puhaljkom i balastnim d\u017eepovima za pobolj\u0161anu stabilnost<\/li>\n<li><strong>Toplinska za\u0161tita:<\/strong> Pru\u017ea se s toplinskim za\u0161titnim vre\u0107ama za zadr\u017eavanje topline u hladnim uvjetima<\/li>\n<li><strong>Paket za pre\u017eivljavanje:<\/strong> Sadr\u017ei prehrambene porcije, pribor za ribolov, pitku vodu i kutiju prve pomo\u0107i<\/li>\n<li><strong>Osvjetljenje:<\/strong> Opremljen unutarnjim i vanjskim svjetlima za pobolj\u0161anje vidljivosti<\/li>\n<li><strong>Sigurnosne zna\u010dajke:<\/strong> Koristi retro-reflektiraju\u0107i materijal na plahti \u0161atora i uklju\u010duje signal za pomo\u0107<\/li>\n<\/ul>\n<p>Ovaj liferaft pa\u017eljivo je izra\u0111en kako bi osigurao mir uma i sigurnost onih koji plove otvorenim morem.<\/p>\n","protected":false},"excerpt":{"rendered":"<p>Splav za spa\u0161avanje Eurovinil kontejner za 12 osoba ISO 9650 &#8211; Liferaft Eurovinil Syntesy, dizajniran za 12 osoba i u<\/p>\n","protected":false},"featured_media":5949149,"comment_status":"open","ping_status":"closed","template":"","meta":[],"product_brand":[2926],"product_cat":[1607],"product_tag":[],"class_list":{"0":"post-827674","1":"product","2":"type-product","3":"status-publish","4":"has-post-thumbnail","6":"product_brand-eurovinil-hr","7":"product_cat-splavi-za-spasavanje","9":"first","10":"outofstock","11":"shipping-taxable","12":"purchasable","13":"product-type-simple"},"_links":{"self":[{"href":"https:\/\/stoic-curie.212-227-153-4.plesk.page\/hr\/wp-json\/wp\/v2\/product\/827674","targetHints":{"allow":["GET"]}}],"collection":[{"href":"https:\/\/stoic-curie.212-227-153-4.plesk.page\/hr\/wp-json\/wp\/v2\/product"}],"about":[{"href":"https:\/\/stoic-curie.212-227-153-4.plesk.page\/hr\/wp-json\/wp\/v2\/types\/product"}],"replies":[{"embeddable":true,"href":"https:\/\/stoic-curie.212-227-153-4.plesk.page\/hr\/wp-json\/wp\/v2\/comments?post=827674"}],"version-history":[{"count":0,"href":"https:\/\/stoic-curie.212-227-153-4.plesk.page\/hr\/wp-json\/wp\/v2\/product\/827674\/revisions"}],"wp:featuredmedia":[{"embeddable":true,"href":"https:\/\/stoic-curie.212-227-153-4.plesk.page\/hr\/wp-json\/wp\/v2\/media\/5949149"}],"wp:attachment":[{"href":"https:\/\/stoic-curie.212-227-153-4.plesk.page\/hr\/wp-json\/wp\/v2\/media?parent=827674"}],"wp:term":[{"taxonomy":"product_brand","embeddable":true,"href":"https:\/\/stoic-curie.212-227-153-4.plesk.page\/hr\/wp-json\/wp\/v2\/product_brand?post=827674"},{"taxonomy":"product_cat","embeddable":true,"href":"https:\/\/stoic-curie.212-227-153-4.plesk.page\/hr\/wp-json\/wp\/v2\/product_cat?post=827674"},{"taxonomy":"product_tag","embeddable":true,"href":"https:\/\/stoic-curie.212-227-153-4.plesk.page\/hr\/wp-json\/wp\/v2\/product_tag?post=827674"}],"curies":[{"name":"wp","href":"https:\/\/api.w.org\/{rel}","templated":true}]}}