{"id":827675,"date":"2025-03-24T19:34:20","date_gmt":"2025-03-24T18:34:20","guid":{"rendered":"https:\/\/stoic-curie.212-227-153-4.plesk.page\/producto\/nehrdajuce-kormilo-tor-marine-p11-520-x-560-mm\/"},"modified":"2026-02-25T00:01:26","modified_gmt":"2026-02-25T00:01:26","slug":"nehrdajuce-kormilo-tor-marine-p11-520-x-560-mm","status":"publish","type":"product","link":"https:\/\/stoic-curie.212-227-153-4.plesk.page\/hr\/product\/nehrdajuce-kormilo-tor-marine-p11-520-x-560-mm\/","title":{"rendered":"Nehr\u0111aju\u0107e kormilo Tor Marine P11 520 x 260 mm"},"content":{"rendered":"<p>Nehr\u0111aju\u0107e kormilo Tor Marine P11 520 x 260 mm &#8211; <\/p>\n<p style=\"color: rgb(34, 34, 34); font-family: Arial, Helvetica, sans-serif; font-size: small;\">TOR Marine P11 Kit od nehr\u0111aju\u0107eg \u010delika za krmene o\u0161trice pa\u017eljivo je dizajniran kako bi zadovoljio potrebe plovila du\u017eine do 12 metara i dizajniran je za izvanredne performanse pri brzinama do 43 \u010dvorova. Ovaj sveobuhvatan set nije samo krmilo; uklju\u010duje visokokvalitetno nehr\u0111aju\u0107e krmilo, robusnu ru\u010dku i cijev (ku\u0107i\u0161te) s ravnom podlogom od 0\u00b0. Ove komponente rade u skladnom skladu kako bi omogu\u0107ile izvanrednu u\u010dinkovitost i dugovje\u010dnost, \u0161to ga \u010dini idealnim izborom za vlasnike plovila koji zahtijevaju pouzdanost i u\u010dinkovitost.<\/p>\n<p style=\"color: rgb(34, 34, 34); font-family: Arial, Helvetica, sans-serif; font-size: small;\">Ru\u010dka krmila je stru\u010dno izra\u0111ena od RVS 316 nehr\u0111aju\u0107eg \u010delika, materijala poznatog po svojoj otpornosti na koroziju i trajnosti, dok je sama o\u0161trica izra\u0111ena od RVS 630 nehr\u0111aju\u0107eg \u010delika. Ova kombinacija osigurava da je sustav upravljanja ne samo robusan, ve\u0107 i sposoban izdr\u017eati zahtjevne uvjete koji su obi\u010dno povezani s ve\u0107im jahtama i plovilima. Dizajn kompleta obe\u0107ava glatku i pouzdanu operaciju, \u0161to je klju\u010dno za odr\u017eavanje funkcionalnosti i u\u010dinkovitosti sustava upravljanja plovila.<\/p>\n<p style=\"color: rgb(34, 34, 34); font-family: Arial, Helvetica, sans-serif; font-size: small;\">Ulazak u TOR Marine P11 Kit od nehr\u0111aju\u0107eg \u010delika za krmene o\u0161trice zna\u010di odabrati proizvod koji je izgra\u0111en da traje, osiguravaju\u0107i da va\u0161e iskustvo plovidbe ostane ugodno i bez problema mnogo godina unaprijed. S ovim kompletom mo\u017eete navigirati s povjerenjem, znaju\u0107i da je va\u0161 sustav upravljanja opremljen za suo\u010davanje s rigoroznim uvjetima otvorenog mora.<\/p>\n","protected":false},"excerpt":{"rendered":"<p>Nehr\u0111aju\u0107e kormilo Tor Marine P11 520 x 260 mm &#8211; TOR Marine P11 Kit od nehr\u0111aju\u0107eg \u010delika za krmene o\u0161trice<\/p>\n","protected":false},"featured_media":5949152,"comment_status":"open","ping_status":"closed","template":"","meta":[],"product_brand":[2931],"product_cat":[1783],"product_tag":[],"class_list":{"0":"post-827675","1":"product","2":"type-product","3":"status-publish","4":"has-post-thumbnail","6":"product_brand-exalto-marine-hr","7":"product_cat-kormila","9":"first","10":"outofstock","11":"shipping-taxable","12":"purchasable","13":"product-type-simple"},"_links":{"self":[{"href":"https:\/\/stoic-curie.212-227-153-4.plesk.page\/hr\/wp-json\/wp\/v2\/product\/827675","targetHints":{"allow":["GET"]}}],"collection":[{"href":"https:\/\/stoic-curie.212-227-153-4.plesk.page\/hr\/wp-json\/wp\/v2\/product"}],"about":[{"href":"https:\/\/stoic-curie.212-227-153-4.plesk.page\/hr\/wp-json\/wp\/v2\/types\/product"}],"replies":[{"embeddable":true,"href":"https:\/\/stoic-curie.212-227-153-4.plesk.page\/hr\/wp-json\/wp\/v2\/comments?post=827675"}],"version-history":[{"count":0,"href":"https:\/\/stoic-curie.212-227-153-4.plesk.page\/hr\/wp-json\/wp\/v2\/product\/827675\/revisions"}],"wp:featuredmedia":[{"embeddable":true,"href":"https:\/\/stoic-curie.212-227-153-4.plesk.page\/hr\/wp-json\/wp\/v2\/media\/5949152"}],"wp:attachment":[{"href":"https:\/\/stoic-curie.212-227-153-4.plesk.page\/hr\/wp-json\/wp\/v2\/media?parent=827675"}],"wp:term":[{"taxonomy":"product_brand","embeddable":true,"href":"https:\/\/stoic-curie.212-227-153-4.plesk.page\/hr\/wp-json\/wp\/v2\/product_brand?post=827675"},{"taxonomy":"product_cat","embeddable":true,"href":"https:\/\/stoic-curie.212-227-153-4.plesk.page\/hr\/wp-json\/wp\/v2\/product_cat?post=827675"},{"taxonomy":"product_tag","embeddable":true,"href":"https:\/\/stoic-curie.212-227-153-4.plesk.page\/hr\/wp-json\/wp\/v2\/product_tag?post=827675"}],"curies":[{"name":"wp","href":"https:\/\/api.w.org\/{rel}","templated":true}]}}