{"id":827676,"date":"2025-03-24T19:34:20","date_gmt":"2025-03-24T18:34:20","guid":{"rendered":"https:\/\/stoic-curie.212-227-153-4.plesk.page\/producto\/nehrdajuce-kormilo-tor-p13-570-x-280-mm\/"},"modified":"2026-02-25T00:01:26","modified_gmt":"2026-02-25T00:01:26","slug":"nehrdajuce-kormilo-tor-p13-570-x-280-mm","status":"publish","type":"product","link":"https:\/\/stoic-curie.212-227-153-4.plesk.page\/hr\/product\/nehrdajuce-kormilo-tor-p13-570-x-280-mm\/","title":{"rendered":"Nehr\u0111aju\u0107e kormilo Tor P13 570 x 280 mm"},"content":{"rendered":"<p>Nehr\u0111aju\u0107e kormilo Tor P13 570 x 280 mm &#8211; <\/p>\n<p><strong>Kit za Kormilo od Nehr\u0111aju\u0107eg \u010celika s Kormilom i Ku\u0107i\u0161tem<\/strong><\/p>\n<p>Predstavljamo na\u0161 premium kit za kormilo od nehr\u0111aju\u0107eg \u010delika, pomno projektiran da pru\u017ei potpuno sklapanje koje uklju\u010duje i kormilo i ku\u0107i\u0161te, s ravnom osnovom od 0\u00b0. Ovaj robusni kit posebno je dizajniran za brodove du\u017eine do 15 metara i sposoban je posti\u0107i impresivne brzine do 38 \u010dvorova. O\u0161trica kormila vje\u0161to je izra\u0111ena od AISI 316 nehr\u0111aju\u0107eg \u010delika, materijala poznatog po svojoj izvrsnoj \u010dvrsto\u0107i i izvanrednoj otpornosti na koroziju, \u0161to ga \u010dini idealnim izborom za morske okoline gdje je izdr\u017eljivost od najve\u0107e va\u017enosti.<\/p>\n<p><span style=\"font-weight: bold;\">TOR Marine P13 Nehr\u0111aju\u0107i Kormilni Kit za Brodove do 15m<\/span><\/p>\n<p>TOR Marine Nehr\u0111aju\u0107i Kormilni Kit predstavlja visokou\u010dinkovitost rje\u0161enja koji je prilago\u0111en za plovila do 15 metara du\u017eine. Ovaj sveobuhvatan kit uklju\u010duje o\u0161tricu kormila izra\u0111enu od RVS 316 morskog nehr\u0111aju\u0107eg \u010delika, koji je poznat po svojoj superiornoj otpornosti na te\u0161ke uvjete koji se \u010desto nalaze na moru. Osim toga, kit sadr\u017ei izdr\u017eljivi RVS 630 nehr\u0111aju\u0107i kormilni zup\u010danik, osiguravaju\u0107i da su sve komponente dizajnirane za podno\u0161enje zahtjeva pomorske upotrebe.<\/p>\n<p>Dizajn ovog kormilskog kita jam\u010di pouzdanost i dugotrajne performanse, \u010dak i u najizazovnijim morskim uvjetima. Dostupan je u raznim konfiguracijama, \u0161to omogu\u0107ava prilagodljivost za specifi\u010dne zahtjeve razli\u010ditih plovila. Ovo osigurava da vlasnici brodova mogu u\u017eivati u glatkim, preciznim i dugotrajnim sposobnostima upravljanja godinama, pobolj\u0161avaju\u0107i njihovo ukupno iskustvo plovidbe.<\/p>\n<p>Za one koji tra\u017ee prilago\u0111enu pomo\u0107 u odabiru, toplo preporu\u010dujemo da se konzultirate sa stru\u010dnjakom koji mo\u017ee pru\u017eiti stru\u010dne savjete na temelju va\u0161ih jedinstvenih specifikacija plovila i operativnih potreba. Ovo osigurava da donesete informiranu odluku, \u0161to na kraju vodi pobolj\u0161anoj izvedbi i zadovoljstvu va\u0161om pomorskom opremom.<\/p>\n","protected":false},"excerpt":{"rendered":"<p>Nehr\u0111aju\u0107e kormilo Tor P13 570 x 280 mm &#8211; Kit za Kormilo od Nehr\u0111aju\u0107eg \u010celika s Kormilom i Ku\u0107i\u0161tem Predstavljamo<\/p>\n","protected":false},"featured_media":5949154,"comment_status":"open","ping_status":"closed","template":"","meta":[],"product_brand":[2931],"product_cat":[1783],"product_tag":[],"class_list":{"0":"post-827676","1":"product","2":"type-product","3":"status-publish","4":"has-post-thumbnail","6":"product_brand-exalto-marine-hr","7":"product_cat-kormila","9":"first","10":"outofstock","11":"shipping-taxable","12":"purchasable","13":"product-type-simple"},"_links":{"self":[{"href":"https:\/\/stoic-curie.212-227-153-4.plesk.page\/hr\/wp-json\/wp\/v2\/product\/827676","targetHints":{"allow":["GET"]}}],"collection":[{"href":"https:\/\/stoic-curie.212-227-153-4.plesk.page\/hr\/wp-json\/wp\/v2\/product"}],"about":[{"href":"https:\/\/stoic-curie.212-227-153-4.plesk.page\/hr\/wp-json\/wp\/v2\/types\/product"}],"replies":[{"embeddable":true,"href":"https:\/\/stoic-curie.212-227-153-4.plesk.page\/hr\/wp-json\/wp\/v2\/comments?post=827676"}],"version-history":[{"count":0,"href":"https:\/\/stoic-curie.212-227-153-4.plesk.page\/hr\/wp-json\/wp\/v2\/product\/827676\/revisions"}],"wp:featuredmedia":[{"embeddable":true,"href":"https:\/\/stoic-curie.212-227-153-4.plesk.page\/hr\/wp-json\/wp\/v2\/media\/5949154"}],"wp:attachment":[{"href":"https:\/\/stoic-curie.212-227-153-4.plesk.page\/hr\/wp-json\/wp\/v2\/media?parent=827676"}],"wp:term":[{"taxonomy":"product_brand","embeddable":true,"href":"https:\/\/stoic-curie.212-227-153-4.plesk.page\/hr\/wp-json\/wp\/v2\/product_brand?post=827676"},{"taxonomy":"product_cat","embeddable":true,"href":"https:\/\/stoic-curie.212-227-153-4.plesk.page\/hr\/wp-json\/wp\/v2\/product_cat?post=827676"},{"taxonomy":"product_tag","embeddable":true,"href":"https:\/\/stoic-curie.212-227-153-4.plesk.page\/hr\/wp-json\/wp\/v2\/product_tag?post=827676"}],"curies":[{"name":"wp","href":"https:\/\/api.w.org\/{rel}","templated":true}]}}