{"id":827677,"date":"2025-03-24T19:34:20","date_gmt":"2025-03-24T18:34:20","guid":{"rendered":"https:\/\/stoic-curie.212-227-153-4.plesk.page\/producto\/bronce-kormilo-tor-marine-561-x-270-mm\/"},"modified":"2026-02-25T00:01:26","modified_gmt":"2026-02-25T00:01:26","slug":"bronce-kormilo-tor-marine-561-x-270-mm","status":"publish","type":"product","link":"https:\/\/stoic-curie.212-227-153-4.plesk.page\/hr\/product\/bronce-kormilo-tor-marine-561-x-270-mm\/","title":{"rendered":"Bronce Kormilo Tor Marine 561 x 270 mm"},"content":{"rendered":"<p>Bronce Kormilo Tor Marine 561 x 270 mm &#8211; <\/p>\n<p>Predstavljamo potpuno bron\u010dano krmilo Tor Marine, dimenzija 561 x 270 mm, izra\u0111eno od visokokvalitetne Nibral bronze. Ovo krmilo dolazi potpuno opremljeno s kormilarnom palicom i kormilarskom cijevi (ku\u0107i\u0161ta) koja ima ravnu bazu pod kutom od 0\u00b0. Povoljno je za \u010damce do 12 metara du\u017eine i mo\u017ee podnijeti brzine do 25 \u010dvorova.<\/p>\n<p>Bron\u010dani set o\u0161trica krmila nudi sveobuhvatno i izdr\u017eljivo rje\u0161enje za upravljanje plovilima ove veli\u010dine. Dizajnirano za izvanredne performanse i dugovje\u010dnost, ovaj set dostupan je u razli\u010ditim modelima, od kojih svaki nudi razli\u010dite veli\u010dine i konfiguracije o\u0161trica krmila. Ova svestranost osigurava precizno upravljanje i glatku operaciju, \u010dak i u izazovnim pomorskim uvjetima.<\/p>\n<p>U setu su uklju\u010deni krmilo pera i krmilo lopta, koji su oba klju\u010dni dijelovi za pouzdano i u\u010dinkovito funkcioniranje upravlja\u010dkog sustava va\u0161e brodice.<\/p>\n","protected":false},"excerpt":{"rendered":"<p>Bronce Kormilo Tor Marine 561 x 270 mm &#8211; Predstavljamo potpuno bron\u010dano krmilo Tor Marine, dimenzija 561 x 270 mm,<\/p>\n","protected":false},"featured_media":5949156,"comment_status":"open","ping_status":"closed","template":"","meta":[],"product_brand":[2931],"product_cat":[1783],"product_tag":[],"class_list":{"0":"post-827677","1":"product","2":"type-product","3":"status-publish","4":"has-post-thumbnail","6":"product_brand-exalto-marine-hr","7":"product_cat-kormila","9":"first","10":"outofstock","11":"shipping-taxable","12":"purchasable","13":"product-type-simple"},"_links":{"self":[{"href":"https:\/\/stoic-curie.212-227-153-4.plesk.page\/hr\/wp-json\/wp\/v2\/product\/827677","targetHints":{"allow":["GET"]}}],"collection":[{"href":"https:\/\/stoic-curie.212-227-153-4.plesk.page\/hr\/wp-json\/wp\/v2\/product"}],"about":[{"href":"https:\/\/stoic-curie.212-227-153-4.plesk.page\/hr\/wp-json\/wp\/v2\/types\/product"}],"replies":[{"embeddable":true,"href":"https:\/\/stoic-curie.212-227-153-4.plesk.page\/hr\/wp-json\/wp\/v2\/comments?post=827677"}],"version-history":[{"count":0,"href":"https:\/\/stoic-curie.212-227-153-4.plesk.page\/hr\/wp-json\/wp\/v2\/product\/827677\/revisions"}],"wp:featuredmedia":[{"embeddable":true,"href":"https:\/\/stoic-curie.212-227-153-4.plesk.page\/hr\/wp-json\/wp\/v2\/media\/5949156"}],"wp:attachment":[{"href":"https:\/\/stoic-curie.212-227-153-4.plesk.page\/hr\/wp-json\/wp\/v2\/media?parent=827677"}],"wp:term":[{"taxonomy":"product_brand","embeddable":true,"href":"https:\/\/stoic-curie.212-227-153-4.plesk.page\/hr\/wp-json\/wp\/v2\/product_brand?post=827677"},{"taxonomy":"product_cat","embeddable":true,"href":"https:\/\/stoic-curie.212-227-153-4.plesk.page\/hr\/wp-json\/wp\/v2\/product_cat?post=827677"},{"taxonomy":"product_tag","embeddable":true,"href":"https:\/\/stoic-curie.212-227-153-4.plesk.page\/hr\/wp-json\/wp\/v2\/product_tag?post=827677"}],"curies":[{"name":"wp","href":"https:\/\/api.w.org\/{rel}","templated":true}]}}