{"id":1027616,"date":"2025-04-08T16:08:33","date_gmt":"2025-04-08T20:08:33","guid":{"rendered":"https:\/\/stoic-curie.212-227-153-4.plesk.page\/product\/reparatiekit-voor-jabsco-elektrisch-toilet-compact\/"},"modified":"2026-02-25T00:54:43","modified_gmt":"2026-02-25T00:54:43","slug":"reparatiekit-voor-jabsco-elektrisch-toilet-compact","status":"publish","type":"product","link":"https:\/\/stoic-curie.212-227-153-4.plesk.page\/nl\/product\/reparatiekit-voor-jabsco-elektrisch-toilet-compact\/","title":{"rendered":"Reparatiekit voor jabsco elektrisch toilet Compact"},"content":{"rendered":"<p>Reparatiekit voor jabsco elektrisch toilet Compact &#8211; <\/p>\n<p>Hoge capaciteit afvalfrees Porselein toilet Jabsco elektrische toilet. Eenvoudige bediening met \u00e9\u00e9n knop. Zelfaanzuigend tot 1,20 m. Inlaat \u00d8 19 mm \/ uitlaat \u00d8 25 mm<\/p>\n","protected":false},"excerpt":{"rendered":"<p>Reparatiekit voor jabsco elektrisch toilet Compact &#8211; Hoge capaciteit afvalfrees Porselein toilet Jabsco elektrische toilet. Eenvoudige bediening met \u00e9\u00e9n knop.<\/p>\n","protected":false},"featured_media":5938552,"comment_status":"closed","ping_status":"closed","template":"","meta":[],"product_brand":[3033],"product_cat":[2473],"product_tag":[],"class_list":{"0":"post-1027616","1":"product","2":"type-product","3":"status-publish","4":"has-post-thumbnail","6":"product_brand-jabsco-marine-nl","7":"product_cat-boot-toiletten","9":"first","10":"instock","11":"shipping-taxable","12":"purchasable","13":"product-type-simple"},"_links":{"self":[{"href":"https:\/\/stoic-curie.212-227-153-4.plesk.page\/nl\/wp-json\/wp\/v2\/product\/1027616","targetHints":{"allow":["GET"]}}],"collection":[{"href":"https:\/\/stoic-curie.212-227-153-4.plesk.page\/nl\/wp-json\/wp\/v2\/product"}],"about":[{"href":"https:\/\/stoic-curie.212-227-153-4.plesk.page\/nl\/wp-json\/wp\/v2\/types\/product"}],"replies":[{"embeddable":true,"href":"https:\/\/stoic-curie.212-227-153-4.plesk.page\/nl\/wp-json\/wp\/v2\/comments?post=1027616"}],"version-history":[{"count":0,"href":"https:\/\/stoic-curie.212-227-153-4.plesk.page\/nl\/wp-json\/wp\/v2\/product\/1027616\/revisions"}],"wp:featuredmedia":[{"embeddable":true,"href":"https:\/\/stoic-curie.212-227-153-4.plesk.page\/nl\/wp-json\/wp\/v2\/media\/5938552"}],"wp:attachment":[{"href":"https:\/\/stoic-curie.212-227-153-4.plesk.page\/nl\/wp-json\/wp\/v2\/media?parent=1027616"}],"wp:term":[{"taxonomy":"product_brand","embeddable":true,"href":"https:\/\/stoic-curie.212-227-153-4.plesk.page\/nl\/wp-json\/wp\/v2\/product_brand?post=1027616"},{"taxonomy":"product_cat","embeddable":true,"href":"https:\/\/stoic-curie.212-227-153-4.plesk.page\/nl\/wp-json\/wp\/v2\/product_cat?post=1027616"},{"taxonomy":"product_tag","embeddable":true,"href":"https:\/\/stoic-curie.212-227-153-4.plesk.page\/nl\/wp-json\/wp\/v2\/product_tag?post=1027616"}],"curies":[{"name":"wp","href":"https:\/\/api.w.org\/{rel}","templated":true}]}}