{"id":1029415,"date":"2025-04-08T16:12:48","date_gmt":"2025-04-08T20:12:48","guid":{"rendered":"https:\/\/stoic-curie.212-227-153-4.plesk.page\/product\/antenne-tv-radio-fm-glomex-avior\/"},"modified":"2026-02-25T00:54:59","modified_gmt":"2026-02-25T00:54:59","slug":"antenne-tv-radio-fm-glomex-avior","status":"publish","type":"product","link":"https:\/\/stoic-curie.212-227-153-4.plesk.page\/nl\/product\/antenne-tv-radio-fm-glomex-avior\/","title":{"rendered":"Antenne TV-Radio-FM Glomex Avior"},"content":{"rendered":"<p>Antenne TV-Radio-FM Glomex Avior &#8211; <\/p>\n<p>Omnidirectionele TV\/RadioFM Glomex antenne voor analoge\/digitale TV en radio. De nieuwe hoogpresterende versterker zorgt voor een toename van de versterking en maakt het mogelijk om verticaal en horizontaal gepolariseerde TV-signalen vanuit meerdere richtingen tegelijk te ontvangen. De interne versterker is verbonden met de voedingsinvoerder met 2 onafhankelijke uitgangen voor TV en radio (V9114PI-FM) en maakt ontvangst van TV- en FM-frequenties met \u00e9\u00e9n antenne mogelijk. Het kan worden ge\u00efnstalleerd op zeilboten of motorboten en kan worden gecombineerd met de VHF RA121 antenne met dezelfde afmetingen. Voorzien van een 10 meter coaxkabel.<\/p>\n","protected":false},"excerpt":{"rendered":"<p>Antenne TV-Radio-FM Glomex Avior &#8211; Omnidirectionele TV\/RadioFM Glomex antenne voor analoge\/digitale TV en radio. De nieuwe hoogpresterende versterker zorgt voor<\/p>\n","protected":false},"featured_media":5943592,"comment_status":"closed","ping_status":"closed","template":"","meta":[],"product_brand":[2983],"product_cat":[2531,2552],"product_tag":[],"class_list":{"0":"post-1029415","1":"product","2":"type-product","3":"status-publish","4":"has-post-thumbnail","6":"product_brand-glomex-nl","7":"product_cat-stereo-en-luidsprekers","8":"product_cat-tv-antennes","10":"first","11":"instock","12":"shipping-taxable","13":"purchasable","14":"product-type-simple"},"_links":{"self":[{"href":"https:\/\/stoic-curie.212-227-153-4.plesk.page\/nl\/wp-json\/wp\/v2\/product\/1029415","targetHints":{"allow":["GET"]}}],"collection":[{"href":"https:\/\/stoic-curie.212-227-153-4.plesk.page\/nl\/wp-json\/wp\/v2\/product"}],"about":[{"href":"https:\/\/stoic-curie.212-227-153-4.plesk.page\/nl\/wp-json\/wp\/v2\/types\/product"}],"replies":[{"embeddable":true,"href":"https:\/\/stoic-curie.212-227-153-4.plesk.page\/nl\/wp-json\/wp\/v2\/comments?post=1029415"}],"version-history":[{"count":0,"href":"https:\/\/stoic-curie.212-227-153-4.plesk.page\/nl\/wp-json\/wp\/v2\/product\/1029415\/revisions"}],"wp:featuredmedia":[{"embeddable":true,"href":"https:\/\/stoic-curie.212-227-153-4.plesk.page\/nl\/wp-json\/wp\/v2\/media\/5943592"}],"wp:attachment":[{"href":"https:\/\/stoic-curie.212-227-153-4.plesk.page\/nl\/wp-json\/wp\/v2\/media?parent=1029415"}],"wp:term":[{"taxonomy":"product_brand","embeddable":true,"href":"https:\/\/stoic-curie.212-227-153-4.plesk.page\/nl\/wp-json\/wp\/v2\/product_brand?post=1029415"},{"taxonomy":"product_cat","embeddable":true,"href":"https:\/\/stoic-curie.212-227-153-4.plesk.page\/nl\/wp-json\/wp\/v2\/product_cat?post=1029415"},{"taxonomy":"product_tag","embeddable":true,"href":"https:\/\/stoic-curie.212-227-153-4.plesk.page\/nl\/wp-json\/wp\/v2\/product_tag?post=1029415"}],"curies":[{"name":"wp","href":"https:\/\/api.w.org\/{rel}","templated":true}]}}