{"id":1029814,"date":"2025-04-08T16:13:49","date_gmt":"2025-04-08T20:13:49","guid":{"rendered":"https:\/\/stoic-curie.212-227-153-4.plesk.page\/product\/hydraulische-stuurcilinder-ultraflex-uc130-svs-2\/"},"modified":"2026-02-25T00:55:01","modified_gmt":"2026-02-25T00:55:01","slug":"hydraulische-stuurcilinder-ultraflex-uc130-svs-2","status":"publish","type":"product","link":"https:\/\/stoic-curie.212-227-153-4.plesk.page\/nl\/product\/hydraulische-stuurcilinder-ultraflex-uc130-svs-2\/","title":{"rendered":"Hydraulische Stuurcilinder Ultraflex UC130 &#8211; SVS\/2"},"content":{"rendered":"<p>Hydraulische Stuurcilinder Ultraflex UC130 &#8211; SVS\/2 &#8211; <\/p>\n<p style=\"color: rgb(34, 34, 34); font-family: Arial, Helvetica, sans-serif; font-size: small;\">De SilverSteer\u2122 UC130-SVS-2 cilinder is perfect voor toepassingen met een hoog vermogen, zoals bassboten en vaartuigen die worden gebruikt in vistoernooien. De UC130-SVS is ontworpen voor een gebalanceerde besturing, wat zorgt voor een gelijk aantal stuurbewegingen van links naar rechts.<\/p>\n<p style=\"color: rgb(34, 34, 34); font-family: Arial, Helvetica, sans-serif; font-size: small;\"><strong>Kernkenmerken:<\/strong><\/p>\n<ul style=\"color: rgb(34, 34, 34); font-family: Arial, Helvetica, sans-serif; font-size: small;\">\n<li>Zijbevestigingen voor eenvoudige installatie<\/li>\n<li>Stevige roestvrijstalen verbindingsbout (ULTRABOLT)<\/li>\n<li>Vervangbare eindkappen voor de cilinder<\/li>\n<li>Ontworpen voor toepassingen met hoog vermogen, bassboten en toernooi vissen<\/li>\n<li>Gemaakt met een zware roestvrijstalen cilinderstang, afdichtingen en koppelingen<\/li>\n<li>Eenvoudig te installeren en compatibel met vrijwel alle 2- en 4-takt buitenboordmotoren. Raadpleeg de applicatiegids om de juiste cilinder (UC130-SVS\/1, UC130-SVS\/2 of UC130-SVS\/3) voor uw behoeften te kiezen.<\/li>\n<li>Voor opstellingen met dubbele UC130-SVS cilinders moet u \u00e9\u00e9n standaard UC130-SVS cilinder (met de linkarm aan de stuurboordzijde) en \u00e9\u00e9n port UC130P-SVS cilinder (met de linkarm aan de stuurboordzijde) aanschaffen. Een A95 verbindingsstang is noodzakelijk voor toepassingen met dubbele motoren en dubbele cilinders.<\/li>\n<\/ul>\n<p style=\"color: rgb(34, 34, 34); font-family: Arial, Helvetica, sans-serif; font-size: small;\"><strong>Toepassingsbeperkingen:<\/strong><\/p>\n<p style=\"color: rgb(34, 34, 34); font-family: Arial, Helvetica, sans-serif; font-size: small;\">De UC130-SVS frontmontagecilinder wordt niet aanbevolen voor installaties waarbij de botensnelheid 69 mph (60 knopen) of 75 mph (65 knopen) voor opstellingen met dubbele motoren, dubbele cilinders en tegenrotatie-motoren overschrijdt. Deze cilinder is niet ontworpen voor races.<\/p>\n<p style=\"color: rgb(34, 34, 34); font-family: Arial, Helvetica, sans-serif; font-size: small;\"><strong>Specificaties:<\/strong><\/p>\n<ul style=\"color: rgb(34, 34, 34); font-family: Arial, Helvetica, sans-serif; font-size: small;\">\n<li>Geschikt voor buitenboordmotor toepassingen tot 350 HP<\/li>\n<li>Gebalanceerd ontwerp: gelijke stuurbewegingen van lock-to-lock<\/li>\n<li>Verstelbare montagebeugels voor eenvoudige installatie<\/li>\n<li>Construeren met hoogwaardige materialen voor langdurige duurzaamheid<\/li>\n<li>Compatibel met de meeste op de markt beschikbare 2- en 4-takt buitenboordmotoren<\/li>\n<\/ul>\n<p style=\"color: rgb(34, 34, 34); font-family: Arial, Helvetica, sans-serif; font-size: small;\"><strong>UC130-SVS SilverSteer Cilinder Specificaties:<\/strong><\/p>\n<ul style=\"color: rgb(34, 34, 34); font-family: Arial, Helvetica, sans-serif; font-size: small;\">\n<li>Volume: 130 cc (7.93 cu. in)<\/li>\n<li>Outputkracht: 492 kg (1085 lbs)<\/li>\n<li>Interne diameter: 36 mm (1.42\u201d)<\/li>\n<li>Slag: 185 mm (7.28\u201d)<\/li>\n<li>Hogedrukflexibele slang: 3\/8\u201d (9.5 mm)<\/li>\n<li>Ontluchtingsaansluitingen: DN5 Snelle aansluiting<\/li>\n<\/ul>\n<p style=\"color: rgb(34, 34, 34); font-family: Arial, Helvetica, sans-serif; font-size: small;\"><strong>Motorcompatibiliteit:<\/strong><\/p>\n<ul style=\"color: rgb(34, 34, 34); font-family: Arial, Helvetica, sans-serif; font-size: small;\">\n<li><strong>Mercury\u00ae:<\/strong> Diverse modellen van 115 tot 300 HP (1999 tot heden)<\/li>\n<li><strong>Evinrude\u00ae:<\/strong> Modellen van E115 tot E300 (1995 tot heden)<\/li>\n<li><strong>Yamaha\u00ae:<\/strong> Modellen van 115 tot 350 HP (1990 tot heden)<\/li>\n<li><strong>Honda\u00ae:<\/strong> Modellen van BF135 tot BF250 (2001 tot heden)<\/li>\n<li><strong>Suzuki\u00ae:<\/strong> Modellen van DF100 tot DF350 (2004 tot heden)<\/li>\n<li><strong>Tohatsu\u00ae:<\/strong> Modellen van 70 tot 140 HP (2004 tot heden)<\/li>\n<li><strong>Selva\u00ae:<\/strong> Diverse modellen (1995 tot heden)<\/li>\n<li><strong>Johnson\u00ae:<\/strong> Modellen van BJ90 tot J225 (1995 tot 2007)<\/li>\n<li><strong>OXE\u00ae:<\/strong> 200HP Diesel (2018 tot heden)<\/li>\n<\/ul>\n<p style=\"color: rgb(34, 34, 34); font-family: Arial, Helvetica, sans-serif; font-size: small;\">Voor aanvullende hulp of om de beste optie voor uw specifieke toepassing te identificeren, neem alstublieft contact op met onze klantenservice. Wij zijn toegewijd aan uw tevredenheid en helpen u graag bij het vinden van de juiste producten voor uw vaartneeds.<\/p>\n","protected":false},"excerpt":{"rendered":"<p>Hydraulische Stuurcilinder Ultraflex UC130 &#8211; SVS\/2 &#8211; De SilverSteer\u2122 UC130-SVS-2 cilinder is perfect voor toepassingen met een hoog vermogen, zoals<\/p>\n","protected":false},"featured_media":5944064,"comment_status":"closed","ping_status":"closed","template":"","meta":[],"product_brand":[3503],"product_cat":[2621],"product_tag":[],"class_list":{"0":"post-1029814","1":"product","2":"type-product","3":"status-publish","4":"has-post-thumbnail","6":"product_brand-ultraflex-uflex-nl","7":"product_cat-hydraulische-besturing","9":"first","10":"instock","11":"shipping-taxable","12":"purchasable","13":"product-type-simple"},"_links":{"self":[{"href":"https:\/\/stoic-curie.212-227-153-4.plesk.page\/nl\/wp-json\/wp\/v2\/product\/1029814","targetHints":{"allow":["GET"]}}],"collection":[{"href":"https:\/\/stoic-curie.212-227-153-4.plesk.page\/nl\/wp-json\/wp\/v2\/product"}],"about":[{"href":"https:\/\/stoic-curie.212-227-153-4.plesk.page\/nl\/wp-json\/wp\/v2\/types\/product"}],"replies":[{"embeddable":true,"href":"https:\/\/stoic-curie.212-227-153-4.plesk.page\/nl\/wp-json\/wp\/v2\/comments?post=1029814"}],"version-history":[{"count":0,"href":"https:\/\/stoic-curie.212-227-153-4.plesk.page\/nl\/wp-json\/wp\/v2\/product\/1029814\/revisions"}],"wp:featuredmedia":[{"embeddable":true,"href":"https:\/\/stoic-curie.212-227-153-4.plesk.page\/nl\/wp-json\/wp\/v2\/media\/5944064"}],"wp:attachment":[{"href":"https:\/\/stoic-curie.212-227-153-4.plesk.page\/nl\/wp-json\/wp\/v2\/media?parent=1029814"}],"wp:term":[{"taxonomy":"product_brand","embeddable":true,"href":"https:\/\/stoic-curie.212-227-153-4.plesk.page\/nl\/wp-json\/wp\/v2\/product_brand?post=1029814"},{"taxonomy":"product_cat","embeddable":true,"href":"https:\/\/stoic-curie.212-227-153-4.plesk.page\/nl\/wp-json\/wp\/v2\/product_cat?post=1029814"},{"taxonomy":"product_tag","embeddable":true,"href":"https:\/\/stoic-curie.212-227-153-4.plesk.page\/nl\/wp-json\/wp\/v2\/product_tag?post=1029814"}],"curies":[{"name":"wp","href":"https:\/\/api.w.org\/{rel}","templated":true}]}}