{"id":1029957,"date":"2025-04-08T16:14:12","date_gmt":"2025-04-08T20:14:12","guid":{"rendered":"https:\/\/stoic-curie.212-227-153-4.plesk.page\/product\/nawa-modulaire-fenderhouders-170mm\/"},"modified":"2026-02-25T00:55:03","modified_gmt":"2026-02-25T00:55:03","slug":"nawa-modulaire-fenderhouders-170mm","status":"publish","type":"product","link":"https:\/\/stoic-curie.212-227-153-4.plesk.page\/nl\/product\/nawa-modulaire-fenderhouders-170mm\/","title":{"rendered":"Nawa Modulaire Fenderhouders 170mm"},"content":{"rendered":"<p>Nawa Modulaire Fenderhouders 170mm &#8211; <\/p>\n<p>NAWA modulaire fenderhouders zijn gemaakt van hoogwaardig electropolijst 316 RVS. De meest veelzijdige oplossing voor het opbergen van fenders, met gepatenteerde koppelingen waarmee je de manden in elke combinatie aan elk reling kunt bevestigen. Voor de installatie heb je alleen een schroevendraaier, \u00e9\u00e9n of meerdere manden en \u00e9\u00e9n of meerdere draaibare of parallelle koppelingen nodig. De draaibare koppeling is een buisklem voor 22, 25, 30 of 32 mm railbuis. De parallelle koppeling verbindt meerdere manden met elkaar.<\/p>\n","protected":false},"excerpt":{"rendered":"<p>Nawa Modulaire Fenderhouders 170mm &#8211; NAWA modulaire fenderhouders zijn gemaakt van hoogwaardig electropolijst 316 RVS. De meest veelzijdige oplossing voor<\/p>\n","protected":false},"featured_media":5940131,"comment_status":"closed","ping_status":"closed","template":"","meta":[],"product_brand":[3183],"product_cat":[2645],"product_tag":[],"class_list":{"0":"post-1029957","1":"product","2":"type-product","3":"status-publish","4":"has-post-thumbnail","6":"product_brand-nawa-nl","7":"product_cat-stootwillen-accessoires","9":"first","10":"instock","11":"shipping-taxable","12":"purchasable","13":"product-type-simple"},"_links":{"self":[{"href":"https:\/\/stoic-curie.212-227-153-4.plesk.page\/nl\/wp-json\/wp\/v2\/product\/1029957","targetHints":{"allow":["GET"]}}],"collection":[{"href":"https:\/\/stoic-curie.212-227-153-4.plesk.page\/nl\/wp-json\/wp\/v2\/product"}],"about":[{"href":"https:\/\/stoic-curie.212-227-153-4.plesk.page\/nl\/wp-json\/wp\/v2\/types\/product"}],"replies":[{"embeddable":true,"href":"https:\/\/stoic-curie.212-227-153-4.plesk.page\/nl\/wp-json\/wp\/v2\/comments?post=1029957"}],"version-history":[{"count":0,"href":"https:\/\/stoic-curie.212-227-153-4.plesk.page\/nl\/wp-json\/wp\/v2\/product\/1029957\/revisions"}],"wp:featuredmedia":[{"embeddable":true,"href":"https:\/\/stoic-curie.212-227-153-4.plesk.page\/nl\/wp-json\/wp\/v2\/media\/5940131"}],"wp:attachment":[{"href":"https:\/\/stoic-curie.212-227-153-4.plesk.page\/nl\/wp-json\/wp\/v2\/media?parent=1029957"}],"wp:term":[{"taxonomy":"product_brand","embeddable":true,"href":"https:\/\/stoic-curie.212-227-153-4.plesk.page\/nl\/wp-json\/wp\/v2\/product_brand?post=1029957"},{"taxonomy":"product_cat","embeddable":true,"href":"https:\/\/stoic-curie.212-227-153-4.plesk.page\/nl\/wp-json\/wp\/v2\/product_cat?post=1029957"},{"taxonomy":"product_tag","embeddable":true,"href":"https:\/\/stoic-curie.212-227-153-4.plesk.page\/nl\/wp-json\/wp\/v2\/product_tag?post=1029957"}],"curies":[{"name":"wp","href":"https:\/\/api.w.org\/{rel}","templated":true}]}}