{"id":1030317,"date":"2025-04-08T16:15:10","date_gmt":"2025-04-08T20:15:10","guid":{"rendered":"https:\/\/stoic-curie.212-227-153-4.plesk.page\/product\/seaflow-rvs-t-portklep-3-4-bsp-vrouwelijke-aansluitingen\/"},"modified":"2026-02-25T00:55:05","modified_gmt":"2026-02-25T00:55:05","slug":"seaflow-rvs-t-portklep-3-4-bsp-vrouwelijke-aansluitingen","status":"publish","type":"product","link":"https:\/\/stoic-curie.212-227-153-4.plesk.page\/nl\/product\/seaflow-rvs-t-portklep-3-4-bsp-vrouwelijke-aansluitingen\/","title":{"rendered":"Seaflow RVS T Portklep (3\/4&#8243; BSP Vrouwelijke Aansluitingen)"},"content":{"rendered":"<p>Seaflow RVS T Portklep (3\/4&#8243; BSP Vrouwelijke Aansluitingen) &#8211; Dit T-portklep van roestvrij staal 316 is ideaal voor installaties waarbij meerdere leidingen van \u00e9\u00e9n tank vereist zijn. Geschikt voor diesel- en benzinetoepassingen. De T-portconfiguratie laat \u00e9\u00e9n schroefdraad vrouwelijke poort als invoer en twee schroefdraad vrouwelijke poorten als uitvoer toe, die kunnen worden geopend als &#8211; \u00e9\u00e9n uitgang aan of beide uitgangen aan. We leveren ook compressiefittings, slangaansluitingen en fittings om uw installatie te voltooien.<\/p>\n","protected":false},"excerpt":{"rendered":"<p>Seaflow RVS T Portklep (3\/4&#8243; BSP Vrouwelijke Aansluitingen) &#8211; Dit T-portklep van roestvrij staal 316 is ideaal voor installaties waarbij<\/p>\n","protected":false},"featured_media":5944992,"comment_status":"closed","ping_status":"closed","template":"","meta":[],"product_brand":[3358],"product_cat":[2463,2468],"product_tag":[],"class_list":{"0":"post-1030317","1":"product","2":"type-product","3":"status-publish","4":"has-post-thumbnail","6":"product_brand-seaflow-nl","7":"product_cat-roestvrijstalen-sanitairfittingen","8":"product_cat-scheepskleppen","10":"first","11":"instock","12":"shipping-taxable","13":"purchasable","14":"product-type-simple"},"_links":{"self":[{"href":"https:\/\/stoic-curie.212-227-153-4.plesk.page\/nl\/wp-json\/wp\/v2\/product\/1030317","targetHints":{"allow":["GET"]}}],"collection":[{"href":"https:\/\/stoic-curie.212-227-153-4.plesk.page\/nl\/wp-json\/wp\/v2\/product"}],"about":[{"href":"https:\/\/stoic-curie.212-227-153-4.plesk.page\/nl\/wp-json\/wp\/v2\/types\/product"}],"replies":[{"embeddable":true,"href":"https:\/\/stoic-curie.212-227-153-4.plesk.page\/nl\/wp-json\/wp\/v2\/comments?post=1030317"}],"version-history":[{"count":0,"href":"https:\/\/stoic-curie.212-227-153-4.plesk.page\/nl\/wp-json\/wp\/v2\/product\/1030317\/revisions"}],"wp:featuredmedia":[{"embeddable":true,"href":"https:\/\/stoic-curie.212-227-153-4.plesk.page\/nl\/wp-json\/wp\/v2\/media\/5944992"}],"wp:attachment":[{"href":"https:\/\/stoic-curie.212-227-153-4.plesk.page\/nl\/wp-json\/wp\/v2\/media?parent=1030317"}],"wp:term":[{"taxonomy":"product_brand","embeddable":true,"href":"https:\/\/stoic-curie.212-227-153-4.plesk.page\/nl\/wp-json\/wp\/v2\/product_brand?post=1030317"},{"taxonomy":"product_cat","embeddable":true,"href":"https:\/\/stoic-curie.212-227-153-4.plesk.page\/nl\/wp-json\/wp\/v2\/product_cat?post=1030317"},{"taxonomy":"product_tag","embeddable":true,"href":"https:\/\/stoic-curie.212-227-153-4.plesk.page\/nl\/wp-json\/wp\/v2\/product_tag?post=1030317"}],"curies":[{"name":"wp","href":"https:\/\/api.w.org\/{rel}","templated":true}]}}