{"id":1030321,"date":"2025-04-08T16:15:11","date_gmt":"2025-04-08T20:15:11","guid":{"rendered":"https:\/\/stoic-curie.212-227-153-4.plesk.page\/product\/jabsco-17936-0001-neopreen-impeller\/"},"modified":"2026-02-25T00:55:05","modified_gmt":"2026-02-25T00:55:05","slug":"jabsco-17936-0001-neopreen-impeller","status":"publish","type":"product","link":"https:\/\/stoic-curie.212-227-153-4.plesk.page\/nl\/product\/jabsco-17936-0001-neopreen-impeller\/","title":{"rendered":"Jabsco 17936-0001 Neopreen Impeller"},"content":{"rendered":"<p>Jabsco 17936-0001 Neopreen Impeller &#8211; De Jabsco neopreen impeller is geschikt voor de volgende pompen: Jabsco 10660, 10590-0111, 10590-0231, 10590-0341, 10660-200, 11100-0601, 11100-0641, 17490-0001, 18300-0000, 18320-0000, 18320-0001, 18320-0002, 18340-0000, 18370-0000, 22040-01, 22040-0131, 22040-0501, 22040-0531, 23010-0131, 23010-0531, 50270-0011, 50270-0111, 50270-0211, 50270-0311, 50270-0911, 50270-2011, 50270-2111, 50270-2211, 50270-2311, 50270-2911, 52270-0011, 52270-2011, 6980-0001, 6980-0002, 6980-0003, 6980-0004, 6980-0005, 6980-0006, 6980-0011, 6980-0411 en 6980-3000. De flexibele neopreen impeller Jabsco 17936-0001 vervangt de volgende impellers: Caterpillar impeller: 4L8470. Cummins impeller: 3008503. Detroit Diesel impellers: 5196168, 5198550 &#038; 8924839. Jabsco impellers: 21676-0001 &#038; 17936-0001. Johnson impeller: 09-814B. Man impeller: 50.06506-0073. Perkins impeller: 0460027. Volvo Penta impellers: 842857, 844683, 845796, 875697 &#038; 875814-6. De Jabsco 17936-0001 flexibele neopreen impeller heeft 12 impellerbladen, een geslepen aandrijving en wordt geleverd met een stekker. De flexibele neopreen impellers van Jabsco worden gebruikt voor het pompen van zoet of zout water, neopreen impellers zijn het meest gebruikte materiaal en zijn geschikt voor gebruik waar slechts kleine hoeveelheden olie of dieselbrandstof aanwezig zijn. Flexibele impellers van Jabsco worden onderworpen aan strenge kwaliteitsprocessen om betrouwbare, effici\u00ebnte en duurzame prestaties te garanderen. U dient uw flexibele pompimpellers minstens \u00e9\u00e9n keer per jaar of als u deze vaker gebruikt, eerder te vervangen. Wanneer de installatie correct is, kan een impeller enkele jaren meegaan, maar het is altijd raadzaam om een preventief onderhoudsschema te volgen in plaats van het corrigeren van problemen. Deze impeller heeft een Q-profiel.<\/p>\n","protected":false},"excerpt":{"rendered":"<p>Jabsco 17936-0001 Neopreen Impeller &#8211; De Jabsco neopreen impeller is geschikt voor de volgende pompen: Jabsco 10660, 10590-0111, 10590-0231, 10590-0341,<\/p>\n","protected":false},"featured_media":5945016,"comment_status":"closed","ping_status":"closed","template":"","meta":[],"product_brand":[3033],"product_cat":[2607],"product_tag":[],"class_list":{"0":"post-1030321","1":"product","2":"type-product","3":"status-publish","4":"has-post-thumbnail","6":"product_brand-jabsco-marine-nl","7":"product_cat-motor-koelwaterpompen","9":"first","10":"instock","11":"shipping-taxable","12":"purchasable","13":"product-type-simple"},"_links":{"self":[{"href":"https:\/\/stoic-curie.212-227-153-4.plesk.page\/nl\/wp-json\/wp\/v2\/product\/1030321","targetHints":{"allow":["GET"]}}],"collection":[{"href":"https:\/\/stoic-curie.212-227-153-4.plesk.page\/nl\/wp-json\/wp\/v2\/product"}],"about":[{"href":"https:\/\/stoic-curie.212-227-153-4.plesk.page\/nl\/wp-json\/wp\/v2\/types\/product"}],"replies":[{"embeddable":true,"href":"https:\/\/stoic-curie.212-227-153-4.plesk.page\/nl\/wp-json\/wp\/v2\/comments?post=1030321"}],"version-history":[{"count":0,"href":"https:\/\/stoic-curie.212-227-153-4.plesk.page\/nl\/wp-json\/wp\/v2\/product\/1030321\/revisions"}],"wp:featuredmedia":[{"embeddable":true,"href":"https:\/\/stoic-curie.212-227-153-4.plesk.page\/nl\/wp-json\/wp\/v2\/media\/5945016"}],"wp:attachment":[{"href":"https:\/\/stoic-curie.212-227-153-4.plesk.page\/nl\/wp-json\/wp\/v2\/media?parent=1030321"}],"wp:term":[{"taxonomy":"product_brand","embeddable":true,"href":"https:\/\/stoic-curie.212-227-153-4.plesk.page\/nl\/wp-json\/wp\/v2\/product_brand?post=1030321"},{"taxonomy":"product_cat","embeddable":true,"href":"https:\/\/stoic-curie.212-227-153-4.plesk.page\/nl\/wp-json\/wp\/v2\/product_cat?post=1030321"},{"taxonomy":"product_tag","embeddable":true,"href":"https:\/\/stoic-curie.212-227-153-4.plesk.page\/nl\/wp-json\/wp\/v2\/product_tag?post=1030321"}],"curies":[{"name":"wp","href":"https:\/\/api.w.org\/{rel}","templated":true}]}}