{"id":1031019,"date":"2025-04-08T16:17:18","date_gmt":"2025-04-08T20:17:18","guid":{"rendered":"https:\/\/stoic-curie.212-227-153-4.plesk.page\/product\/kit-eic5000-bennett-12v-voor-4-actuatoren\/"},"modified":"2026-02-25T00:55:10","modified_gmt":"2026-02-25T00:55:10","slug":"kit-eic5000-bennett-12v-voor-4-actuatoren","status":"publish","type":"product","link":"https:\/\/stoic-curie.212-227-153-4.plesk.page\/nl\/product\/kit-eic5000-bennett-12v-voor-4-actuatoren\/","title":{"rendered":"Kit EIC5000 Bennett voor Elektrische Systemen"},"content":{"rendered":"<p>Kit EIC5000 Bennett voor Elektrische Systemen &#8211; <\/p>\n<p style=\"color: rgb(34, 34, 34); font-family: Arial, Helvetica, sans-serif; font-size: small;\">Maak kennis met de OBI Bennett Trim Indicator, ontworpen voor 12\/24V-systemen. Deze unit beschikt over drukknoppen, LED-indicatoren, een helderheidsdimmer en een ge\u00efntegreerde Auto Tab Retractor (ATR) binnen het paneel. Het wordt geleverd met twee actuator-hengsels voorzien van sensoren en aansluitkabels. Dit systeem kan eenvoudig worden ge\u00efnstalleerd op elk schip met Bennett-flappen, en de ATR trekt automatisch de flappen terug wanneer de ontstekingssleutel wordt verwijderd.<\/p>\n<p style=\"color: rgb(34, 34, 34); font-family: Arial, Helvetica, sans-serif; font-size: small;\">De Bennett EIC5000 Electronic Indicator Control Kit combineert drie essenti\u00eble functies in \u00e9\u00e9n unit: een soft-touch trim tab-schakelaar, een trim tab-positie-indicator en automatische trim tab-retractiecontrol. De kit bevat een EIC-schakelaar\/beeldscherm, een EIC-relaymodule, twee bovenste hengselsensoren (voor stuurboord en bakboord) met 10 voet lange draden, een EIC-kabel die de module met het beeldscherm verbindt, en al het nodige installatiehardware.<\/p>\n<p style=\"color: rgb(34, 34, 34); font-family: Arial, Helvetica, sans-serif; font-size: small;\">Dit systeem werkt op 12 volt en beschikt over waterbestendige schakelaars en connectoren die zijn ontworpen om corrosie te weerstaan. De dimbare LED&#8217;s in de indicator zorgen voor zichtbaarheid zowel overdag als &#8216;s nachts. De relaymodule, gemonteerd nabij de spiegel, minimaliseert het aantal draden die naar het stuurhuis lopen. Bovendien trekt de auto-retract functie de flappen automatisch terug wanneer de stroom wordt uitgeschakeld, waardoor schade tijdens traileren wordt voorkomen. Geniet van gemoedsrust met een garantie van drie jaar.<\/p>\n","protected":false},"excerpt":{"rendered":"<p>Kit EIC5000 Bennett voor Elektrische Systemen &#8211; Maak kennis met de OBI Bennett Trim Indicator, ontworpen voor 12\/24V-systemen. Deze unit<\/p>\n","protected":false},"featured_media":5945789,"comment_status":"closed","ping_status":"closed","template":"","meta":[],"product_brand":[2823],"product_cat":[2604],"product_tag":[],"class_list":{"0":"post-1031019","1":"product","2":"type-product","3":"status-publish","4":"has-post-thumbnail","6":"product_brand-bennett-marine-nl","7":"product_cat-trimvlakken","9":"first","10":"instock","11":"shipping-taxable","12":"purchasable","13":"product-type-simple"},"_links":{"self":[{"href":"https:\/\/stoic-curie.212-227-153-4.plesk.page\/nl\/wp-json\/wp\/v2\/product\/1031019","targetHints":{"allow":["GET"]}}],"collection":[{"href":"https:\/\/stoic-curie.212-227-153-4.plesk.page\/nl\/wp-json\/wp\/v2\/product"}],"about":[{"href":"https:\/\/stoic-curie.212-227-153-4.plesk.page\/nl\/wp-json\/wp\/v2\/types\/product"}],"replies":[{"embeddable":true,"href":"https:\/\/stoic-curie.212-227-153-4.plesk.page\/nl\/wp-json\/wp\/v2\/comments?post=1031019"}],"version-history":[{"count":0,"href":"https:\/\/stoic-curie.212-227-153-4.plesk.page\/nl\/wp-json\/wp\/v2\/product\/1031019\/revisions"}],"wp:featuredmedia":[{"embeddable":true,"href":"https:\/\/stoic-curie.212-227-153-4.plesk.page\/nl\/wp-json\/wp\/v2\/media\/5945789"}],"wp:attachment":[{"href":"https:\/\/stoic-curie.212-227-153-4.plesk.page\/nl\/wp-json\/wp\/v2\/media?parent=1031019"}],"wp:term":[{"taxonomy":"product_brand","embeddable":true,"href":"https:\/\/stoic-curie.212-227-153-4.plesk.page\/nl\/wp-json\/wp\/v2\/product_brand?post=1031019"},{"taxonomy":"product_cat","embeddable":true,"href":"https:\/\/stoic-curie.212-227-153-4.plesk.page\/nl\/wp-json\/wp\/v2\/product_cat?post=1031019"},{"taxonomy":"product_tag","embeddable":true,"href":"https:\/\/stoic-curie.212-227-153-4.plesk.page\/nl\/wp-json\/wp\/v2\/product_tag?post=1031019"}],"curies":[{"name":"wp","href":"https:\/\/api.w.org\/{rel}","templated":true}]}}