{"id":1031059,"date":"2025-04-08T16:17:25","date_gmt":"2025-04-08T20:17:25","guid":{"rendered":"https:\/\/stoic-curie.212-227-153-4.plesk.page\/product\/reserve-transmissie-voor-vetus-125kgf\/"},"modified":"2026-02-25T00:55:10","modified_gmt":"2026-02-25T00:55:10","slug":"reserve-transmissie-voor-vetus-125kgf","status":"publish","type":"product","link":"https:\/\/stoic-curie.212-227-153-4.plesk.page\/nl\/product\/reserve-transmissie-voor-vetus-125kgf\/","title":{"rendered":"Reserve Transmissie voor Vetus 125kgf"},"content":{"rendered":"<p>Reserve Transmissie voor Vetus 125kgf &#8211; <\/p>\n<p>Dit product is een origineel vervangonderdeel van Vetus, specifiek ontworpen als transmissie voor het Vetus 125 kgf-model. Naast de transmissie wordt het geleverd met een tailpiece dat compatibel is met boegschroeven, ook wel bekend als boegpropellers, die door Vetus worden vervaardigd. Als u een model heeft dat v\u00f3\u00f3r 2019 is geproduceerd, is het essentieel om de compatibiliteit van dit onderdeel met uw systeem te verifi\u00ebren. Controleer hiervoor het motorplaatje op uw apparaat om ervoor te zorgen dat het overeenkomt met de specificaties die nodig zijn voor een correcte installatie en functionaliteit.<\/p>\n","protected":false},"excerpt":{"rendered":"<p>Reserve Transmissie voor Vetus 125kgf &#8211; Dit product is een origineel vervangonderdeel van Vetus, specifiek ontworpen als transmissie voor het<\/p>\n","protected":false},"featured_media":5945846,"comment_status":"closed","ping_status":"closed","template":"","meta":[],"product_brand":[3523],"product_cat":[2407],"product_tag":[],"class_list":{"0":"post-1031059","1":"product","2":"type-product","3":"status-publish","4":"has-post-thumbnail","6":"product_brand-vetus-nl","7":"product_cat-boegschroeven-vetus","9":"first","10":"instock","11":"shipping-taxable","12":"purchasable","13":"product-type-simple"},"_links":{"self":[{"href":"https:\/\/stoic-curie.212-227-153-4.plesk.page\/nl\/wp-json\/wp\/v2\/product\/1031059","targetHints":{"allow":["GET"]}}],"collection":[{"href":"https:\/\/stoic-curie.212-227-153-4.plesk.page\/nl\/wp-json\/wp\/v2\/product"}],"about":[{"href":"https:\/\/stoic-curie.212-227-153-4.plesk.page\/nl\/wp-json\/wp\/v2\/types\/product"}],"replies":[{"embeddable":true,"href":"https:\/\/stoic-curie.212-227-153-4.plesk.page\/nl\/wp-json\/wp\/v2\/comments?post=1031059"}],"version-history":[{"count":0,"href":"https:\/\/stoic-curie.212-227-153-4.plesk.page\/nl\/wp-json\/wp\/v2\/product\/1031059\/revisions"}],"wp:featuredmedia":[{"embeddable":true,"href":"https:\/\/stoic-curie.212-227-153-4.plesk.page\/nl\/wp-json\/wp\/v2\/media\/5945846"}],"wp:attachment":[{"href":"https:\/\/stoic-curie.212-227-153-4.plesk.page\/nl\/wp-json\/wp\/v2\/media?parent=1031059"}],"wp:term":[{"taxonomy":"product_brand","embeddable":true,"href":"https:\/\/stoic-curie.212-227-153-4.plesk.page\/nl\/wp-json\/wp\/v2\/product_brand?post=1031059"},{"taxonomy":"product_cat","embeddable":true,"href":"https:\/\/stoic-curie.212-227-153-4.plesk.page\/nl\/wp-json\/wp\/v2\/product_cat?post=1031059"},{"taxonomy":"product_tag","embeddable":true,"href":"https:\/\/stoic-curie.212-227-153-4.plesk.page\/nl\/wp-json\/wp\/v2\/product_tag?post=1031059"}],"curies":[{"name":"wp","href":"https:\/\/api.w.org\/{rel}","templated":true}]}}