{"id":1031574,"date":"2025-04-08T16:19:05","date_gmt":"2025-04-08T20:19:05","guid":{"rendered":"https:\/\/stoic-curie.212-227-153-4.plesk.page\/product\/digitale-meter-vdo-veratron-vmh35\/"},"modified":"2026-02-25T00:55:16","modified_gmt":"2026-02-25T00:55:16","slug":"digitale-meter-vdo-veratron-vmh35","status":"publish","type":"product","link":"https:\/\/stoic-curie.212-227-153-4.plesk.page\/nl\/product\/digitale-meter-vdo-veratron-vmh35\/","title":{"rendered":"Digitale meter VDO Veratron VMH35"},"content":{"rendered":"<p>Digitale meter VDO Veratron VMH35 &#8211; <\/p>\n<p>Multifunctioneel digitaal TFT hybride kleurenscherm met zwart mineraalglas en RVS basis. Voorzien van NMEA2000-connectiviteit en een snelheidsmeter met ge\u00efntegreerde GPS-antenne. Twee analoge ingangen en \u00e9\u00e9n frequentie-invoer voor niet-NMEA snelheidsmeters, instelbaar voor compatibiliteit met iedere sensor. Standaard geleverd op Honda\/Selva motoren, compatibel met alle andere 12V analoge en elektronische motoren.<\/p>\n","protected":false},"excerpt":{"rendered":"<p>Digitale meter VDO Veratron VMH35 &#8211; Multifunctioneel digitaal TFT hybride kleurenscherm met zwart mineraalglas en RVS basis. Voorzien van NMEA2000-connectiviteit<\/p>\n","protected":false},"featured_media":5946645,"comment_status":"closed","ping_status":"closed","template":"","meta":[],"product_brand":[3513],"product_cat":[2583],"product_tag":[],"class_list":{"0":"post-1031574","1":"product","2":"type-product","3":"status-publish","4":"has-post-thumbnail","6":"product_brand-vdo-veratron-nl","7":"product_cat-vdo-meters","9":"first","10":"instock","11":"shipping-taxable","12":"purchasable","13":"product-type-simple"},"_links":{"self":[{"href":"https:\/\/stoic-curie.212-227-153-4.plesk.page\/nl\/wp-json\/wp\/v2\/product\/1031574","targetHints":{"allow":["GET"]}}],"collection":[{"href":"https:\/\/stoic-curie.212-227-153-4.plesk.page\/nl\/wp-json\/wp\/v2\/product"}],"about":[{"href":"https:\/\/stoic-curie.212-227-153-4.plesk.page\/nl\/wp-json\/wp\/v2\/types\/product"}],"replies":[{"embeddable":true,"href":"https:\/\/stoic-curie.212-227-153-4.plesk.page\/nl\/wp-json\/wp\/v2\/comments?post=1031574"}],"version-history":[{"count":0,"href":"https:\/\/stoic-curie.212-227-153-4.plesk.page\/nl\/wp-json\/wp\/v2\/product\/1031574\/revisions"}],"wp:featuredmedia":[{"embeddable":true,"href":"https:\/\/stoic-curie.212-227-153-4.plesk.page\/nl\/wp-json\/wp\/v2\/media\/5946645"}],"wp:attachment":[{"href":"https:\/\/stoic-curie.212-227-153-4.plesk.page\/nl\/wp-json\/wp\/v2\/media?parent=1031574"}],"wp:term":[{"taxonomy":"product_brand","embeddable":true,"href":"https:\/\/stoic-curie.212-227-153-4.plesk.page\/nl\/wp-json\/wp\/v2\/product_brand?post=1031574"},{"taxonomy":"product_cat","embeddable":true,"href":"https:\/\/stoic-curie.212-227-153-4.plesk.page\/nl\/wp-json\/wp\/v2\/product_cat?post=1031574"},{"taxonomy":"product_tag","embeddable":true,"href":"https:\/\/stoic-curie.212-227-153-4.plesk.page\/nl\/wp-json\/wp\/v2\/product_tag?post=1031574"}],"curies":[{"name":"wp","href":"https:\/\/api.w.org\/{rel}","templated":true}]}}