{"id":1032256,"date":"2025-04-08T16:21:16","date_gmt":"2025-04-08T20:21:16","guid":{"rendered":"https:\/\/stoic-curie.212-227-153-4.plesk.page\/product\/hydraulische-cilinder-ultraflex-uc128-obf-1\/"},"modified":"2026-02-25T00:55:23","modified_gmt":"2026-02-25T00:55:23","slug":"hydraulische-cilinder-ultraflex-uc128-obf-1","status":"publish","type":"product","link":"https:\/\/stoic-curie.212-227-153-4.plesk.page\/nl\/product\/hydraulische-cilinder-ultraflex-uc128-obf-1\/","title":{"rendered":"Hydraulische Cilinder Ultraflex UC128-OBF\/1"},"content":{"rendered":"<p>Hydraulische Cilinder Ultraflex UC128-OBF\/1 &#8211; <\/p>\n<p style=\"color: rgb(34, 34, 34); font-family: Arial, Helvetica, sans-serif; font-size: small;\"><strong>UC128-OBF Voorzijde Montage Cilinder<\/strong><\/p>\n<p style=\"color: rgb(34, 34, 34); font-family: Arial, Helvetica, sans-serif; font-size: small;\">De UC128-OBF is een goed gebalanceerde voorzijde montage cilinder, die garandeert dat het aantal wielrotaties van lock naar lock identiek is aan zowel de stuur- als de bakboordzijde.<\/p>\n<p style=\"color: rgb(34, 34, 34); font-family: Arial, Helvetica, sans-serif; font-size: small;\"><strong>Belangrijkste Kenmerken:<\/strong><\/p>\n<ul style=\"color: rgb(34, 34, 34); font-family: Arial, Helvetica, sans-serif; font-size: small;\">\n<li>Verstelbare boss-stijl bevestigingen voor eenvoudige installatie<\/li>\n<li>Stevige roestvrijstalen verbindingsbout (ULTRABOLT)<\/li>\n<li>Vervangbare einddoppen voor gemakkelijke onderhoud<\/li>\n<\/ul>\n<p style=\"color: rgb(34, 34, 34); font-family: Arial, Helvetica, sans-serif; font-size: small;\">De UC128-OBF\/1 cilinder is uitgerust met een zwaar roestvrijstalen staaf, sterke afdichtingen en schakelassemblages. Het is ontworpen voor een eenvoudige installatie en is compatibel met bijna alle beschikbare 2-takt en 4-takt buitenboordmotoren op de markt van vandaag.<\/p>\n<p style=\"color: rgb(34, 34, 34); font-family: Arial, Helvetica, sans-serif; font-size: small;\">Deze cilinder wordt aanbevolen voor gebruik met UP25, UP28, UP33 en UP39 serie stuurmechanismen, samen met voorgemonteerde slangen (Kit OB en Kit OB\/R5). Voor opstellingen die dubbele UC128-OBF cilinders vereisen, moet u \u00e9\u00e9n standaard UC128-OBF cilinder (met de schakelarm aan de bakboordzijde) en \u00e9\u00e9n port UC128P-OBF cilinder (met de schakelarm aan de stuurzijde) kopen. Raadpleeg de sectie van de tie bars om het juiste model voor dubbele motor- en dubbele cilinderconfiguraties te kiezen.<\/p>\n<p style=\"color: rgb(34, 34, 34); font-family: Arial, Helvetica, sans-serif; font-size: small;\"><strong>Toepassingen:<\/strong> De UC128-OBF voorzijde montage cilinder is niet ontworpen voor installaties waar de botensnelheden 55 mph (48 knopen) of 65 mph (56 knopen) overschrijden in scenario&#8217;s met dubbele motoren, dubbele cilinders en tegenroterende motoren. Het is niet geschikt voor races.<\/p>\n<p style=\"color: rgb(34, 34, 34); font-family: Arial, Helvetica, sans-serif; font-size: small;\"><strong>Specificaties:<\/strong><\/p>\n<ul style=\"color: rgb(34, 34, 34); font-family: Arial, Helvetica, sans-serif; font-size: small;\">\n<li>Inhoud: 120 cc (7.3 cu.in)<\/li>\n<li>Uitgangskracht: 450 kg (992 lbs)<\/li>\n<li>Interne Diameter: 35 mm (1.37&#8243;)<\/li>\n<li>Slag: 185 mm (7.28&#8243;)<\/li>\n<li>Bevestigingen voor Hoge Druk Flexibele Slang: 3\/8&#8243;<\/li>\n<li>Aftapbevestigingen: DN5 Snelle Verbinding<\/li>\n<\/ul>\n","protected":false},"excerpt":{"rendered":"<p>Hydraulische Cilinder Ultraflex UC128-OBF\/1 &#8211; UC128-OBF Voorzijde Montage Cilinder De UC128-OBF is een goed gebalanceerde voorzijde montage cilinder, die garandeert<\/p>\n","protected":false},"featured_media":5948488,"comment_status":"closed","ping_status":"closed","template":"","meta":[],"product_brand":[3503],"product_cat":[2621],"product_tag":[],"class_list":{"0":"post-1032256","1":"product","2":"type-product","3":"status-publish","4":"has-post-thumbnail","6":"product_brand-ultraflex-uflex-nl","7":"product_cat-hydraulische-besturing","9":"first","10":"instock","11":"shipping-taxable","12":"purchasable","13":"product-type-simple"},"_links":{"self":[{"href":"https:\/\/stoic-curie.212-227-153-4.plesk.page\/nl\/wp-json\/wp\/v2\/product\/1032256","targetHints":{"allow":["GET"]}}],"collection":[{"href":"https:\/\/stoic-curie.212-227-153-4.plesk.page\/nl\/wp-json\/wp\/v2\/product"}],"about":[{"href":"https:\/\/stoic-curie.212-227-153-4.plesk.page\/nl\/wp-json\/wp\/v2\/types\/product"}],"replies":[{"embeddable":true,"href":"https:\/\/stoic-curie.212-227-153-4.plesk.page\/nl\/wp-json\/wp\/v2\/comments?post=1032256"}],"version-history":[{"count":0,"href":"https:\/\/stoic-curie.212-227-153-4.plesk.page\/nl\/wp-json\/wp\/v2\/product\/1032256\/revisions"}],"wp:featuredmedia":[{"embeddable":true,"href":"https:\/\/stoic-curie.212-227-153-4.plesk.page\/nl\/wp-json\/wp\/v2\/media\/5948488"}],"wp:attachment":[{"href":"https:\/\/stoic-curie.212-227-153-4.plesk.page\/nl\/wp-json\/wp\/v2\/media?parent=1032256"}],"wp:term":[{"taxonomy":"product_brand","embeddable":true,"href":"https:\/\/stoic-curie.212-227-153-4.plesk.page\/nl\/wp-json\/wp\/v2\/product_brand?post=1032256"},{"taxonomy":"product_cat","embeddable":true,"href":"https:\/\/stoic-curie.212-227-153-4.plesk.page\/nl\/wp-json\/wp\/v2\/product_cat?post=1032256"},{"taxonomy":"product_tag","embeddable":true,"href":"https:\/\/stoic-curie.212-227-153-4.plesk.page\/nl\/wp-json\/wp\/v2\/product_tag?post=1032256"}],"curies":[{"name":"wp","href":"https:\/\/api.w.org\/{rel}","templated":true}]}}