{"id":1032273,"date":"2025-04-08T16:21:19","date_gmt":"2025-04-08T20:21:19","guid":{"rendered":"https:\/\/stoic-curie.212-227-153-4.plesk.page\/product\/hydraulische-pomp-vetus-htp3010\/"},"modified":"2026-02-25T00:55:23","modified_gmt":"2026-02-25T00:55:23","slug":"hydraulische-pomp-vetus-htp3010","status":"publish","type":"product","link":"https:\/\/stoic-curie.212-227-153-4.plesk.page\/nl\/product\/hydraulische-pomp-vetus-htp3010\/","title":{"rendered":"Hydraulische pomp Vetus HTP3010"},"content":{"rendered":"<p>Hydraulische pomp Vetus HTP3010 &#8211; <\/p>\n<p style=\"color: rgb(34, 34, 34); font-family: Arial, Helvetica, sans-serif; font-size: small;\">Presenting de nieuwste Vetus hydraulische stuurpomp, een compacte oplossing die specifiek is ontworpen voor compatibiliteit met Vetus cilinders MTC52 &#8211; 125. Deze pomp heeft een eenvoudig montage systeem met vier bevestigingsbouten aan de achterkant en beschikt over een industriestandaard 3\/4&#8243; taps toelopende as.<\/p>\n<p style=\"color: rgb(34, 34, 34); font-family: Arial, Helvetica, sans-serif; font-size: small;\">Het kan onder elke hoek worden ge\u00efnstalleerd en gebruikt, zowel horizontaal als verticaal, waardoor het veelzijdigheid biedt voor verschillende toepassingen. Belangrijk is dat deze pomp geen terugslagkleppen heeft.<\/p>\n<p style=\"color: rgb(34, 34, 34); font-family: Arial, Helvetica, sans-serif; font-size: small;\">Belangrijkste kenmerken van de Vetus HTP pompen zijn:<\/p>\n<ul style=\"color: rgb(34, 34, 34); font-family: Arial, Helvetica, sans-serif; font-size: small;\">\n<li>Kleur: Off White (RAL9002)<\/li>\n<li>10mm compressie-aansluitingen voor drukleidingen en een afvalpijp<\/li>\n<li>Bevestigingsstangen, moeren en ringen inbegrepen<\/li>\n<li>E\u00e9n beluchte en \u00e9\u00e9n niet-beluchte vulplug<\/li>\n<\/ul>\n<p style=\"color: rgb(34, 34, 34); font-family: Arial, Helvetica, sans-serif; font-size: small;\"><strong>Technische specificaties:<\/strong><\/p>\n<ul style=\"color: rgb(34, 34, 34); font-family: Arial, Helvetica, sans-serif; font-size: small;\">\n<li>Capaciteit: 30,0 cm\u00b3\/rev<\/li>\n<li>Aantal zuigers: 5<\/li>\n<li>Gewicht: 3,3 kg<\/li>\n<\/ul>\n<p style=\"color: rgb(34, 34, 34); font-family: Arial, Helvetica, sans-serif; font-size: small;\"><strong>Aanvullende specificaties:<\/strong><\/p>\n<ul style=\"color: rgb(34, 34, 34); font-family: Arial, Helvetica, sans-serif; font-size: small;\">\n<li>Kleur: Wit<\/li>\n<li>Pomp type: HTP30<\/li>\n<li>Klep: Geen terugslagkleppen<\/li>\n<li>Bedoeld gebruik: Recreatief<\/li>\n<li>Buismaat: 10 mm<\/li>\n<li>Pomp capaciteit: 30 cm\u00b3\/rev<\/li>\n<\/ul>\n<p style=\"color: rgb(34, 34, 34); font-family: Arial, Helvetica, sans-serif; font-size: small;\">Deze pomp combineert effici\u00ebntie met gebruiksvriendelijkheid, waardoor het een uitstekende keuze is voor liefhebbers van recreatief varen.<\/p>\n","protected":false},"excerpt":{"rendered":"<p>Hydraulische pomp Vetus HTP3010 &#8211; Presenting de nieuwste Vetus hydraulische stuurpomp, een compacte oplossing die specifiek is ontworpen voor compatibiliteit<\/p>\n","protected":false},"featured_media":5948549,"comment_status":"closed","ping_status":"closed","template":"","meta":[],"product_brand":[3523],"product_cat":[2621],"product_tag":[],"class_list":{"0":"post-1032273","1":"product","2":"type-product","3":"status-publish","4":"has-post-thumbnail","6":"product_brand-vetus-nl","7":"product_cat-hydraulische-besturing","9":"first","10":"instock","11":"shipping-taxable","12":"purchasable","13":"product-type-simple"},"_links":{"self":[{"href":"https:\/\/stoic-curie.212-227-153-4.plesk.page\/nl\/wp-json\/wp\/v2\/product\/1032273","targetHints":{"allow":["GET"]}}],"collection":[{"href":"https:\/\/stoic-curie.212-227-153-4.plesk.page\/nl\/wp-json\/wp\/v2\/product"}],"about":[{"href":"https:\/\/stoic-curie.212-227-153-4.plesk.page\/nl\/wp-json\/wp\/v2\/types\/product"}],"replies":[{"embeddable":true,"href":"https:\/\/stoic-curie.212-227-153-4.plesk.page\/nl\/wp-json\/wp\/v2\/comments?post=1032273"}],"version-history":[{"count":0,"href":"https:\/\/stoic-curie.212-227-153-4.plesk.page\/nl\/wp-json\/wp\/v2\/product\/1032273\/revisions"}],"wp:featuredmedia":[{"embeddable":true,"href":"https:\/\/stoic-curie.212-227-153-4.plesk.page\/nl\/wp-json\/wp\/v2\/media\/5948549"}],"wp:attachment":[{"href":"https:\/\/stoic-curie.212-227-153-4.plesk.page\/nl\/wp-json\/wp\/v2\/media?parent=1032273"}],"wp:term":[{"taxonomy":"product_brand","embeddable":true,"href":"https:\/\/stoic-curie.212-227-153-4.plesk.page\/nl\/wp-json\/wp\/v2\/product_brand?post=1032273"},{"taxonomy":"product_cat","embeddable":true,"href":"https:\/\/stoic-curie.212-227-153-4.plesk.page\/nl\/wp-json\/wp\/v2\/product_cat?post=1032273"},{"taxonomy":"product_tag","embeddable":true,"href":"https:\/\/stoic-curie.212-227-153-4.plesk.page\/nl\/wp-json\/wp\/v2\/product_tag?post=1032273"}],"curies":[{"name":"wp","href":"https:\/\/api.w.org\/{rel}","templated":true}]}}