{"id":1032392,"date":"2025-04-08T16:21:44","date_gmt":"2025-04-08T20:21:44","guid":{"rendered":"https:\/\/stoic-curie.212-227-153-4.plesk.page\/product\/afvoersysteem-rule-98b-met-800gph-pomp-24v\/"},"modified":"2026-02-25T00:55:24","modified_gmt":"2026-02-25T00:55:24","slug":"afvoersysteem-rule-98b-met-800gph-pomp-24v","status":"publish","type":"product","link":"https:\/\/stoic-curie.212-227-153-4.plesk.page\/nl\/product\/afvoersysteem-rule-98b-met-800gph-pomp-24v\/","title":{"rendered":"Afvoersysteem Rule 98B Met 800gph pomp 24v"},"content":{"rendered":"<p>Afvoersysteem Rule 98B Met 800gph pomp 24v &#8211; <\/p>\n<p>Regel doucheafvoersysteem met automatische pomp en vlotterschakelaar. Maximale lift van 2,7 meter, 1&#8243; draaduitlaat met terugslagklep. Drie 1&#8243; draadzuigpoorten, waarvan er \u00e9\u00e9n uitgerust is met een buis-naar-slang connector voor mogelijke 38 mm slangen. Compleet met drie 1&#8243; draadfittingen, waaronder \u00e9\u00e9n 20 mm buis-naar-slang, \u00e9\u00e9n 25 mm en \u00e9\u00e9n 30 mm fitting.<\/p>\n","protected":false},"excerpt":{"rendered":"<p>Afvoersysteem Rule 98B Met 800gph pomp 24v &#8211; Regel doucheafvoersysteem met automatische pomp en vlotterschakelaar. Maximale lift van 2,7 meter,<\/p>\n","protected":false},"featured_media":5948734,"comment_status":"closed","ping_status":"closed","template":"","meta":[],"product_brand":[3328],"product_cat":[2450,2454],"product_tag":[],"class_list":{"0":"post-1032392","1":"product","2":"type-product","3":"status-publish","4":"has-post-thumbnail","6":"product_brand-rule-nl","7":"product_cat-boot-douches","8":"product_cat-grijswatersystemen","10":"first","11":"instock","12":"shipping-taxable","13":"purchasable","14":"product-type-simple"},"_links":{"self":[{"href":"https:\/\/stoic-curie.212-227-153-4.plesk.page\/nl\/wp-json\/wp\/v2\/product\/1032392","targetHints":{"allow":["GET"]}}],"collection":[{"href":"https:\/\/stoic-curie.212-227-153-4.plesk.page\/nl\/wp-json\/wp\/v2\/product"}],"about":[{"href":"https:\/\/stoic-curie.212-227-153-4.plesk.page\/nl\/wp-json\/wp\/v2\/types\/product"}],"replies":[{"embeddable":true,"href":"https:\/\/stoic-curie.212-227-153-4.plesk.page\/nl\/wp-json\/wp\/v2\/comments?post=1032392"}],"version-history":[{"count":0,"href":"https:\/\/stoic-curie.212-227-153-4.plesk.page\/nl\/wp-json\/wp\/v2\/product\/1032392\/revisions"}],"wp:featuredmedia":[{"embeddable":true,"href":"https:\/\/stoic-curie.212-227-153-4.plesk.page\/nl\/wp-json\/wp\/v2\/media\/5948734"}],"wp:attachment":[{"href":"https:\/\/stoic-curie.212-227-153-4.plesk.page\/nl\/wp-json\/wp\/v2\/media?parent=1032392"}],"wp:term":[{"taxonomy":"product_brand","embeddable":true,"href":"https:\/\/stoic-curie.212-227-153-4.plesk.page\/nl\/wp-json\/wp\/v2\/product_brand?post=1032392"},{"taxonomy":"product_cat","embeddable":true,"href":"https:\/\/stoic-curie.212-227-153-4.plesk.page\/nl\/wp-json\/wp\/v2\/product_cat?post=1032392"},{"taxonomy":"product_tag","embeddable":true,"href":"https:\/\/stoic-curie.212-227-153-4.plesk.page\/nl\/wp-json\/wp\/v2\/product_tag?post=1032392"}],"curies":[{"name":"wp","href":"https:\/\/api.w.org\/{rel}","templated":true}]}}