{"id":1032482,"date":"2025-04-08T16:22:02","date_gmt":"2025-04-08T20:22:02","guid":{"rendered":"https:\/\/stoic-curie.212-227-153-4.plesk.page\/product\/garmin-echomap-uhd2-72cv-zonder-transducer\/"},"modified":"2026-02-25T00:55:26","modified_gmt":"2026-02-25T00:55:26","slug":"garmin-echomap-uhd2-72cv-zonder-transducer","status":"publish","type":"product","link":"https:\/\/stoic-curie.212-227-153-4.plesk.page\/nl\/product\/garmin-echomap-uhd2-72cv-zonder-transducer\/","title":{"rendered":"Garmin echomap uhd2 72cv zonder transducer"},"content":{"rendered":"<p>Garmin echomap uhd2 72cv zonder transducer &#8211; <\/p>\n<p>De Garmin echoMAP UHD2 72CV kaartplotter\/vishfinder is uitgerust met een 7&#8243;\/800&#215;480 pixels touchscreen-display, een ge\u00efntegreerd toetsenbord en een interne GPS-ontvanger. 500W ge\u00efntegreerde CHIRP, ClearVu en UHD-module. Compatibel met alle Garmin BlueChart en Garmin Navionics+ cartografie, met ge\u00efntegreerde draadloze connectiviteit, NMEA0183\/2000 en Fusion-Link. Het integreert volledig met alle boordystemen. Voorzien van alle Garmin-functies zoals Auto Guidance, Active Captain, Sail Assist en Quickdraw Contours. Inclusief verstelbare houder en stroom\/data-kabel. Compatibel met alle traditionele, All-in-One en UHD transducers, 4-pin aansluiting. Voor 8-pin transducers moet de adapterkabel apart worden aangeschaft. TD = Transducer<\/p>\n","protected":false},"excerpt":{"rendered":"<p>Garmin echomap uhd2 72cv zonder transducer &#8211; De Garmin echoMAP UHD2 72CV kaartplotter\/vishfinder is uitgerust met een 7&#8243;\/800&#215;480 pixels touchscreen-display,<\/p>\n","protected":false},"featured_media":5948869,"comment_status":"closed","ping_status":"closed","template":"","meta":[],"product_brand":[2973],"product_cat":[2542],"product_tag":[],"class_list":{"0":"post-1032482","1":"product","2":"type-product","3":"status-publish","4":"has-post-thumbnail","6":"product_brand-garmin-nl","7":"product_cat-maritieme-elektronica","9":"first","10":"instock","11":"shipping-taxable","12":"purchasable","13":"product-type-simple"},"_links":{"self":[{"href":"https:\/\/stoic-curie.212-227-153-4.plesk.page\/nl\/wp-json\/wp\/v2\/product\/1032482","targetHints":{"allow":["GET"]}}],"collection":[{"href":"https:\/\/stoic-curie.212-227-153-4.plesk.page\/nl\/wp-json\/wp\/v2\/product"}],"about":[{"href":"https:\/\/stoic-curie.212-227-153-4.plesk.page\/nl\/wp-json\/wp\/v2\/types\/product"}],"replies":[{"embeddable":true,"href":"https:\/\/stoic-curie.212-227-153-4.plesk.page\/nl\/wp-json\/wp\/v2\/comments?post=1032482"}],"version-history":[{"count":0,"href":"https:\/\/stoic-curie.212-227-153-4.plesk.page\/nl\/wp-json\/wp\/v2\/product\/1032482\/revisions"}],"wp:featuredmedia":[{"embeddable":true,"href":"https:\/\/stoic-curie.212-227-153-4.plesk.page\/nl\/wp-json\/wp\/v2\/media\/5948869"}],"wp:attachment":[{"href":"https:\/\/stoic-curie.212-227-153-4.plesk.page\/nl\/wp-json\/wp\/v2\/media?parent=1032482"}],"wp:term":[{"taxonomy":"product_brand","embeddable":true,"href":"https:\/\/stoic-curie.212-227-153-4.plesk.page\/nl\/wp-json\/wp\/v2\/product_brand?post=1032482"},{"taxonomy":"product_cat","embeddable":true,"href":"https:\/\/stoic-curie.212-227-153-4.plesk.page\/nl\/wp-json\/wp\/v2\/product_cat?post=1032482"},{"taxonomy":"product_tag","embeddable":true,"href":"https:\/\/stoic-curie.212-227-153-4.plesk.page\/nl\/wp-json\/wp\/v2\/product_tag?post=1032482"}],"curies":[{"name":"wp","href":"https:\/\/api.w.org\/{rel}","templated":true}]}}