{"id":1032689,"date":"2025-04-08T16:22:41","date_gmt":"2025-04-08T20:22:41","guid":{"rendered":"https:\/\/stoic-curie.212-227-153-4.plesk.page\/product\/garmin-gt20-tm\/"},"modified":"2026-02-25T00:55:27","modified_gmt":"2026-02-25T00:55:27","slug":"garmin-gt20-tm","status":"publish","type":"product","link":"https:\/\/stoic-curie.212-227-153-4.plesk.page\/nl\/product\/garmin-gt20-tm\/","title":{"rendered":"Garmin GT20-TM"},"content":{"rendered":"<p>Garmin GT20-TM &#8211; <\/p>\n<p>De Garmin echoMAP UHD2 72CV kaartplotter\/visscanner beschikt over een 7&#8243;\/800&#215;480 pixel touchscreen, ge\u00efntegreerd toetsenbord en interne GPS-ontvanger. 500W ge\u00efntegreerde CHIRP, ClearVu en UHD-module. Compatibel met alle Garmin BlueChart- en Garmin Navionics+-kaarten, met ge\u00efntegreerde draadloze connectiviteit, NMEA0183\/2000 en Fusion-Link. Integreert volledig met alle boordystemen. Voorzien van alle Garmin-functies, zoals Auto Guidance, Active Captain, Sail Assist en Quickdraw Contours. Compleet met een verstelbare beugels en stroom-\/datakabel. Compatibel met alle traditionele, All-in-One en UHD transducers, 4-pin verbinding. Voor 8-pin transducers moet het adapterkabel afzonderlijk worden aangeschaft. TD = Transducer<\/p>\n","protected":false},"excerpt":{"rendered":"<p>Garmin GT20-TM &#8211; De Garmin echoMAP UHD2 72CV kaartplotter\/visscanner beschikt over een 7&#8243;\/800&#215;480 pixel touchscreen, ge\u00efntegreerd toetsenbord en interne GPS-ontvanger.<\/p>\n","protected":false},"featured_media":5949065,"comment_status":"closed","ping_status":"closed","template":"","meta":[],"product_brand":[2973],"product_cat":[2542],"product_tag":[],"class_list":{"0":"post-1032689","1":"product","2":"type-product","3":"status-publish","4":"has-post-thumbnail","6":"product_brand-garmin-nl","7":"product_cat-maritieme-elektronica","9":"first","10":"instock","11":"shipping-taxable","12":"purchasable","13":"product-type-simple"},"_links":{"self":[{"href":"https:\/\/stoic-curie.212-227-153-4.plesk.page\/nl\/wp-json\/wp\/v2\/product\/1032689","targetHints":{"allow":["GET"]}}],"collection":[{"href":"https:\/\/stoic-curie.212-227-153-4.plesk.page\/nl\/wp-json\/wp\/v2\/product"}],"about":[{"href":"https:\/\/stoic-curie.212-227-153-4.plesk.page\/nl\/wp-json\/wp\/v2\/types\/product"}],"replies":[{"embeddable":true,"href":"https:\/\/stoic-curie.212-227-153-4.plesk.page\/nl\/wp-json\/wp\/v2\/comments?post=1032689"}],"version-history":[{"count":0,"href":"https:\/\/stoic-curie.212-227-153-4.plesk.page\/nl\/wp-json\/wp\/v2\/product\/1032689\/revisions"}],"wp:featuredmedia":[{"embeddable":true,"href":"https:\/\/stoic-curie.212-227-153-4.plesk.page\/nl\/wp-json\/wp\/v2\/media\/5949065"}],"wp:attachment":[{"href":"https:\/\/stoic-curie.212-227-153-4.plesk.page\/nl\/wp-json\/wp\/v2\/media?parent=1032689"}],"wp:term":[{"taxonomy":"product_brand","embeddable":true,"href":"https:\/\/stoic-curie.212-227-153-4.plesk.page\/nl\/wp-json\/wp\/v2\/product_brand?post=1032689"},{"taxonomy":"product_cat","embeddable":true,"href":"https:\/\/stoic-curie.212-227-153-4.plesk.page\/nl\/wp-json\/wp\/v2\/product_cat?post=1032689"},{"taxonomy":"product_tag","embeddable":true,"href":"https:\/\/stoic-curie.212-227-153-4.plesk.page\/nl\/wp-json\/wp\/v2\/product_tag?post=1032689"}],"curies":[{"name":"wp","href":"https:\/\/api.w.org\/{rel}","templated":true}]}}