{"id":3705106,"date":"2025-10-13T14:42:27","date_gmt":"2025-10-13T18:42:27","guid":{"rendered":"https:\/\/stoic-curie.212-227-153-4.plesk.page\/product\/blauwe-hoes-bestendig-tegen-uv-stralen-voor-staalkabel-columbus-60-cm\/"},"modified":"2026-02-25T00:55:01","modified_gmt":"2026-02-25T00:55:01","slug":"blauwe-hoes-bestendig-tegen-uv-stralen-voor-staalkabel-columbus-60-cm","status":"publish","type":"product","link":"https:\/\/stoic-curie.212-227-153-4.plesk.page\/nl\/product\/blauwe-hoes-bestendig-tegen-uv-stralen-voor-staalkabel-columbus-60-cm\/","title":{"rendered":"Blauwe Hoes Bestendig tegen UV-Stralen voor Staalkabel Columbus 60 cm"},"content":{"rendered":"<p>Blauwe Hoes Bestendig tegen UV-Stralen voor Staalkabel Columbus 60 cm &#8211; <\/p>\n<p>UV-bestendig 600 DEN stof Columbus Guard Rail Cover met schuiminterieur. Dubbele klittenbandsluiting: \u00e9\u00e9n intern voor het bedekken van de reling en \u00e9\u00e9n extern om de hoes vast te zetten.<\/p>\n","protected":false},"excerpt":{"rendered":"<p>Blauwe Hoes Bestendig tegen UV-Stralen voor Staalkabel Columbus 60 cm &#8211; UV-bestendig 600 DEN stof Columbus Guard Rail Cover met<\/p>\n","protected":false},"featured_media":5944014,"comment_status":"closed","ping_status":"closed","template":"","meta":[],"product_brand":[3178],"product_cat":[2556,2564],"product_tag":[],"class_list":{"0":"post-3705106","1":"product","2":"type-product","3":"status-publish","4":"has-post-thumbnail","6":"product_brand-navishell-nl","7":"product_cat-stagen","8":"product_cat-zeilboothoezen-en-beschermers","10":"first","11":"instock","12":"shipping-taxable","13":"purchasable","14":"product-type-simple"},"_links":{"self":[{"href":"https:\/\/stoic-curie.212-227-153-4.plesk.page\/nl\/wp-json\/wp\/v2\/product\/3705106","targetHints":{"allow":["GET"]}}],"collection":[{"href":"https:\/\/stoic-curie.212-227-153-4.plesk.page\/nl\/wp-json\/wp\/v2\/product"}],"about":[{"href":"https:\/\/stoic-curie.212-227-153-4.plesk.page\/nl\/wp-json\/wp\/v2\/types\/product"}],"replies":[{"embeddable":true,"href":"https:\/\/stoic-curie.212-227-153-4.plesk.page\/nl\/wp-json\/wp\/v2\/comments?post=3705106"}],"version-history":[{"count":0,"href":"https:\/\/stoic-curie.212-227-153-4.plesk.page\/nl\/wp-json\/wp\/v2\/product\/3705106\/revisions"}],"wp:featuredmedia":[{"embeddable":true,"href":"https:\/\/stoic-curie.212-227-153-4.plesk.page\/nl\/wp-json\/wp\/v2\/media\/5944014"}],"wp:attachment":[{"href":"https:\/\/stoic-curie.212-227-153-4.plesk.page\/nl\/wp-json\/wp\/v2\/media?parent=3705106"}],"wp:term":[{"taxonomy":"product_brand","embeddable":true,"href":"https:\/\/stoic-curie.212-227-153-4.plesk.page\/nl\/wp-json\/wp\/v2\/product_brand?post=3705106"},{"taxonomy":"product_cat","embeddable":true,"href":"https:\/\/stoic-curie.212-227-153-4.plesk.page\/nl\/wp-json\/wp\/v2\/product_cat?post=3705106"},{"taxonomy":"product_tag","embeddable":true,"href":"https:\/\/stoic-curie.212-227-153-4.plesk.page\/nl\/wp-json\/wp\/v2\/product_tag?post=3705106"}],"curies":[{"name":"wp","href":"https:\/\/api.w.org\/{rel}","templated":true}]}}