{"id":3706282,"date":"2025-10-13T14:47:40","date_gmt":"2025-10-13T18:47:40","guid":{"rendered":"https:\/\/stoic-curie.212-227-153-4.plesk.page\/product\/set-wegwerp-bedlinnen-200-x-190-dubbel\/"},"modified":"2026-02-25T00:55:10","modified_gmt":"2026-02-25T00:55:10","slug":"set-wegwerp-bedlinnen-200-x-190-dubbel","status":"publish","type":"product","link":"https:\/\/stoic-curie.212-227-153-4.plesk.page\/nl\/product\/set-wegwerp-bedlinnen-200-x-190-dubbel\/","title":{"rendered":"Set Wegwerp Bedlinnen 200 x 190 (Dubbel)"},"content":{"rendered":"<p>Set Wegwerp Bedlinnen 200 x 190 (Dubbel) &#8211; <\/p>\n<p>Eenslag bedlinnen set voor eenpersoons- of tweepersoonsbed, compleet met kussenslopen, samengesteld uit biologisch afbreekbare natuurlijke vezels. Geleverd in verzegelde verpakking voor perfecte hygi\u00ebne. Zacht, licht, ademend, hypoallergeen en prettig voor de huid. Herbruikbaar voor \u00e9\u00e9n of twee weken. De ideale oplossing om waskosten te vermijden of als noodset voor gasten.<\/p>\n","protected":false},"excerpt":{"rendered":"<p>Set Wegwerp Bedlinnen 200 x 190 (Dubbel) &#8211; Eenslag bedlinnen set voor eenpersoons- of tweepersoonsbed, compleet met kussenslopen, samengesteld uit<\/p>\n","protected":false},"featured_media":5945876,"comment_status":"closed","ping_status":"closed","template":"","meta":[],"product_brand":[3113],"product_cat":[2441],"product_tag":[],"class_list":{"0":"post-3706282","1":"product","2":"type-product","3":"status-publish","4":"has-post-thumbnail","6":"product_brand-marine-business-mb-nl","7":"product_cat-tapijt-en-bekleding","9":"first","10":"instock","11":"shipping-taxable","12":"purchasable","13":"product-type-simple"},"_links":{"self":[{"href":"https:\/\/stoic-curie.212-227-153-4.plesk.page\/nl\/wp-json\/wp\/v2\/product\/3706282","targetHints":{"allow":["GET"]}}],"collection":[{"href":"https:\/\/stoic-curie.212-227-153-4.plesk.page\/nl\/wp-json\/wp\/v2\/product"}],"about":[{"href":"https:\/\/stoic-curie.212-227-153-4.plesk.page\/nl\/wp-json\/wp\/v2\/types\/product"}],"replies":[{"embeddable":true,"href":"https:\/\/stoic-curie.212-227-153-4.plesk.page\/nl\/wp-json\/wp\/v2\/comments?post=3706282"}],"version-history":[{"count":0,"href":"https:\/\/stoic-curie.212-227-153-4.plesk.page\/nl\/wp-json\/wp\/v2\/product\/3706282\/revisions"}],"wp:featuredmedia":[{"embeddable":true,"href":"https:\/\/stoic-curie.212-227-153-4.plesk.page\/nl\/wp-json\/wp\/v2\/media\/5945876"}],"wp:attachment":[{"href":"https:\/\/stoic-curie.212-227-153-4.plesk.page\/nl\/wp-json\/wp\/v2\/media?parent=3706282"}],"wp:term":[{"taxonomy":"product_brand","embeddable":true,"href":"https:\/\/stoic-curie.212-227-153-4.plesk.page\/nl\/wp-json\/wp\/v2\/product_brand?post=3706282"},{"taxonomy":"product_cat","embeddable":true,"href":"https:\/\/stoic-curie.212-227-153-4.plesk.page\/nl\/wp-json\/wp\/v2\/product_cat?post=3706282"},{"taxonomy":"product_tag","embeddable":true,"href":"https:\/\/stoic-curie.212-227-153-4.plesk.page\/nl\/wp-json\/wp\/v2\/product_tag?post=3706282"}],"curies":[{"name":"wp","href":"https:\/\/api.w.org\/{rel}","templated":true}]}}