{"id":3706407,"date":"2025-10-13T14:48:17","date_gmt":"2025-10-13T18:48:17","guid":{"rendered":"https:\/\/stoic-curie.212-227-153-4.plesk.page\/product\/magnetische-deurhouder-35-x-22mm\/"},"modified":"2026-02-25T00:55:11","modified_gmt":"2026-02-25T00:55:11","slug":"magnetische-deurhouder-35-x-22mm","status":"publish","type":"product","link":"https:\/\/stoic-curie.212-227-153-4.plesk.page\/nl\/product\/magnetische-deurhouder-35-x-22mm\/","title":{"rendered":"Magnetische Deurhouder 35 x 22mm"},"content":{"rendered":"<p>Magnetische Deurhouder 35 x 22mm &#8211; <\/p>\n<p>Witte kunststof magnetische deur- en kastvergrendeling met ring. Samengesteld uit twee afzonderlijk te monteren delen, \u00e9\u00e9n op het vaste deel en \u00e9\u00e9n op het beweegbare deel. Verkocht in paren.<\/p>\n","protected":false},"excerpt":{"rendered":"<p>Magnetische Deurhouder 35 x 22mm &#8211; Witte kunststof magnetische deur- en kastvergrendeling met ring. Samengesteld uit twee afzonderlijk te monteren<\/p>\n","protected":false},"featured_media":5946218,"comment_status":"closed","ping_status":"closed","template":"","meta":[],"product_brand":[3138],"product_cat":[2508],"product_tag":[],"class_list":{"0":"post-3706407","1":"product","2":"type-product","3":"status-publish","4":"has-post-thumbnail","6":"product_brand-masterlock-nl","7":"product_cat-hutbeslag","9":"first","10":"instock","11":"shipping-taxable","12":"purchasable","13":"product-type-simple"},"_links":{"self":[{"href":"https:\/\/stoic-curie.212-227-153-4.plesk.page\/nl\/wp-json\/wp\/v2\/product\/3706407","targetHints":{"allow":["GET"]}}],"collection":[{"href":"https:\/\/stoic-curie.212-227-153-4.plesk.page\/nl\/wp-json\/wp\/v2\/product"}],"about":[{"href":"https:\/\/stoic-curie.212-227-153-4.plesk.page\/nl\/wp-json\/wp\/v2\/types\/product"}],"replies":[{"embeddable":true,"href":"https:\/\/stoic-curie.212-227-153-4.plesk.page\/nl\/wp-json\/wp\/v2\/comments?post=3706407"}],"version-history":[{"count":0,"href":"https:\/\/stoic-curie.212-227-153-4.plesk.page\/nl\/wp-json\/wp\/v2\/product\/3706407\/revisions"}],"wp:featuredmedia":[{"embeddable":true,"href":"https:\/\/stoic-curie.212-227-153-4.plesk.page\/nl\/wp-json\/wp\/v2\/media\/5946218"}],"wp:attachment":[{"href":"https:\/\/stoic-curie.212-227-153-4.plesk.page\/nl\/wp-json\/wp\/v2\/media?parent=3706407"}],"wp:term":[{"taxonomy":"product_brand","embeddable":true,"href":"https:\/\/stoic-curie.212-227-153-4.plesk.page\/nl\/wp-json\/wp\/v2\/product_brand?post=3706407"},{"taxonomy":"product_cat","embeddable":true,"href":"https:\/\/stoic-curie.212-227-153-4.plesk.page\/nl\/wp-json\/wp\/v2\/product_cat?post=3706407"},{"taxonomy":"product_tag","embeddable":true,"href":"https:\/\/stoic-curie.212-227-153-4.plesk.page\/nl\/wp-json\/wp\/v2\/product_tag?post=3706407"}],"curies":[{"name":"wp","href":"https:\/\/api.w.org\/{rel}","templated":true}]}}