{"id":3706537,"date":"2025-10-13T14:48:54","date_gmt":"2025-10-13T18:48:54","guid":{"rendered":"https:\/\/stoic-curie.212-227-153-4.plesk.page\/product\/melamine-tafelservice-bluebay-16-stuks\/"},"modified":"2026-02-25T00:55:15","modified_gmt":"2026-02-25T00:55:15","slug":"melamine-tafelservice-bluebay-16-stuks","status":"publish","type":"product","link":"https:\/\/stoic-curie.212-227-153-4.plesk.page\/nl\/product\/melamine-tafelservice-bluebay-16-stuks\/","title":{"rendered":"Melamine Tafelservice Bluebay 16 stuks"},"content":{"rendered":"<p>Melamine Tafelservice Bluebay 16 stuks &#8211; <\/p>\n<p>Bluebay 16-delige set van licht en onbreekbaar voedselveilig melamine. Bestaat uit: 4 x \u00d8 25 cm dinerborden 4 x \u00d8 22 cm soepborden 4 x \u00d8 20 cm dessertborden 4 x 35 cl mokken.<\/p>\n","protected":false},"excerpt":{"rendered":"<p>Melamine Tafelservice Bluebay 16 stuks &#8211; Bluebay 16-delige set van licht en onbreekbaar voedselveilig melamine. Bestaat uit: 4 x \u00d8<\/p>\n","protected":false},"featured_media":5946474,"comment_status":"closed","ping_status":"closed","template":"","meta":[],"product_brand":[3238],"product_cat":[2443],"product_tag":[],"class_list":{"0":"post-3706537","1":"product","2":"type-product","3":"status-publish","4":"has-post-thumbnail","6":"product_brand-osculati-nl","7":"product_cat-serviesgoed","9":"first","10":"instock","11":"shipping-taxable","12":"purchasable","13":"product-type-simple"},"_links":{"self":[{"href":"https:\/\/stoic-curie.212-227-153-4.plesk.page\/nl\/wp-json\/wp\/v2\/product\/3706537","targetHints":{"allow":["GET"]}}],"collection":[{"href":"https:\/\/stoic-curie.212-227-153-4.plesk.page\/nl\/wp-json\/wp\/v2\/product"}],"about":[{"href":"https:\/\/stoic-curie.212-227-153-4.plesk.page\/nl\/wp-json\/wp\/v2\/types\/product"}],"replies":[{"embeddable":true,"href":"https:\/\/stoic-curie.212-227-153-4.plesk.page\/nl\/wp-json\/wp\/v2\/comments?post=3706537"}],"version-history":[{"count":0,"href":"https:\/\/stoic-curie.212-227-153-4.plesk.page\/nl\/wp-json\/wp\/v2\/product\/3706537\/revisions"}],"wp:featuredmedia":[{"embeddable":true,"href":"https:\/\/stoic-curie.212-227-153-4.plesk.page\/nl\/wp-json\/wp\/v2\/media\/5946474"}],"wp:attachment":[{"href":"https:\/\/stoic-curie.212-227-153-4.plesk.page\/nl\/wp-json\/wp\/v2\/media?parent=3706537"}],"wp:term":[{"taxonomy":"product_brand","embeddable":true,"href":"https:\/\/stoic-curie.212-227-153-4.plesk.page\/nl\/wp-json\/wp\/v2\/product_brand?post=3706537"},{"taxonomy":"product_cat","embeddable":true,"href":"https:\/\/stoic-curie.212-227-153-4.plesk.page\/nl\/wp-json\/wp\/v2\/product_cat?post=3706537"},{"taxonomy":"product_tag","embeddable":true,"href":"https:\/\/stoic-curie.212-227-153-4.plesk.page\/nl\/wp-json\/wp\/v2\/product_tag?post=3706537"}],"curies":[{"name":"wp","href":"https:\/\/api.w.org\/{rel}","templated":true}]}}