{"id":3706853,"date":"2025-10-13T14:50:23","date_gmt":"2025-10-13T18:50:23","guid":{"rendered":"https:\/\/stoic-curie.212-227-153-4.plesk.page\/product\/rvs-magnetische-deurstopper-60-x-h28-mm\/"},"modified":"2026-02-25T00:55:18","modified_gmt":"2026-02-25T00:55:18","slug":"rvs-magnetische-deurstopper-60-x-h28-mm","status":"publish","type":"product","link":"https:\/\/stoic-curie.212-227-153-4.plesk.page\/nl\/product\/rvs-magnetische-deurstopper-60-x-h28-mm\/","title":{"rendered":"Rvs magnetische deurstopper 60 x H28 mm"},"content":{"rendered":"<p>Rvs magnetische deurstopper 60 x H28 mm &#8211; <\/p>\n<p>Magnetische deur- en kaststopper van satijnroestvrij staal. Bestaat uit twee delen die afzonderlijk worden gemonteerd, \u00e9\u00e9n op het vaste gedeelte en \u00e9\u00e9n op het mobiele gedeelte. Bevestiging met 3M kleefbasis of met meegeleverde schroeven.<\/p>\n","protected":false},"excerpt":{"rendered":"<p>Rvs magnetische deurstopper 60 x H28 mm &#8211; Magnetische deur- en kaststopper van satijnroestvrij staal. Bestaat uit twee delen die<\/p>\n","protected":false},"featured_media":5947125,"comment_status":"closed","ping_status":"closed","template":"","meta":[],"product_brand":[2948],"product_cat":[2508],"product_tag":[],"class_list":{"0":"post-3706853","1":"product","2":"type-product","3":"status-publish","4":"has-post-thumbnail","6":"product_brand-foresti-suardi-nl","7":"product_cat-hutbeslag","9":"first","10":"instock","11":"shipping-taxable","12":"purchasable","13":"product-type-simple"},"_links":{"self":[{"href":"https:\/\/stoic-curie.212-227-153-4.plesk.page\/nl\/wp-json\/wp\/v2\/product\/3706853","targetHints":{"allow":["GET"]}}],"collection":[{"href":"https:\/\/stoic-curie.212-227-153-4.plesk.page\/nl\/wp-json\/wp\/v2\/product"}],"about":[{"href":"https:\/\/stoic-curie.212-227-153-4.plesk.page\/nl\/wp-json\/wp\/v2\/types\/product"}],"replies":[{"embeddable":true,"href":"https:\/\/stoic-curie.212-227-153-4.plesk.page\/nl\/wp-json\/wp\/v2\/comments?post=3706853"}],"version-history":[{"count":0,"href":"https:\/\/stoic-curie.212-227-153-4.plesk.page\/nl\/wp-json\/wp\/v2\/product\/3706853\/revisions"}],"wp:featuredmedia":[{"embeddable":true,"href":"https:\/\/stoic-curie.212-227-153-4.plesk.page\/nl\/wp-json\/wp\/v2\/media\/5947125"}],"wp:attachment":[{"href":"https:\/\/stoic-curie.212-227-153-4.plesk.page\/nl\/wp-json\/wp\/v2\/media?parent=3706853"}],"wp:term":[{"taxonomy":"product_brand","embeddable":true,"href":"https:\/\/stoic-curie.212-227-153-4.plesk.page\/nl\/wp-json\/wp\/v2\/product_brand?post=3706853"},{"taxonomy":"product_cat","embeddable":true,"href":"https:\/\/stoic-curie.212-227-153-4.plesk.page\/nl\/wp-json\/wp\/v2\/product_cat?post=3706853"},{"taxonomy":"product_tag","embeddable":true,"href":"https:\/\/stoic-curie.212-227-153-4.plesk.page\/nl\/wp-json\/wp\/v2\/product_tag?post=3706853"}],"curies":[{"name":"wp","href":"https:\/\/api.w.org\/{rel}","templated":true}]}}