{"id":3707036,"date":"2025-10-13T14:51:10","date_gmt":"2025-10-13T18:51:10","guid":{"rendered":"https:\/\/stoic-curie.212-227-153-4.plesk.page\/product\/twist-lock-basis-voor-50-buis-o-mm-basis-175-o-mm\/"},"modified":"2026-02-25T00:55:18","modified_gmt":"2026-02-25T00:55:18","slug":"twist-lock-basis-voor-50-buis-o-mm-basis-175-o-mm","status":"publish","type":"product","link":"https:\/\/stoic-curie.212-227-153-4.plesk.page\/nl\/product\/twist-lock-basis-voor-50-buis-o-mm-basis-175-o-mm\/","title":{"rendered":"Twist lock basis voor 50 buis \u00f8 mm basis 175 \u00f8 mm"},"content":{"rendered":"<p>Twist lock basis voor 50 buis \u00f8 mm basis 175 \u00f8 mm &#8211; <\/p>\n<p>Satijn geanodiseerd aluminium basis voor afneembare tafelpedestals met het oude Twist-Lock-systeem. Voorzien van een schroefdraadgat voor een pedestaal met een diameter van 50 mm. Wielbasis met een diameter van 175 mm en 6 gaten van 145 mm.<\/p>\n","protected":false},"excerpt":{"rendered":"<p>Twist lock basis voor 50 buis \u00f8 mm basis 175 \u00f8 mm &#8211; Satijn geanodiseerd aluminium basis voor afneembare tafelpedestals<\/p>\n","protected":false},"featured_media":5947284,"comment_status":"closed","ping_status":"closed","template":"","meta":[],"product_brand":[2968],"product_cat":[2440],"product_tag":[],"class_list":{"0":"post-3707036","1":"product","2":"type-product","3":"status-publish","4":"has-post-thumbnail","6":"product_brand-garelick-nl","7":"product_cat-stoelen-en-tafels","9":"first","10":"instock","11":"shipping-taxable","12":"purchasable","13":"product-type-simple"},"_links":{"self":[{"href":"https:\/\/stoic-curie.212-227-153-4.plesk.page\/nl\/wp-json\/wp\/v2\/product\/3707036","targetHints":{"allow":["GET"]}}],"collection":[{"href":"https:\/\/stoic-curie.212-227-153-4.plesk.page\/nl\/wp-json\/wp\/v2\/product"}],"about":[{"href":"https:\/\/stoic-curie.212-227-153-4.plesk.page\/nl\/wp-json\/wp\/v2\/types\/product"}],"replies":[{"embeddable":true,"href":"https:\/\/stoic-curie.212-227-153-4.plesk.page\/nl\/wp-json\/wp\/v2\/comments?post=3707036"}],"version-history":[{"count":0,"href":"https:\/\/stoic-curie.212-227-153-4.plesk.page\/nl\/wp-json\/wp\/v2\/product\/3707036\/revisions"}],"wp:featuredmedia":[{"embeddable":true,"href":"https:\/\/stoic-curie.212-227-153-4.plesk.page\/nl\/wp-json\/wp\/v2\/media\/5947284"}],"wp:attachment":[{"href":"https:\/\/stoic-curie.212-227-153-4.plesk.page\/nl\/wp-json\/wp\/v2\/media?parent=3707036"}],"wp:term":[{"taxonomy":"product_brand","embeddable":true,"href":"https:\/\/stoic-curie.212-227-153-4.plesk.page\/nl\/wp-json\/wp\/v2\/product_brand?post=3707036"},{"taxonomy":"product_cat","embeddable":true,"href":"https:\/\/stoic-curie.212-227-153-4.plesk.page\/nl\/wp-json\/wp\/v2\/product_cat?post=3707036"},{"taxonomy":"product_tag","embeddable":true,"href":"https:\/\/stoic-curie.212-227-153-4.plesk.page\/nl\/wp-json\/wp\/v2\/product_tag?post=3707036"}],"curies":[{"name":"wp","href":"https:\/\/api.w.org\/{rel}","templated":true}]}}