{"id":3707173,"date":"2025-10-13T14:51:47","date_gmt":"2025-10-13T18:51:47","guid":{"rendered":"https:\/\/stoic-curie.212-227-153-4.plesk.page\/product\/johnson-y-fitting-voor-29-32-29-32-19-slang-o-mm\/"},"modified":"2026-02-25T00:55:19","modified_gmt":"2026-02-25T00:55:19","slug":"johnson-y-fitting-voor-29-32-29-32-19-slang-o-mm","status":"publish","type":"product","link":"https:\/\/stoic-curie.212-227-153-4.plesk.page\/nl\/product\/johnson-y-fitting-voor-29-32-29-32-19-slang-o-mm\/","title":{"rendered":"Johnson Y-fitting voor 29\/32-29\/32-19 slang \u00f8 mm"},"content":{"rendered":"<p>Johnson Y-fitting voor 29\/32-29\/32-19 slang \u00f8 mm &#8211; <\/p>\n<p>Y Johnson kunststoffittingen. Stelt twee pompen in staat om via \u00e9\u00e9n lijn af te voeren.<\/p>\n","protected":false},"excerpt":{"rendered":"<p>Johnson Y-fitting voor 29\/32-29\/32-19 slang \u00f8 mm &#8211; Y Johnson kunststoffittingen. Stelt twee pompen in staat om via \u00e9\u00e9n lijn<\/p>\n","protected":false},"featured_media":5947478,"comment_status":"closed","ping_status":"closed","template":"","meta":[],"product_brand":[3048],"product_cat":[2459],"product_tag":[],"class_list":{"0":"post-3707173","1":"product","2":"type-product","3":"status-publish","4":"has-post-thumbnail","6":"product_brand-johnson-marine-nl","7":"product_cat-plastic-sanitair-fittingen","9":"first","10":"instock","11":"shipping-taxable","12":"purchasable","13":"product-type-simple"},"_links":{"self":[{"href":"https:\/\/stoic-curie.212-227-153-4.plesk.page\/nl\/wp-json\/wp\/v2\/product\/3707173","targetHints":{"allow":["GET"]}}],"collection":[{"href":"https:\/\/stoic-curie.212-227-153-4.plesk.page\/nl\/wp-json\/wp\/v2\/product"}],"about":[{"href":"https:\/\/stoic-curie.212-227-153-4.plesk.page\/nl\/wp-json\/wp\/v2\/types\/product"}],"replies":[{"embeddable":true,"href":"https:\/\/stoic-curie.212-227-153-4.plesk.page\/nl\/wp-json\/wp\/v2\/comments?post=3707173"}],"version-history":[{"count":0,"href":"https:\/\/stoic-curie.212-227-153-4.plesk.page\/nl\/wp-json\/wp\/v2\/product\/3707173\/revisions"}],"wp:featuredmedia":[{"embeddable":true,"href":"https:\/\/stoic-curie.212-227-153-4.plesk.page\/nl\/wp-json\/wp\/v2\/media\/5947478"}],"wp:attachment":[{"href":"https:\/\/stoic-curie.212-227-153-4.plesk.page\/nl\/wp-json\/wp\/v2\/media?parent=3707173"}],"wp:term":[{"taxonomy":"product_brand","embeddable":true,"href":"https:\/\/stoic-curie.212-227-153-4.plesk.page\/nl\/wp-json\/wp\/v2\/product_brand?post=3707173"},{"taxonomy":"product_cat","embeddable":true,"href":"https:\/\/stoic-curie.212-227-153-4.plesk.page\/nl\/wp-json\/wp\/v2\/product_cat?post=3707173"},{"taxonomy":"product_tag","embeddable":true,"href":"https:\/\/stoic-curie.212-227-153-4.plesk.page\/nl\/wp-json\/wp\/v2\/product_tag?post=3707173"}],"curies":[{"name":"wp","href":"https:\/\/api.w.org\/{rel}","templated":true}]}}