{"id":3707514,"date":"2025-10-13T14:53:17","date_gmt":"2025-10-13T18:53:17","guid":{"rendered":"https:\/\/stoic-curie.212-227-153-4.plesk.page\/product\/adapter-kabel-garmin-td-8-pin-naar-eco-4-pin\/"},"modified":"2026-02-25T00:55:20","modified_gmt":"2026-02-25T00:55:20","slug":"adapter-kabel-garmin-td-8-pin-naar-eco-4-pin","status":"publish","type":"product","link":"https:\/\/stoic-curie.212-227-153-4.plesk.page\/nl\/product\/adapter-kabel-garmin-td-8-pin-naar-eco-4-pin\/","title":{"rendered":"Adapter Kabel Garmin TD 8 Pin naar Eco 4 Pin"},"content":{"rendered":"<p>Adapter Kabel Garmin TD 8 Pin naar Eco 4 Pin &#8211; <\/p>\n<p>Garmin echoMAP UHD2 72CV kaartplotter\/echte visvinder met 7&#8243;\/800&#215;480 pixel touchscreen-display, ge\u00efntegreerd toetsenbord en interne GPS-ontvanger. 500W ge\u00efntegreerde CHIRP, ClearVu en UHD-module. Compatibel met alle Garmin BlueChart en Garmin Navionics+ cartografie, met ge\u00efntegreerde draadloze connectiviteit, NMEA0183\/2000 en Fusion-Link. Het integreert volledig met alle boordsystemen. Voorzien van alle Garmin-functies, zoals Auto Guidance, Active Captain, Sail Assist en Quickdraw Contours. Compleet met verstelbare bevestigingsbeugel en stroom\/data-kabel. Compatibel met alle traditionele, All-in-One en UHD-sensoren, 4 Pin verbinding. Voor 8 Pin-sensoren moet de adapterkabel apart worden aangeschaft. TD = Transducer<\/p>\n","protected":false},"excerpt":{"rendered":"<p>Adapter Kabel Garmin TD 8 Pin naar Eco 4 Pin &#8211; Garmin echoMAP UHD2 72CV kaartplotter\/echte visvinder met 7&#8243;\/800&#215;480 pixel<\/p>\n","protected":false},"featured_media":5947991,"comment_status":"closed","ping_status":"closed","template":"","meta":[],"product_brand":[2973],"product_cat":[2542],"product_tag":[],"class_list":{"0":"post-3707514","1":"product","2":"type-product","3":"status-publish","4":"has-post-thumbnail","6":"product_brand-garmin-nl","7":"product_cat-maritieme-elektronica","9":"first","10":"instock","11":"shipping-taxable","12":"purchasable","13":"product-type-simple"},"_links":{"self":[{"href":"https:\/\/stoic-curie.212-227-153-4.plesk.page\/nl\/wp-json\/wp\/v2\/product\/3707514","targetHints":{"allow":["GET"]}}],"collection":[{"href":"https:\/\/stoic-curie.212-227-153-4.plesk.page\/nl\/wp-json\/wp\/v2\/product"}],"about":[{"href":"https:\/\/stoic-curie.212-227-153-4.plesk.page\/nl\/wp-json\/wp\/v2\/types\/product"}],"replies":[{"embeddable":true,"href":"https:\/\/stoic-curie.212-227-153-4.plesk.page\/nl\/wp-json\/wp\/v2\/comments?post=3707514"}],"version-history":[{"count":0,"href":"https:\/\/stoic-curie.212-227-153-4.plesk.page\/nl\/wp-json\/wp\/v2\/product\/3707514\/revisions"}],"wp:featuredmedia":[{"embeddable":true,"href":"https:\/\/stoic-curie.212-227-153-4.plesk.page\/nl\/wp-json\/wp\/v2\/media\/5947991"}],"wp:attachment":[{"href":"https:\/\/stoic-curie.212-227-153-4.plesk.page\/nl\/wp-json\/wp\/v2\/media?parent=3707514"}],"wp:term":[{"taxonomy":"product_brand","embeddable":true,"href":"https:\/\/stoic-curie.212-227-153-4.plesk.page\/nl\/wp-json\/wp\/v2\/product_brand?post=3707514"},{"taxonomy":"product_cat","embeddable":true,"href":"https:\/\/stoic-curie.212-227-153-4.plesk.page\/nl\/wp-json\/wp\/v2\/product_cat?post=3707514"},{"taxonomy":"product_tag","embeddable":true,"href":"https:\/\/stoic-curie.212-227-153-4.plesk.page\/nl\/wp-json\/wp\/v2\/product_tag?post=3707514"}],"curies":[{"name":"wp","href":"https:\/\/api.w.org\/{rel}","templated":true}]}}