{"id":3708329,"date":"2025-10-13T14:57:11","date_gmt":"2025-10-13T18:57:11","guid":{"rendered":"https:\/\/stoic-curie.212-227-153-4.plesk.page\/product\/zelfaanzuigende-pomp-tellarini-i-30\/"},"modified":"2026-02-25T00:55:27","modified_gmt":"2026-02-25T00:55:27","slug":"zelfaanzuigende-pomp-tellarini-i-30","status":"publish","type":"product","link":"https:\/\/stoic-curie.212-227-153-4.plesk.page\/nl\/product\/zelfaanzuigende-pomp-tellarini-i-30\/","title":{"rendered":"Zelfaanzuigende Pomp Tellarini I 30"},"content":{"rendered":"<p>Zelfaanzuigende Pomp Tellarini I 30 &#8211; <\/p>\n<p style=\"color: rgb(34, 34, 34); font-family: Arial, Helvetica, sans-serif; font-size: small;\">Ontdek de ideale oplossing voor het zuigen en overdragen van vloeistoffen, met stevige zelfaanzuigende capaciteiten, de mogelijkheid om te werken zelfs met intermitterende vloeistofaanwezigheid en omkeerbare stroming. De I-serie is vervaardigd uit CB754S-messing met een roestvrijstalen as. Dit model bevat een ondersteuning en een katrol voor eenvoudige motorverbinding. Zorg ervoor dat u de compatibiliteit controleert en de juiste pakkingen kiest voor uw specifieke toepassing.<\/p>\n<p style=\"color: rgb(34, 34, 34); font-family: Arial, Helvetica, sans-serif; font-size: small;\">Dit product is bijzonder geschikt voor:<\/p>\n<ul style=\"color: rgb(34, 34, 34); font-family: Arial, Helvetica, sans-serif; font-size: small;\">\n<li>Nautische toepassingen (ruimen, diensten, koeling, wassen, zeewater)<\/li>\n<li>Landbouw (fungiciden, vloeibare meststoffen, onderdelen van landbouwmachines, irrigatie)<\/li>\n<li>Vervoer (tankers, wegmachines, boordwatersystemen)<\/li>\n<\/ul>\n<p style=\"color: rgb(34, 34, 34); font-family: Arial, Helvetica, sans-serif; font-size: small;\"><strong>Hydraulische specificaties:<\/strong><\/p>\n<ul style=\"color: rgb(34, 34, 34); font-family: Arial, Helvetica, sans-serif; font-size: small;\">\n<li>Maximale capaciteit: 166 liter\/minuut<\/li>\n<li>Maximale hoogte: 65 meter<\/li>\n<li>Aspakking: Seal<\/li>\n<li>Maximale aanzuighoogte: 6 meter<\/li>\n<li>Schroefdraadpoorten: 1\u00bd inch<\/li>\n<li>Maximale vloeistofdichtheid: 1.1 g\/cm\u00b3 (vrij van harde deeltjes)<\/li>\n<li>Maximale temperatuur: 90\u00b0C<\/li>\n<li>Niet geschikt voor agressieve vloeistoffen die pumpmaterialen en pakkingen kunnen beschadigen (raadpleeg technische specificaties)<\/li>\n<li>Niet bedoeld voor het overdragen van benzine, oplosmiddelen of gebruik in explosieve en brandbare omgevingen<\/li>\n<li>Omkeerbare pompstroomcapaciteit<\/li>\n<li>Inclusief een paar messing slangkoppelingen voor 30 mm leidingen (\u00e9\u00e9n recht en \u00e9\u00e9n gebogen)<\/li>\n<li>Kan kortstondig werken met gesloten leidingen<\/li>\n<li>De pomp moet bij installatie gevuld zijn met vloeistof; deze stap is daarna niet meer nodig<\/li>\n<\/ul>\n<p style=\"color: rgb(34, 34, 34); font-family: Arial, Helvetica, sans-serif; font-size: small;\"><strong>Technische specificaties:<\/strong><\/p>\n<ul style=\"color: rgb(34, 34, 34); font-family: Arial, Helvetica, sans-serif; font-size: small;\">\n<li>Voorbereid voor aansluiting via katrol 1A72<\/li>\n<\/ul>\n<p style=\"color: rgb(34, 34, 34); font-family: Arial, Helvetica, sans-serif; font-size: small;\"><strong>Materialen:<\/strong><\/p>\n<ul style=\"color: rgb(34, 34, 34); font-family: Arial, Helvetica, sans-serif; font-size: small;\">\n<li>Pomp onderdelen: Messing<\/li>\n<li>As: AISI 304<\/li>\n<li>Impeller: Messing<\/li>\n<li>Pakkingen: NBR<\/li>\n<\/ul>\n<p style=\"color: rgb(34, 34, 34); font-family: Arial, Helvetica, sans-serif; font-size: small;\"><strong>Pomp kenmerken:<\/strong><\/p>\n<ul style=\"color: rgb(34, 34, 34); font-family: Arial, Helvetica, sans-serif; font-size: small;\">\n<li>Poorten: 1\u00bd inch<\/li>\n<li>Slangkoppeling: 30 mm<\/li>\n<li>Aanzuigcapaciteit: 6 meter<\/li>\n<li>Maximale doorstromingscapaciteit: 166 liter\/minuut<\/li>\n<li>Maximale hoogte: 65 meter<\/li>\n<\/ul>\n<p style=\"color: rgb(34, 34, 34); font-family: Arial, Helvetica, sans-serif; font-size: small;\"><strong>Algemene afmetingen:<\/strong><\/p>\n<ul style=\"color: rgb(34, 34, 34); font-family: Arial, Helvetica, sans-serif; font-size: small;\">\n<li>Breedte: 298 mm<\/li>\n<li>Lengte: 158 mm<\/li>\n<li>Hoogte: 180 mm<\/li>\n<li>Gewicht: 6.4 kg<\/li>\n<\/ul>\n","protected":false},"excerpt":{"rendered":"<p>Zelfaanzuigende Pomp Tellarini I 30 &#8211; Ontdek de ideale oplossing voor het zuigen en overdragen van vloeistoffen, met stevige zelfaanzuigende<\/p>\n","protected":false},"featured_media":5949202,"comment_status":"closed","ping_status":"closed","template":"","meta":[],"product_brand":[2978],"product_cat":[2607],"product_tag":[],"class_list":{"0":"post-3708329","1":"product","2":"type-product","3":"status-publish","4":"has-post-thumbnail","6":"product_brand-gianneschi-nl","7":"product_cat-motor-koelwaterpompen","9":"first","10":"instock","11":"shipping-taxable","12":"purchasable","13":"product-type-simple"},"_links":{"self":[{"href":"https:\/\/stoic-curie.212-227-153-4.plesk.page\/nl\/wp-json\/wp\/v2\/product\/3708329","targetHints":{"allow":["GET"]}}],"collection":[{"href":"https:\/\/stoic-curie.212-227-153-4.plesk.page\/nl\/wp-json\/wp\/v2\/product"}],"about":[{"href":"https:\/\/stoic-curie.212-227-153-4.plesk.page\/nl\/wp-json\/wp\/v2\/types\/product"}],"replies":[{"embeddable":true,"href":"https:\/\/stoic-curie.212-227-153-4.plesk.page\/nl\/wp-json\/wp\/v2\/comments?post=3708329"}],"version-history":[{"count":0,"href":"https:\/\/stoic-curie.212-227-153-4.plesk.page\/nl\/wp-json\/wp\/v2\/product\/3708329\/revisions"}],"wp:featuredmedia":[{"embeddable":true,"href":"https:\/\/stoic-curie.212-227-153-4.plesk.page\/nl\/wp-json\/wp\/v2\/media\/5949202"}],"wp:attachment":[{"href":"https:\/\/stoic-curie.212-227-153-4.plesk.page\/nl\/wp-json\/wp\/v2\/media?parent=3708329"}],"wp:term":[{"taxonomy":"product_brand","embeddable":true,"href":"https:\/\/stoic-curie.212-227-153-4.plesk.page\/nl\/wp-json\/wp\/v2\/product_brand?post=3708329"},{"taxonomy":"product_cat","embeddable":true,"href":"https:\/\/stoic-curie.212-227-153-4.plesk.page\/nl\/wp-json\/wp\/v2\/product_cat?post=3708329"},{"taxonomy":"product_tag","embeddable":true,"href":"https:\/\/stoic-curie.212-227-153-4.plesk.page\/nl\/wp-json\/wp\/v2\/product_tag?post=3708329"}],"curies":[{"name":"wp","href":"https:\/\/api.w.org\/{rel}","templated":true}]}}