{"id":3708332,"date":"2025-10-13T14:57:12","date_gmt":"2025-10-13T18:57:12","guid":{"rendered":"https:\/\/stoic-curie.212-227-153-4.plesk.page\/product\/elektromagnetische-koppelpomp-tellarini-ife-25-12\/"},"modified":"2026-02-25T00:55:27","modified_gmt":"2026-02-25T00:55:27","slug":"elektromagnetische-koppelpomp-tellarini-ife-25-12","status":"publish","type":"product","link":"https:\/\/stoic-curie.212-227-153-4.plesk.page\/nl\/product\/elektromagnetische-koppelpomp-tellarini-ife-25-12\/","title":{"rendered":"Elektromagnetische Koppelpomp Tellarini IFE 25-12"},"content":{"rendered":"<p>Elektromagnetische Koppelpomp Tellarini IFE 25-12 &#8211; <\/p>\n<p style=\"color: rgb(34, 34, 34); font-family: Arial, Helvetica, sans-serif; font-size: small;\">Deze pomp werkt effici\u00ebnt, zelfs bij intermitterende vloeistoftoevoer, en maakt omkeerbare stroming mogelijk. De IFE-serie is zorgvuldig geconstrueerd uit CB754S messing, aangevuld met een roestvaste stalen as. Het ontwerp omvat een ondersteuning en een loopwiel om een naadloze koppeling met de motor te vergemakkelijken. Een elektromagnetische koppeling, strategisch gepositioneerd tussen het loopwiel en de as, stelt de gebruiker in staat de pomp aan te sluiten op een werkende motor, waardoor de bediening van in- en uitschakeling op afstand mogelijk is via een eenvoudige schakelaar. Het is essentieel om de compatibiliteit te verifi\u00ebren en de juiste pakkingen te selecteren voor elke specifieke toepassing.<\/p>\n<p style=\"color: rgb(34, 34, 34); font-family: Arial, Helvetica, sans-serif; font-size: small;\">Dit product is bijzonder geschikt voor de volgende toepassingen:<\/p>\n<ul style=\"color: rgb(34, 34, 34); font-family: Arial, Helvetica, sans-serif; font-size: small;\">\n<li>Nautische toepassingen (ruimen, diensten, koeling, reinigen, zout water)<\/li>\n<li>Landbouw (fungiciden, vloeibare meststoffen, componenten voor landbouwmachines, irrigatie)<\/li>\n<li>Vervoer (tankwagens, wegmachines, boordwatersystemen)<\/li>\n<\/ul>\n<p style=\"color: rgb(34, 34, 34); font-family: Arial, Helvetica, sans-serif; font-size: small;\"><strong>Hydraulische specificaties:<\/strong><\/p>\n<ul style=\"color: rgb(34, 34, 34); font-family: Arial, Helvetica, sans-serif; font-size: small;\">\n<li>Maximale capaciteit: 97 liter per minuut<\/li>\n<li>Maximale opvoerhoogte: 45 meter<\/li>\n<li>Asafdichting: Ja<\/li>\n<li>Maximale aanzuighoogte: 6 meter<\/li>\n<li>Draadpoorten: 1 inch<\/li>\n<li>Maximale vloeistofdichtheid: 1,1 g\/cm\u00b3 (vrij van harde deeltjes)<\/li>\n<li>Maximale temperatuur: 90\u00b0C<\/li>\n<li>Niet geschikt voor agressieve vloeistoffen die de pompmaterialen en pakkingen kunnen aantasten (raadpleeg de technische specificaties)<\/li>\n<li>Niet bedoeld voor het overbrengen van benzine, oplosmiddelen of voor gebruik in explosieve en brandbare omgevingen<\/li>\n<li>Omkeerbare pompstroomcapaciteit<\/li>\n<li>Inclusief een paar messing slangfittingen voor 25 mm leidingen (\u00e9\u00e9n recht en \u00e9\u00e9n gebogen)<\/li>\n<li>In staat om korte tijd te functioneren met gesloten leidingen<\/li>\n<li>De pomp moet tijdens de installatie met vloeistof worden gevuld; deze stap is daarna niet meer nodig<\/li>\n<\/ul>\n<p style=\"color: rgb(34, 34, 34); font-family: Arial, Helvetica, sans-serif; font-size: small;\"><strong>Technische specificaties:<\/strong><\/p>\n<ul style=\"color: rgb(34, 34, 34); font-family: Arial, Helvetica, sans-serif; font-size: small;\">\n<li>Ontworpen voor aansluiting via schijf 1Z120<\/li>\n<li>Beschikt over een 12V DC elektromagnetisch bediende koppeling voor externe bediening van het in- en uitschakelen van de pomp<\/li>\n<\/ul>\n<p style=\"color: rgb(34, 34, 34); font-family: Arial, Helvetica, sans-serif; font-size: small;\"><strong>Materialen:<\/strong><\/p>\n<ul style=\"color: rgb(34, 34, 34); font-family: Arial, Helvetica, sans-serif; font-size: small;\">\n<li>Pomp onderdelen: Messing<\/li>\n<li>As: AISI 304<\/li>\n<li>Impeller: Messing<\/li>\n<li>Pakkingen: NBR<\/li>\n<\/ul>\n<p style=\"color: rgb(34, 34, 34); font-family: Arial, Helvetica, sans-serif; font-size: small;\"><strong>Pompfuncties:<\/strong><\/p>\n<ul style=\"color: rgb(34, 34, 34); font-family: Arial, Helvetica, sans-serif; font-size: small;\">\n<li>Poorten: 1 inch<\/li>\n<li>Slangfitting: 25 mm<\/li>\n<li>Aanzuigcapaciteit: 6 meter<\/li>\n<li>Maximale doorstromingssnelheid: 97 liter per minuut<\/li>\n<li>Maximale opvoerhoogte: 45 meter<\/li>\n<\/ul>\n<p style=\"color: rgb(34, 34, 34); font-family: Arial, Helvetica, sans-serif; font-size: small;\"><strong>Totale afmetingen:<\/strong><\/p>\n<ul style=\"color: rgb(34, 34, 34); font-family: Arial, Helvetica, sans-serif; font-size: small;\">\n<li>Breedte: 212 mm<\/li>\n<li>Lengte: 126 mm<\/li>\n<li>Hoogte: 146 mm<\/li>\n<li>Gewicht: 5,4 kg<\/li>\n<\/ul>\n","protected":false},"excerpt":{"rendered":"<p>Elektromagnetische Koppelpomp Tellarini IFE 25-12 &#8211; Deze pomp werkt effici\u00ebnt, zelfs bij intermitterende vloeistoftoevoer, en maakt omkeerbare stroming mogelijk. De<\/p>\n","protected":false},"featured_media":5946619,"comment_status":"closed","ping_status":"closed","template":"","meta":[],"product_brand":[2978],"product_cat":[2607],"product_tag":[],"class_list":{"0":"post-3708332","1":"product","2":"type-product","3":"status-publish","4":"has-post-thumbnail","6":"product_brand-gianneschi-nl","7":"product_cat-motor-koelwaterpompen","9":"first","10":"outofstock","11":"shipping-taxable","12":"purchasable","13":"product-type-simple"},"_links":{"self":[{"href":"https:\/\/stoic-curie.212-227-153-4.plesk.page\/nl\/wp-json\/wp\/v2\/product\/3708332","targetHints":{"allow":["GET"]}}],"collection":[{"href":"https:\/\/stoic-curie.212-227-153-4.plesk.page\/nl\/wp-json\/wp\/v2\/product"}],"about":[{"href":"https:\/\/stoic-curie.212-227-153-4.plesk.page\/nl\/wp-json\/wp\/v2\/types\/product"}],"replies":[{"embeddable":true,"href":"https:\/\/stoic-curie.212-227-153-4.plesk.page\/nl\/wp-json\/wp\/v2\/comments?post=3708332"}],"version-history":[{"count":0,"href":"https:\/\/stoic-curie.212-227-153-4.plesk.page\/nl\/wp-json\/wp\/v2\/product\/3708332\/revisions"}],"wp:featuredmedia":[{"embeddable":true,"href":"https:\/\/stoic-curie.212-227-153-4.plesk.page\/nl\/wp-json\/wp\/v2\/media\/5946619"}],"wp:attachment":[{"href":"https:\/\/stoic-curie.212-227-153-4.plesk.page\/nl\/wp-json\/wp\/v2\/media?parent=3708332"}],"wp:term":[{"taxonomy":"product_brand","embeddable":true,"href":"https:\/\/stoic-curie.212-227-153-4.plesk.page\/nl\/wp-json\/wp\/v2\/product_brand?post=3708332"},{"taxonomy":"product_cat","embeddable":true,"href":"https:\/\/stoic-curie.212-227-153-4.plesk.page\/nl\/wp-json\/wp\/v2\/product_cat?post=3708332"},{"taxonomy":"product_tag","embeddable":true,"href":"https:\/\/stoic-curie.212-227-153-4.plesk.page\/nl\/wp-json\/wp\/v2\/product_tag?post=3708332"}],"curies":[{"name":"wp","href":"https:\/\/api.w.org\/{rel}","templated":true}]}}