{"id":5501709,"date":"2026-01-27T06:31:32","date_gmt":"2026-01-27T05:31:32","guid":{"rendered":"https:\/\/stoic-curie.212-227-153-4.plesk.page\/product\/ocean-ultra-slim-stille-elektrische-toilet-v24\/"},"modified":"2026-02-25T00:55:27","modified_gmt":"2026-02-25T00:55:27","slug":"ocean-ultra-slim-stille-elektrische-toilet-v24","status":"publish","type":"product","link":"https:\/\/stoic-curie.212-227-153-4.plesk.page\/nl\/product\/ocean-ultra-slim-stille-elektrische-toilet-v24\/","title":{"rendered":"Ocean Ultra Slim Stille Elektrische Toilet V24"},"content":{"rendered":"<p>Ocean Ultra Slim Stille Elektrische Toilet V24 &#8211; <\/p>\n<p>Ocean Ultra Slim Geprofileerde Stille Elektrische Vacu\u00fcm Toilet<br \/>\u2022 Ultra-stille hydrovacu\u00fcmafvoer<br \/>\u2022 Korte basis met schuine achterkant voor installatie in krappe ruimtes tegen de romp<br \/>\u2022 Comfortabele zitting vergelijkbaar met een huishoudtoilet<br \/>\u2022 Automatische waterinvoer-\/afvoercontrole met minimaal verbruik<br \/>\u2022 Wordt geleverd met standaard bedieningspaneel<br \/>\u2022 Thermoset zitting met zacht sluitmechanisme<br \/>\u2022 Maceratorafvoer tot 5 meter hoogteverschil<br \/>\u2022 Kan boven of onder de waterlijn worden ge\u00efnstalleerd<br \/>Moet worden aangevuld met een waterinlaatpomp.<br \/>Voor meerdere in serie ge\u00efnstalleerde toiletten, gebruik \u00e9\u00e9n waterinlaatpomp voor allemaal en \u00e9\u00e9n solenoidklep per toilet.<br \/>Inlaat 19 mm (3\/4&#8243;), uitlaat 25\/38 mm (1&#8243;\u20131 1\/2&#8243;), verbruik 25A (12V).<\/p>\n","protected":false},"excerpt":{"rendered":"<p>Ocean Ultra Slim Stille Elektrische Toilet V24 &#8211; Ocean Ultra Slim Geprofileerde Stille Elektrische Vacu\u00fcm Toilet\u2022 Ultra-stille hydrovacu\u00fcmafvoer\u2022 Korte basis<\/p>\n","protected":false},"featured_media":5949236,"comment_status":"open","ping_status":"closed","template":"","meta":[],"product_brand":[3143],"product_cat":[2473],"product_tag":[],"class_list":{"0":"post-5501709","1":"product","2":"type-product","3":"status-publish","4":"has-post-thumbnail","6":"product_brand-matromarine-nl","7":"product_cat-boot-toiletten","9":"first","10":"instock","11":"shipping-taxable","12":"purchasable","13":"product-type-simple"},"_links":{"self":[{"href":"https:\/\/stoic-curie.212-227-153-4.plesk.page\/nl\/wp-json\/wp\/v2\/product\/5501709","targetHints":{"allow":["GET"]}}],"collection":[{"href":"https:\/\/stoic-curie.212-227-153-4.plesk.page\/nl\/wp-json\/wp\/v2\/product"}],"about":[{"href":"https:\/\/stoic-curie.212-227-153-4.plesk.page\/nl\/wp-json\/wp\/v2\/types\/product"}],"replies":[{"embeddable":true,"href":"https:\/\/stoic-curie.212-227-153-4.plesk.page\/nl\/wp-json\/wp\/v2\/comments?post=5501709"}],"version-history":[{"count":0,"href":"https:\/\/stoic-curie.212-227-153-4.plesk.page\/nl\/wp-json\/wp\/v2\/product\/5501709\/revisions"}],"wp:featuredmedia":[{"embeddable":true,"href":"https:\/\/stoic-curie.212-227-153-4.plesk.page\/nl\/wp-json\/wp\/v2\/media\/5949236"}],"wp:attachment":[{"href":"https:\/\/stoic-curie.212-227-153-4.plesk.page\/nl\/wp-json\/wp\/v2\/media?parent=5501709"}],"wp:term":[{"taxonomy":"product_brand","embeddable":true,"href":"https:\/\/stoic-curie.212-227-153-4.plesk.page\/nl\/wp-json\/wp\/v2\/product_brand?post=5501709"},{"taxonomy":"product_cat","embeddable":true,"href":"https:\/\/stoic-curie.212-227-153-4.plesk.page\/nl\/wp-json\/wp\/v2\/product_cat?post=5501709"},{"taxonomy":"product_tag","embeddable":true,"href":"https:\/\/stoic-curie.212-227-153-4.plesk.page\/nl\/wp-json\/wp\/v2\/product_tag?post=5501709"}],"curies":[{"name":"wp","href":"https:\/\/api.w.org\/{rel}","templated":true}]}}