{"id":5532547,"date":"2026-01-29T22:32:49","date_gmt":"2026-01-29T21:32:49","guid":{"rendered":"https:\/\/stoic-curie.212-227-153-4.plesk.page\/product\/conversiekit-aquat-standaard-elektrisch-spx-81-47442-01\/"},"modified":"2026-02-25T00:56:19","modified_gmt":"2026-02-25T00:56:19","slug":"conversiekit-aquat-standaard-elektrisch-spx-81-47442-01","status":"publish","type":"product","link":"https:\/\/stoic-curie.212-227-153-4.plesk.page\/nl\/product\/conversiekit-aquat-standaard-elektrisch-spx-81-47442-01\/","title":{"rendered":"Conversiekit Aquat Standaard Elektrisch SPX 81-47442-01"},"content":{"rendered":"<p>Conversiekit Aquat Standaard Elektrisch SPX 81-47442-01 &#8211; <\/p>\n<p>De standaard elektrische conversiekit is ontworpen als reservekit voor compacte of comfort-grote kommen. Hiermee kunt u een handmatig model omzetten naar een elektrisch model of een bestaand elektrisch systeem vervangen door een handig &#8216;\u00e9\u00e9n-druk&#8217; spoel- en afvoersysteem. De kit bevat een pomp, basis, slang, bevestigingen en het \u00e9\u00e9n-druk bedieningspaneel. Het is compatibel met alle AquaTTM Standaard Elektrische modellen.<\/p>\n","protected":false},"excerpt":{"rendered":"<p>Conversiekit Aquat Standaard Elektrisch SPX 81-47442-01 &#8211; De standaard elektrische conversiekit is ontworpen als reservekit voor compacte of comfort-grote kommen.<\/p>\n","protected":false},"featured_media":5949720,"comment_status":"open","ping_status":"closed","template":"","meta":[],"product_brand":[3048],"product_cat":[2473],"product_tag":[],"class_list":{"0":"post-5532547","1":"product","2":"type-product","3":"status-publish","4":"has-post-thumbnail","6":"product_brand-johnson-marine-nl","7":"product_cat-boot-toiletten","9":"first","10":"instock","11":"shipping-taxable","12":"purchasable","13":"product-type-simple"},"_links":{"self":[{"href":"https:\/\/stoic-curie.212-227-153-4.plesk.page\/nl\/wp-json\/wp\/v2\/product\/5532547","targetHints":{"allow":["GET"]}}],"collection":[{"href":"https:\/\/stoic-curie.212-227-153-4.plesk.page\/nl\/wp-json\/wp\/v2\/product"}],"about":[{"href":"https:\/\/stoic-curie.212-227-153-4.plesk.page\/nl\/wp-json\/wp\/v2\/types\/product"}],"replies":[{"embeddable":true,"href":"https:\/\/stoic-curie.212-227-153-4.plesk.page\/nl\/wp-json\/wp\/v2\/comments?post=5532547"}],"version-history":[{"count":0,"href":"https:\/\/stoic-curie.212-227-153-4.plesk.page\/nl\/wp-json\/wp\/v2\/product\/5532547\/revisions"}],"wp:featuredmedia":[{"embeddable":true,"href":"https:\/\/stoic-curie.212-227-153-4.plesk.page\/nl\/wp-json\/wp\/v2\/media\/5949720"}],"wp:attachment":[{"href":"https:\/\/stoic-curie.212-227-153-4.plesk.page\/nl\/wp-json\/wp\/v2\/media?parent=5532547"}],"wp:term":[{"taxonomy":"product_brand","embeddable":true,"href":"https:\/\/stoic-curie.212-227-153-4.plesk.page\/nl\/wp-json\/wp\/v2\/product_brand?post=5532547"},{"taxonomy":"product_cat","embeddable":true,"href":"https:\/\/stoic-curie.212-227-153-4.plesk.page\/nl\/wp-json\/wp\/v2\/product_cat?post=5532547"},{"taxonomy":"product_tag","embeddable":true,"href":"https:\/\/stoic-curie.212-227-153-4.plesk.page\/nl\/wp-json\/wp\/v2\/product_tag?post=5532547"}],"curies":[{"name":"wp","href":"https:\/\/api.w.org\/{rel}","templated":true}]}}