{"id":5532548,"date":"2026-01-29T22:32:50","date_gmt":"2026-01-29T21:32:50","guid":{"rendered":"https:\/\/stoic-curie.212-227-153-4.plesk.page\/product\/conversiekit-aquat-standard-electric-spx-81-47442-02\/"},"modified":"2026-02-25T00:56:19","modified_gmt":"2026-02-25T00:56:19","slug":"conversiekit-aquat-standard-electric-spx-81-47442-02","status":"publish","type":"product","link":"https:\/\/stoic-curie.212-227-153-4.plesk.page\/nl\/product\/conversiekit-aquat-standard-electric-spx-81-47442-02\/","title":{"rendered":"Conversiekit Aquat Standard Electric SPX 81-47442-02"},"content":{"rendered":"<p>Conversiekit Aquat Standard Electric SPX 81-47442-02 &#8211; <\/p>\n<p>Standaard Electric conversiekit\/reserveset voor Compact of Comfort formaat kommen. Dit kit maakt het mogelijk om een handmatig model om te zetten naar elektrisch of om een bestaand elektrisch systeem te vervangen door een &#8220;\u00e9\u00e9n-druk&#8221; spoel- en afvoersysteem. Het bevat een pomp, basis, slang, aansluitingen en een \u00e9\u00e9n-druk bedieningspaneel. Compatibel met alle AquaT\u2122 Standard Electric-modellen.<\/p>\n","protected":false},"excerpt":{"rendered":"<p>Conversiekit Aquat Standard Electric SPX 81-47442-02 &#8211; Standaard Electric conversiekit\/reserveset voor Compact of Comfort formaat kommen. Dit kit maakt het<\/p>\n","protected":false},"featured_media":5949720,"comment_status":"open","ping_status":"closed","template":"","meta":[],"product_brand":[3048],"product_cat":[2473],"product_tag":[],"class_list":{"0":"post-5532548","1":"product","2":"type-product","3":"status-publish","4":"has-post-thumbnail","6":"product_brand-johnson-marine-nl","7":"product_cat-boot-toiletten","9":"first","10":"instock","11":"shipping-taxable","12":"purchasable","13":"product-type-simple"},"_links":{"self":[{"href":"https:\/\/stoic-curie.212-227-153-4.plesk.page\/nl\/wp-json\/wp\/v2\/product\/5532548","targetHints":{"allow":["GET"]}}],"collection":[{"href":"https:\/\/stoic-curie.212-227-153-4.plesk.page\/nl\/wp-json\/wp\/v2\/product"}],"about":[{"href":"https:\/\/stoic-curie.212-227-153-4.plesk.page\/nl\/wp-json\/wp\/v2\/types\/product"}],"replies":[{"embeddable":true,"href":"https:\/\/stoic-curie.212-227-153-4.plesk.page\/nl\/wp-json\/wp\/v2\/comments?post=5532548"}],"version-history":[{"count":0,"href":"https:\/\/stoic-curie.212-227-153-4.plesk.page\/nl\/wp-json\/wp\/v2\/product\/5532548\/revisions"}],"wp:featuredmedia":[{"embeddable":true,"href":"https:\/\/stoic-curie.212-227-153-4.plesk.page\/nl\/wp-json\/wp\/v2\/media\/5949720"}],"wp:attachment":[{"href":"https:\/\/stoic-curie.212-227-153-4.plesk.page\/nl\/wp-json\/wp\/v2\/media?parent=5532548"}],"wp:term":[{"taxonomy":"product_brand","embeddable":true,"href":"https:\/\/stoic-curie.212-227-153-4.plesk.page\/nl\/wp-json\/wp\/v2\/product_brand?post=5532548"},{"taxonomy":"product_cat","embeddable":true,"href":"https:\/\/stoic-curie.212-227-153-4.plesk.page\/nl\/wp-json\/wp\/v2\/product_cat?post=5532548"},{"taxonomy":"product_tag","embeddable":true,"href":"https:\/\/stoic-curie.212-227-153-4.plesk.page\/nl\/wp-json\/wp\/v2\/product_tag?post=5532548"}],"curies":[{"name":"wp","href":"https:\/\/api.w.org\/{rel}","templated":true}]}}