{"id":5757891,"date":"2026-02-12T14:26:47","date_gmt":"2026-02-12T13:26:47","guid":{"rendered":"https:\/\/stoic-curie.212-227-153-4.plesk.page\/product\/trailer-kielrollen-l-215-mm-o-85-mm-gat-o-20-mm\/"},"modified":"2026-02-25T00:55:43","modified_gmt":"2026-02-25T00:55:43","slug":"trailer-kielrollen-l-215-mm-o-85-mm-gat-o-20-mm","status":"publish","type":"product","link":"https:\/\/stoic-curie.212-227-153-4.plesk.page\/nl\/product\/trailer-kielrollen-l-215-mm-o-85-mm-gat-o-20-mm\/","title":{"rendered":"Trailer Kielrollen L 215 mm \u00d8 85 mm Gat \u00d8 20 mm"},"content":{"rendered":"<p>Trailer Kielrollen L 215 mm \u00d8 85 mm Gat \u00d8 20 mm &#8211; <\/p>\n<p>Hoogwaardige trailer rubber kielrollen voor optimale ondersteuning en stabiliteit.<\/p>\n","protected":false},"excerpt":{"rendered":"<p>Trailer Kielrollen L 215 mm \u00d8 85 mm Gat \u00d8 20 mm &#8211; Hoogwaardige trailer rubber kielrollen voor optimale ondersteuning<\/p>\n","protected":false},"featured_media":5752930,"comment_status":"open","ping_status":"closed","template":"","meta":[],"product_brand":[2893],"product_cat":[2639],"product_tag":[],"class_list":{"0":"post-5757891","1":"product","2":"type-product","3":"status-publish","4":"has-post-thumbnail","6":"product_brand-domar-nl","7":"product_cat-traileraccessoires","9":"first","10":"instock","11":"shipping-taxable","12":"purchasable","13":"product-type-simple"},"_links":{"self":[{"href":"https:\/\/stoic-curie.212-227-153-4.plesk.page\/nl\/wp-json\/wp\/v2\/product\/5757891","targetHints":{"allow":["GET"]}}],"collection":[{"href":"https:\/\/stoic-curie.212-227-153-4.plesk.page\/nl\/wp-json\/wp\/v2\/product"}],"about":[{"href":"https:\/\/stoic-curie.212-227-153-4.plesk.page\/nl\/wp-json\/wp\/v2\/types\/product"}],"replies":[{"embeddable":true,"href":"https:\/\/stoic-curie.212-227-153-4.plesk.page\/nl\/wp-json\/wp\/v2\/comments?post=5757891"}],"version-history":[{"count":0,"href":"https:\/\/stoic-curie.212-227-153-4.plesk.page\/nl\/wp-json\/wp\/v2\/product\/5757891\/revisions"}],"wp:featuredmedia":[{"embeddable":true,"href":"https:\/\/stoic-curie.212-227-153-4.plesk.page\/nl\/wp-json\/wp\/v2\/media\/5752930"}],"wp:attachment":[{"href":"https:\/\/stoic-curie.212-227-153-4.plesk.page\/nl\/wp-json\/wp\/v2\/media?parent=5757891"}],"wp:term":[{"taxonomy":"product_brand","embeddable":true,"href":"https:\/\/stoic-curie.212-227-153-4.plesk.page\/nl\/wp-json\/wp\/v2\/product_brand?post=5757891"},{"taxonomy":"product_cat","embeddable":true,"href":"https:\/\/stoic-curie.212-227-153-4.plesk.page\/nl\/wp-json\/wp\/v2\/product_cat?post=5757891"},{"taxonomy":"product_tag","embeddable":true,"href":"https:\/\/stoic-curie.212-227-153-4.plesk.page\/nl\/wp-json\/wp\/v2\/product_tag?post=5757891"}],"curies":[{"name":"wp","href":"https:\/\/api.w.org\/{rel}","templated":true}]}}