{"id":5757892,"date":"2026-02-12T14:26:48","date_gmt":"2026-02-12T13:26:48","guid":{"rendered":"https:\/\/stoic-curie.212-227-153-4.plesk.page\/product\/teflon-trailer-kiel-rollen-l-130-mm-o-80-mm-gat-o-15-mm\/"},"modified":"2026-02-25T00:55:43","modified_gmt":"2026-02-25T00:55:43","slug":"teflon-trailer-kiel-rollen-l-130-mm-o-80-mm-gat-o-15-mm","status":"publish","type":"product","link":"https:\/\/stoic-curie.212-227-153-4.plesk.page\/nl\/product\/teflon-trailer-kiel-rollen-l-130-mm-o-80-mm-gat-o-15-mm\/","title":{"rendered":"Teflon Trailer Kiel Rollen L 130 mm \u00d8 80 mm Gat \u00d8 15 mm"},"content":{"rendered":"<p>Teflon Trailer Kiel Rollen L 130 mm \u00d8 80 mm Gat \u00d8 15 mm &#8211; <\/p>\n<p>Deze niet-deformatieve trailerrollen van polymeer en Teflon zijn ontworpen om hun oorspronkelijke gladde vorm te behouden, zelfs wanneer ze worden samengedrukt. Ze zijn een ideale keuze voor kiel.<\/p>\n","protected":false},"excerpt":{"rendered":"<p>Teflon Trailer Kiel Rollen L 130 mm \u00d8 80 mm Gat \u00d8 15 mm &#8211; Deze niet-deformatieve trailerrollen van polymeer<\/p>\n","protected":false},"featured_media":5752935,"comment_status":"open","ping_status":"closed","template":"","meta":[],"product_brand":[2893],"product_cat":[2639],"product_tag":[],"class_list":{"0":"post-5757892","1":"product","2":"type-product","3":"status-publish","4":"has-post-thumbnail","6":"product_brand-domar-nl","7":"product_cat-traileraccessoires","9":"first","10":"instock","11":"shipping-taxable","12":"purchasable","13":"product-type-simple"},"_links":{"self":[{"href":"https:\/\/stoic-curie.212-227-153-4.plesk.page\/nl\/wp-json\/wp\/v2\/product\/5757892","targetHints":{"allow":["GET"]}}],"collection":[{"href":"https:\/\/stoic-curie.212-227-153-4.plesk.page\/nl\/wp-json\/wp\/v2\/product"}],"about":[{"href":"https:\/\/stoic-curie.212-227-153-4.plesk.page\/nl\/wp-json\/wp\/v2\/types\/product"}],"replies":[{"embeddable":true,"href":"https:\/\/stoic-curie.212-227-153-4.plesk.page\/nl\/wp-json\/wp\/v2\/comments?post=5757892"}],"version-history":[{"count":0,"href":"https:\/\/stoic-curie.212-227-153-4.plesk.page\/nl\/wp-json\/wp\/v2\/product\/5757892\/revisions"}],"wp:featuredmedia":[{"embeddable":true,"href":"https:\/\/stoic-curie.212-227-153-4.plesk.page\/nl\/wp-json\/wp\/v2\/media\/5752935"}],"wp:attachment":[{"href":"https:\/\/stoic-curie.212-227-153-4.plesk.page\/nl\/wp-json\/wp\/v2\/media?parent=5757892"}],"wp:term":[{"taxonomy":"product_brand","embeddable":true,"href":"https:\/\/stoic-curie.212-227-153-4.plesk.page\/nl\/wp-json\/wp\/v2\/product_brand?post=5757892"},{"taxonomy":"product_cat","embeddable":true,"href":"https:\/\/stoic-curie.212-227-153-4.plesk.page\/nl\/wp-json\/wp\/v2\/product_cat?post=5757892"},{"taxonomy":"product_tag","embeddable":true,"href":"https:\/\/stoic-curie.212-227-153-4.plesk.page\/nl\/wp-json\/wp\/v2\/product_tag?post=5757892"}],"curies":[{"name":"wp","href":"https:\/\/api.w.org\/{rel}","templated":true}]}}