{"id":5855924,"date":"2026-02-18T19:25:03","date_gmt":"2026-02-18T18:25:03","guid":{"rendered":"https:\/\/stoic-curie.212-227-153-4.plesk.page\/product\/metrische-klem-on-touwsnijder-voor-50-as-o-mm-extern-o-120-mm-dikte-20-mm\/"},"modified":"2026-02-25T00:56:11","modified_gmt":"2026-02-25T00:56:11","slug":"metrische-klem-on-touwsnijder-voor-50-as-o-mm-extern-o-120-mm-dikte-20-mm","status":"publish","type":"product","link":"https:\/\/stoic-curie.212-227-153-4.plesk.page\/nl\/product\/metrische-klem-on-touwsnijder-voor-50-as-o-mm-extern-o-120-mm-dikte-20-mm\/","title":{"rendered":"Metrische Klem On Touwsnijder voor 50 As \u00d8 mm, Extern \u00d8 120 mm, Dikte 20 mm"},"content":{"rendered":"<p>Metrische Klem On Touwsnijder voor 50 As \u00d8 mm, Extern \u00d8 120 mm, Dikte 20 mm &#8211; <\/p>\n<p>De touwsnijder is gemaakt van AISI 316L roestvrij staal en is ontworpen om de schroef en de aslijn te beschermen tegen touwen, kabels en puin die tijdens de werking in de knoop kunnen raken. Het klem-systeem met schroeven maakt eenvoudige installatie mogelijk zonder de schroef te verwijderen. De messen zijn ontworpen om soepel te snijden zonder trillingen en draaien zonder cavitation te veroorzaken.<\/p>\n","protected":false},"excerpt":{"rendered":"<p>Metrische Klem On Touwsnijder voor 50 As \u00d8 mm, Extern \u00d8 120 mm, Dikte 20 mm &#8211; De touwsnijder is<\/p>\n","protected":false},"featured_media":5853684,"comment_status":"open","ping_status":"closed","template":"","meta":[],"product_brand":[3468],"product_cat":[2596],"product_tag":[],"class_list":{"0":"post-5855924","1":"product","2":"type-product","3":"status-publish","4":"has-post-thumbnail","6":"product_brand-technodrive-nl","7":"product_cat-schroefas-touwsnijder","9":"first","10":"instock","11":"shipping-taxable","12":"purchasable","13":"product-type-simple"},"_links":{"self":[{"href":"https:\/\/stoic-curie.212-227-153-4.plesk.page\/nl\/wp-json\/wp\/v2\/product\/5855924","targetHints":{"allow":["GET"]}}],"collection":[{"href":"https:\/\/stoic-curie.212-227-153-4.plesk.page\/nl\/wp-json\/wp\/v2\/product"}],"about":[{"href":"https:\/\/stoic-curie.212-227-153-4.plesk.page\/nl\/wp-json\/wp\/v2\/types\/product"}],"replies":[{"embeddable":true,"href":"https:\/\/stoic-curie.212-227-153-4.plesk.page\/nl\/wp-json\/wp\/v2\/comments?post=5855924"}],"version-history":[{"count":0,"href":"https:\/\/stoic-curie.212-227-153-4.plesk.page\/nl\/wp-json\/wp\/v2\/product\/5855924\/revisions"}],"wp:featuredmedia":[{"embeddable":true,"href":"https:\/\/stoic-curie.212-227-153-4.plesk.page\/nl\/wp-json\/wp\/v2\/media\/5853684"}],"wp:attachment":[{"href":"https:\/\/stoic-curie.212-227-153-4.plesk.page\/nl\/wp-json\/wp\/v2\/media?parent=5855924"}],"wp:term":[{"taxonomy":"product_brand","embeddable":true,"href":"https:\/\/stoic-curie.212-227-153-4.plesk.page\/nl\/wp-json\/wp\/v2\/product_brand?post=5855924"},{"taxonomy":"product_cat","embeddable":true,"href":"https:\/\/stoic-curie.212-227-153-4.plesk.page\/nl\/wp-json\/wp\/v2\/product_cat?post=5855924"},{"taxonomy":"product_tag","embeddable":true,"href":"https:\/\/stoic-curie.212-227-153-4.plesk.page\/nl\/wp-json\/wp\/v2\/product_tag?post=5855924"}],"curies":[{"name":"wp","href":"https:\/\/api.w.org\/{rel}","templated":true}]}}