{"id":5872233,"date":"2026-02-19T20:40:52","date_gmt":"2026-02-19T19:40:52","guid":{"rendered":"https:\/\/stoic-curie.212-227-153-4.plesk.page\/product\/bep-afstand-batteriekeuzeschakelaar-met-nood-parallel-referentie-701-md-vss-dc-275a-ac-455a-start-1250a-stroomafmetingen-68-x-68-x-h100-mm\/"},"modified":"2026-02-25T00:55:37","modified_gmt":"2026-02-25T00:55:37","slug":"bep-afstand-batteriekeuzeschakelaar-met-nood-parallel-referentie-701-md-vss-dc-275a-ac-455a-start-1250a-stroomafmetingen-68-x-68-x-h100-mm","status":"publish","type":"product","link":"https:\/\/stoic-curie.212-227-153-4.plesk.page\/nl\/product\/bep-afstand-batteriekeuzeschakelaar-met-nood-parallel-referentie-701-md-vss-dc-275a-ac-455a-start-1250a-stroomafmetingen-68-x-68-x-h100-mm\/","title":{"rendered":"BEP Afstand Batteriekeuzeschakelaar met Nood Parallel Referentie 701-MD-VSS DC 275A AC 455A Start 1250A Stroomafmetingen 68 x 68 x H100 mm"},"content":{"rendered":"<p>BEP Afstand Batteriekeuzeschakelaar met Nood Parallel Referentie 701-MD-VSS DC 275A AC 455A Start 1250A Stroomafmetingen 68 x 68 x H100 mm &#8211; <\/p>\n<p>Deze batteriekeuzeschakelaar beschikt over een knop en verzinkoperen M10-pennen. Hiermee kunt u batterijen in parallel aansluiten in geval van nood. Het VSS (Spanningsgevoelige Schakelaar) model detecteert automatisch de spanning en laadt de batterijen alsof ze \u00e9\u00e9n enkele eenheid zijn, en selecteert effici\u00ebnt de actieve laadbron. Het wordt geleverd met een 9-32V connector voor afstandsbediening. Dit product is getest op stroomsterkten en voldoet aan explosiebestendige normen.<br \/> Stroom = Maximale capaciteit<\/p>\n","protected":false},"excerpt":{"rendered":"<p>BEP Afstand Batteriekeuzeschakelaar met Nood Parallel Referentie 701-MD-VSS DC 275A AC 455A Start 1250A Stroomafmetingen 68 x 68 x H100<\/p>\n","protected":false},"featured_media":5870050,"comment_status":"open","ping_status":"closed","template":"","meta":[],"product_brand":[2828],"product_cat":[2543],"product_tag":[],"class_list":{"0":"post-5872233","1":"product","2":"type-product","3":"status-publish","4":"has-post-thumbnail","6":"product_brand-bep-marine-nl","7":"product_cat-batterijschakelaars","9":"first","10":"instock","11":"shipping-taxable","12":"purchasable","13":"product-type-simple"},"_links":{"self":[{"href":"https:\/\/stoic-curie.212-227-153-4.plesk.page\/nl\/wp-json\/wp\/v2\/product\/5872233","targetHints":{"allow":["GET"]}}],"collection":[{"href":"https:\/\/stoic-curie.212-227-153-4.plesk.page\/nl\/wp-json\/wp\/v2\/product"}],"about":[{"href":"https:\/\/stoic-curie.212-227-153-4.plesk.page\/nl\/wp-json\/wp\/v2\/types\/product"}],"replies":[{"embeddable":true,"href":"https:\/\/stoic-curie.212-227-153-4.plesk.page\/nl\/wp-json\/wp\/v2\/comments?post=5872233"}],"version-history":[{"count":0,"href":"https:\/\/stoic-curie.212-227-153-4.plesk.page\/nl\/wp-json\/wp\/v2\/product\/5872233\/revisions"}],"wp:featuredmedia":[{"embeddable":true,"href":"https:\/\/stoic-curie.212-227-153-4.plesk.page\/nl\/wp-json\/wp\/v2\/media\/5870050"}],"wp:attachment":[{"href":"https:\/\/stoic-curie.212-227-153-4.plesk.page\/nl\/wp-json\/wp\/v2\/media?parent=5872233"}],"wp:term":[{"taxonomy":"product_brand","embeddable":true,"href":"https:\/\/stoic-curie.212-227-153-4.plesk.page\/nl\/wp-json\/wp\/v2\/product_brand?post=5872233"},{"taxonomy":"product_cat","embeddable":true,"href":"https:\/\/stoic-curie.212-227-153-4.plesk.page\/nl\/wp-json\/wp\/v2\/product_cat?post=5872233"},{"taxonomy":"product_tag","embeddable":true,"href":"https:\/\/stoic-curie.212-227-153-4.plesk.page\/nl\/wp-json\/wp\/v2\/product_tag?post=5872233"}],"curies":[{"name":"wp","href":"https:\/\/api.w.org\/{rel}","templated":true}]}}