{"id":5951551,"date":"2026-02-25T00:54:30","date_gmt":"2026-02-24T23:54:30","guid":{"rendered":"https:\/\/stoic-curie.212-227-153-4.plesk.page\/product\/marine-toilet-johnson-aquat-standaard-elektrisch-compact-12v\/"},"modified":"2026-02-25T00:54:30","modified_gmt":"2026-02-24T23:54:30","slug":"marine-toilet-johnson-aquat-standaard-elektrisch-compact-12v","status":"publish","type":"product","link":"https:\/\/stoic-curie.212-227-153-4.plesk.page\/nl\/product\/marine-toilet-johnson-aquat-standaard-elektrisch-compact-12v\/","title":{"rendered":"Marine Toilet Johnson AquaT Standaard Elektrisch Compact 12V"},"content":{"rendered":"<p>Marine Toilet Johnson AquaT Standaard Elektrisch Compact 12V &#8211; <\/p>\n<p>Het Johnson AquaT Standard toilet is uitgerust met een gecombineerde 12V of 24V pomp voor afvoer en spoelen: een centrifugaalpomp met versnipperingsfunctie voor afvoer en een stille impellerpomp voor het vullen van water. Het werkt met zowel zoet als zout water en kan boven of onder de waterlijn worden gemonteerd. Beschikbaar in drie modellen: \u00e2\u0080\u00a2 Compact \u00e2\u0080\u0093 compacter voor beperkte ruimtes met een ronde zitting \u00e2\u0080\u00a2 Comfort \u00e2\u0080\u0093 groter en comfortabeler met een ovale zitting \u00e2\u0080\u00a2 Super Compact &#8211; kleiner en lichter met een ronde zitting. Gemaakt van uitzonderlijk kwalitatief wit geglazuurd porselein voor perfecte hygi\u00ebne. Ingebouwde spoelpomp met sterke draaibeweging voor effici\u00ebnte spoeling. Bedieningselement inclusief, \u00e9\u00e9n knop multi-functie ontwateren en spoelen. Toegankelijke montagemogelijkheden voor snellere installatie zonder speciaal gereedschap. Flexibel gaatjespatroon op de basis, voor eenvoudige vervanging met de meest voorkomende toiletten op de markt. Ingang \u00c3\u00b8 20 mm \/ uitgang \u00c3\u00b8 25 mm. 3 jaar garantie.<\/p>\n","protected":false},"excerpt":{"rendered":"<p>Marine Toilet Johnson AquaT Standaard Elektrisch Compact 12V &#8211; Het Johnson AquaT Standard toilet is uitgerust met een gecombineerde 12V<\/p>\n","protected":false},"featured_media":5935982,"comment_status":"open","ping_status":"closed","template":"","meta":[],"product_brand":[3048],"product_cat":[2473],"product_tag":[],"class_list":{"0":"post-5951551","1":"product","2":"type-product","3":"status-publish","4":"has-post-thumbnail","6":"product_brand-johnson-marine-nl","7":"product_cat-boot-toiletten","9":"first","10":"instock","11":"shipping-taxable","12":"purchasable","13":"product-type-simple"},"_links":{"self":[{"href":"https:\/\/stoic-curie.212-227-153-4.plesk.page\/nl\/wp-json\/wp\/v2\/product\/5951551","targetHints":{"allow":["GET"]}}],"collection":[{"href":"https:\/\/stoic-curie.212-227-153-4.plesk.page\/nl\/wp-json\/wp\/v2\/product"}],"about":[{"href":"https:\/\/stoic-curie.212-227-153-4.plesk.page\/nl\/wp-json\/wp\/v2\/types\/product"}],"replies":[{"embeddable":true,"href":"https:\/\/stoic-curie.212-227-153-4.plesk.page\/nl\/wp-json\/wp\/v2\/comments?post=5951551"}],"version-history":[{"count":0,"href":"https:\/\/stoic-curie.212-227-153-4.plesk.page\/nl\/wp-json\/wp\/v2\/product\/5951551\/revisions"}],"wp:featuredmedia":[{"embeddable":true,"href":"https:\/\/stoic-curie.212-227-153-4.plesk.page\/nl\/wp-json\/wp\/v2\/media\/5935982"}],"wp:attachment":[{"href":"https:\/\/stoic-curie.212-227-153-4.plesk.page\/nl\/wp-json\/wp\/v2\/media?parent=5951551"}],"wp:term":[{"taxonomy":"product_brand","embeddable":true,"href":"https:\/\/stoic-curie.212-227-153-4.plesk.page\/nl\/wp-json\/wp\/v2\/product_brand?post=5951551"},{"taxonomy":"product_cat","embeddable":true,"href":"https:\/\/stoic-curie.212-227-153-4.plesk.page\/nl\/wp-json\/wp\/v2\/product_cat?post=5951551"},{"taxonomy":"product_tag","embeddable":true,"href":"https:\/\/stoic-curie.212-227-153-4.plesk.page\/nl\/wp-json\/wp\/v2\/product_tag?post=5951551"}],"curies":[{"name":"wp","href":"https:\/\/api.w.org\/{rel}","templated":true}]}}