{"id":5951552,"date":"2026-02-25T00:54:31","date_gmt":"2026-02-24T23:54:31","guid":{"rendered":"https:\/\/stoic-curie.212-227-153-4.plesk.page\/product\/marine-toilet-johnson-aquat-standaard-elektrisch-compact-24v\/"},"modified":"2026-02-25T00:54:31","modified_gmt":"2026-02-24T23:54:31","slug":"marine-toilet-johnson-aquat-standaard-elektrisch-compact-24v","status":"publish","type":"product","link":"https:\/\/stoic-curie.212-227-153-4.plesk.page\/nl\/product\/marine-toilet-johnson-aquat-standaard-elektrisch-compact-24v\/","title":{"rendered":"Marine Toilet Johnson AquaT Standaard Elektrisch Compact 24V"},"content":{"rendered":"<p>Marine Toilet Johnson AquaT Standaard Elektrisch Compact 24V &#8211; <\/p>\n<p>Johnson AquaT Standard toilet is uitgerust met een gecombineerde 12V of 24V pomp voor afvoer en spoelen: een centrifugaal pomp met versnipperfunctie voor afvoer en een stille impellerpomp voor het vullen van water. Het werkt met zowel zoet- als zoutwater en kan boven of onder de waterlijn worden gemonteerd. Verkrijgbaar in drie modellen: <\/p>\n<ul>\n<li>Compact \u2013 meer compact voor beperkte ruimtes met een ronde zitting<\/li>\n<li>Comfort \u2013 groter en comfortabeler met een ovale zitting<\/li>\n<li>Super Compact \u2013 kleiner en lichter met een ronde zitting<\/li>\n<\/ul>\n<p>Gemaakt van uitzonderlijk kwalitatief wit vitreus porselein voor perfecte hygi\u00ebne. Ingebouwde spoelpomp met sterke draaibeweging voor effici\u00ebnte spoeling. Controlepaneel inbegrepen, \u00e9\u00e9n knop voor multifunctionele afvoer en spoeling. Toegankelijke montagepunten voor snellere installatie zonder speciaal gereedschap. Flexibel boorgatpatroon aan de basis voor eenvoudige vervangingen met de meest voorkomende toiletten op de markt. Inlaat \u00d8 20 mm \/ uitlaat \u00d8 25 mm. 3 jaar garantie.<\/p>\n","protected":false},"excerpt":{"rendered":"<p>Marine Toilet Johnson AquaT Standaard Elektrisch Compact 24V &#8211; Johnson AquaT Standard toilet is uitgerust met een gecombineerde 12V of<\/p>\n","protected":false},"featured_media":5935982,"comment_status":"open","ping_status":"closed","template":"","meta":[],"product_brand":[3048],"product_cat":[2473],"product_tag":[],"class_list":{"0":"post-5951552","1":"product","2":"type-product","3":"status-publish","4":"has-post-thumbnail","6":"product_brand-johnson-marine-nl","7":"product_cat-boot-toiletten","9":"first","10":"instock","11":"shipping-taxable","12":"purchasable","13":"product-type-simple"},"_links":{"self":[{"href":"https:\/\/stoic-curie.212-227-153-4.plesk.page\/nl\/wp-json\/wp\/v2\/product\/5951552","targetHints":{"allow":["GET"]}}],"collection":[{"href":"https:\/\/stoic-curie.212-227-153-4.plesk.page\/nl\/wp-json\/wp\/v2\/product"}],"about":[{"href":"https:\/\/stoic-curie.212-227-153-4.plesk.page\/nl\/wp-json\/wp\/v2\/types\/product"}],"replies":[{"embeddable":true,"href":"https:\/\/stoic-curie.212-227-153-4.plesk.page\/nl\/wp-json\/wp\/v2\/comments?post=5951552"}],"version-history":[{"count":0,"href":"https:\/\/stoic-curie.212-227-153-4.plesk.page\/nl\/wp-json\/wp\/v2\/product\/5951552\/revisions"}],"wp:featuredmedia":[{"embeddable":true,"href":"https:\/\/stoic-curie.212-227-153-4.plesk.page\/nl\/wp-json\/wp\/v2\/media\/5935982"}],"wp:attachment":[{"href":"https:\/\/stoic-curie.212-227-153-4.plesk.page\/nl\/wp-json\/wp\/v2\/media?parent=5951552"}],"wp:term":[{"taxonomy":"product_brand","embeddable":true,"href":"https:\/\/stoic-curie.212-227-153-4.plesk.page\/nl\/wp-json\/wp\/v2\/product_brand?post=5951552"},{"taxonomy":"product_cat","embeddable":true,"href":"https:\/\/stoic-curie.212-227-153-4.plesk.page\/nl\/wp-json\/wp\/v2\/product_cat?post=5951552"},{"taxonomy":"product_tag","embeddable":true,"href":"https:\/\/stoic-curie.212-227-153-4.plesk.page\/nl\/wp-json\/wp\/v2\/product_tag?post=5951552"}],"curies":[{"name":"wp","href":"https:\/\/api.w.org\/{rel}","templated":true}]}}