{"id":5951553,"date":"2026-02-25T00:54:31","date_gmt":"2026-02-24T23:54:31","guid":{"rendered":"https:\/\/stoic-curie.212-227-153-4.plesk.page\/product\/toilet-johnson-aquat-standaard-elektrisch-comfort-12v\/"},"modified":"2026-02-25T00:54:31","modified_gmt":"2026-02-24T23:54:31","slug":"toilet-johnson-aquat-standaard-elektrisch-comfort-12v","status":"publish","type":"product","link":"https:\/\/stoic-curie.212-227-153-4.plesk.page\/nl\/product\/toilet-johnson-aquat-standaard-elektrisch-comfort-12v\/","title":{"rendered":"Toilet Johnson AquaT Standaard Elektrisch Comfort 12V"},"content":{"rendered":"<p>Toilet Johnson AquaT Standaard Elektrisch Comfort 12V &#8211; <\/p>\n<p>De Johnson AquaT Standard toilet is uitgerust met een gecombineerde 12V of 24V-pomp voor afvoer en spoeling: een centrifugaalpomp met versnijdfunctie voor afvoer en een stille implosiepomp voor watertoevoer. Het werkt zowel met zoet als zout water en kan boven of onder de waterlijn worden gemonteerd. Verkrijgbaar in drie modellen: <br \/>\u2022 Compact \u2013 meer compact voor beperkte ruimtes met een ronde zitting <br \/>\u2022 Comfort \u2013 groter en comfortabeler met een ovale zitting <br \/>\u2022 Super Compact \u2013 kleiner en lichter met een ronde zitting <br \/>Gemaakt van uitzonderlijke kwaliteit wit vitraalkeramiek voor perfecte hygi\u00ebne. Ingebouwde spoelpomp met sterke draaibeweging voor effici\u00ebnte spoeling. Bedienpaneel inbegrepen, multifunctionele afvoer en spoeling met \u00e9\u00e9n druk op de knop. Toegankelijke montagere points voor snellere installatie zonder speciaal gereedschap. Flexibel gatpatroon aan de basis voor eenvoudige vervanging met de meest voorkomende toiletten op de markt. Inlaat \u00d8 20 mm \/ outlet \u00d8 25 mm. 3 jaar garantie.<\/p>\n","protected":false},"excerpt":{"rendered":"<p>Toilet Johnson AquaT Standaard Elektrisch Comfort 12V &#8211; De Johnson AquaT Standard toilet is uitgerust met een gecombineerde 12V of<\/p>\n","protected":false},"featured_media":5935987,"comment_status":"open","ping_status":"closed","template":"","meta":[],"product_brand":[3048],"product_cat":[2473],"product_tag":[],"class_list":{"0":"post-5951553","1":"product","2":"type-product","3":"status-publish","4":"has-post-thumbnail","6":"product_brand-johnson-marine-nl","7":"product_cat-boot-toiletten","9":"first","10":"instock","11":"shipping-taxable","12":"purchasable","13":"product-type-simple"},"_links":{"self":[{"href":"https:\/\/stoic-curie.212-227-153-4.plesk.page\/nl\/wp-json\/wp\/v2\/product\/5951553","targetHints":{"allow":["GET"]}}],"collection":[{"href":"https:\/\/stoic-curie.212-227-153-4.plesk.page\/nl\/wp-json\/wp\/v2\/product"}],"about":[{"href":"https:\/\/stoic-curie.212-227-153-4.plesk.page\/nl\/wp-json\/wp\/v2\/types\/product"}],"replies":[{"embeddable":true,"href":"https:\/\/stoic-curie.212-227-153-4.plesk.page\/nl\/wp-json\/wp\/v2\/comments?post=5951553"}],"version-history":[{"count":0,"href":"https:\/\/stoic-curie.212-227-153-4.plesk.page\/nl\/wp-json\/wp\/v2\/product\/5951553\/revisions"}],"wp:featuredmedia":[{"embeddable":true,"href":"https:\/\/stoic-curie.212-227-153-4.plesk.page\/nl\/wp-json\/wp\/v2\/media\/5935987"}],"wp:attachment":[{"href":"https:\/\/stoic-curie.212-227-153-4.plesk.page\/nl\/wp-json\/wp\/v2\/media?parent=5951553"}],"wp:term":[{"taxonomy":"product_brand","embeddable":true,"href":"https:\/\/stoic-curie.212-227-153-4.plesk.page\/nl\/wp-json\/wp\/v2\/product_brand?post=5951553"},{"taxonomy":"product_cat","embeddable":true,"href":"https:\/\/stoic-curie.212-227-153-4.plesk.page\/nl\/wp-json\/wp\/v2\/product_cat?post=5951553"},{"taxonomy":"product_tag","embeddable":true,"href":"https:\/\/stoic-curie.212-227-153-4.plesk.page\/nl\/wp-json\/wp\/v2\/product_tag?post=5951553"}],"curies":[{"name":"wp","href":"https:\/\/api.w.org\/{rel}","templated":true}]}}