{"id":5951559,"date":"2026-02-25T00:55:11","date_gmt":"2026-02-24T23:55:11","guid":{"rendered":"https:\/\/stoic-curie.212-227-153-4.plesk.page\/product\/johnson-aquat-standaard-elektrisch-super-compact-12v\/"},"modified":"2026-02-25T00:55:11","modified_gmt":"2026-02-24T23:55:11","slug":"johnson-aquat-standaard-elektrisch-super-compact-12v","status":"publish","type":"product","link":"https:\/\/stoic-curie.212-227-153-4.plesk.page\/nl\/product\/johnson-aquat-standaard-elektrisch-super-compact-12v\/","title":{"rendered":"Johnson AquaT Standaard Elektrisch Super Compact 12V"},"content":{"rendered":"<p>Johnson AquaT Standaard Elektrisch Super Compact 12V &#8211; <\/p>\n<p>De Johnson AquaT Standard toilet is uitgerust met een gecombineerde 12V- of 24V-pomp voor afvoer en spoeling: een centrifugaalpomp met versnipperfunctie voor de afvoer en een stille schroefpomp voor het vullen van water. Het werkt zowel met zoet als zout water en kan boven of onder de waterlijn worden gemonteerd. Verkrijgbaar in drie modellen: \u00e2\u0080\u00a2 Compact \u2013 compacter voor beperkte ruimtes met een ronde zitting \u00e2\u0080\u00a2 Comfort \u2013 groter en comfortabeler met een ovale zitting \u00e2\u0080\u00a2 Super Compact &#8211; kleiner en lichter met een ronde zitting. Gemaakt van uitzonderlijk kwalitatief wit vitriolen porselein voor perfecte hygi\u00ebne. Ingebouwde spoelpomp met sterke draaibeweging voor effici\u00ebnte spoeling. Bedieningspaneel inbegrepen, \u00e9\u00e9n knop voor multifunctioneel afvoeren en spoelen. Toegankelijke montagepunten voor snellere installatie zonder speciaal gereedschap. Flexibel boorgatpatroon op de basis voor eenvoudige vervanging met de meest voorkomende toiletten op de markt. Inlaat \u00c3\u00b8 20 mm \/ uitlaat \u00c3\u00b8 25 mm. 3 jaar garantie.<\/p>\n","protected":false},"excerpt":{"rendered":"<p>Johnson AquaT Standaard Elektrisch Super Compact 12V &#8211; De Johnson AquaT Standard toilet is uitgerust met een gecombineerde 12V- of<\/p>\n","protected":false},"featured_media":5946354,"comment_status":"open","ping_status":"closed","template":"","meta":[],"product_brand":[3048],"product_cat":[2473],"product_tag":[],"class_list":{"0":"post-5951559","1":"product","2":"type-product","3":"status-publish","4":"has-post-thumbnail","6":"product_brand-johnson-marine-nl","7":"product_cat-boot-toiletten","9":"first","10":"instock","11":"shipping-taxable","12":"purchasable","13":"product-type-simple"},"_links":{"self":[{"href":"https:\/\/stoic-curie.212-227-153-4.plesk.page\/nl\/wp-json\/wp\/v2\/product\/5951559","targetHints":{"allow":["GET"]}}],"collection":[{"href":"https:\/\/stoic-curie.212-227-153-4.plesk.page\/nl\/wp-json\/wp\/v2\/product"}],"about":[{"href":"https:\/\/stoic-curie.212-227-153-4.plesk.page\/nl\/wp-json\/wp\/v2\/types\/product"}],"replies":[{"embeddable":true,"href":"https:\/\/stoic-curie.212-227-153-4.plesk.page\/nl\/wp-json\/wp\/v2\/comments?post=5951559"}],"version-history":[{"count":0,"href":"https:\/\/stoic-curie.212-227-153-4.plesk.page\/nl\/wp-json\/wp\/v2\/product\/5951559\/revisions"}],"wp:featuredmedia":[{"embeddable":true,"href":"https:\/\/stoic-curie.212-227-153-4.plesk.page\/nl\/wp-json\/wp\/v2\/media\/5946354"}],"wp:attachment":[{"href":"https:\/\/stoic-curie.212-227-153-4.plesk.page\/nl\/wp-json\/wp\/v2\/media?parent=5951559"}],"wp:term":[{"taxonomy":"product_brand","embeddable":true,"href":"https:\/\/stoic-curie.212-227-153-4.plesk.page\/nl\/wp-json\/wp\/v2\/product_brand?post=5951559"},{"taxonomy":"product_cat","embeddable":true,"href":"https:\/\/stoic-curie.212-227-153-4.plesk.page\/nl\/wp-json\/wp\/v2\/product_cat?post=5951559"},{"taxonomy":"product_tag","embeddable":true,"href":"https:\/\/stoic-curie.212-227-153-4.plesk.page\/nl\/wp-json\/wp\/v2\/product_tag?post=5951559"}],"curies":[{"name":"wp","href":"https:\/\/api.w.org\/{rel}","templated":true}]}}