{"id":5951596,"date":"2026-02-25T00:55:51","date_gmt":"2026-02-24T23:55:51","guid":{"rendered":"https:\/\/stoic-curie.212-227-153-4.plesk.page\/product\/sprenger-ringen-o-245-mm-gat-10-o-mm-voor-7-mm-touw-640-kg-werkbelasting\/"},"modified":"2026-02-25T00:55:51","modified_gmt":"2026-02-24T23:55:51","slug":"sprenger-ringen-o-245-mm-gat-10-o-mm-voor-7-mm-touw-640-kg-werkbelasting","status":"publish","type":"product","link":"https:\/\/stoic-curie.212-227-153-4.plesk.page\/nl\/product\/sprenger-ringen-o-245-mm-gat-10-o-mm-voor-7-mm-touw-640-kg-werkbelasting\/","title":{"rendered":"Sprenger Ringen \u00f8 24,5 mm Gat 10 \u00f8 mm voor 7 mm Touw, 640 kg Werkbelasting"},"content":{"rendered":"<p>Sprenger Ringen \u00f8 24,5 mm Gat 10 \u00f8 mm voor 7 mm Touw, 640 kg Werkbelasting &#8211; <\/p>\n<p>Sprenger ringen zijn sterk en lichtgewicht, gemaakt van zwart geanodiseerd aluminium \u2013 ideaal voor alle dektoepassingen.<\/p>\n","protected":false},"excerpt":{"rendered":"<p>Sprenger Ringen \u00f8 24,5 mm Gat 10 \u00f8 mm voor 7 mm Touw, 640 kg Werkbelasting &#8211; Sprenger ringen zijn<\/p>\n","protected":false},"featured_media":5949557,"comment_status":"open","ping_status":"closed","template":"","meta":[],"product_brand":[3433],"product_cat":[2567],"product_tag":[],"class_list":{"0":"post-5951596","1":"product","2":"type-product","3":"status-publish","4":"has-post-thumbnail","6":"product_brand-sprenger-hs-nl","7":"product_cat-sprenger-blokken","9":"first","10":"instock","11":"shipping-taxable","12":"purchasable","13":"product-type-simple"},"_links":{"self":[{"href":"https:\/\/stoic-curie.212-227-153-4.plesk.page\/nl\/wp-json\/wp\/v2\/product\/5951596","targetHints":{"allow":["GET"]}}],"collection":[{"href":"https:\/\/stoic-curie.212-227-153-4.plesk.page\/nl\/wp-json\/wp\/v2\/product"}],"about":[{"href":"https:\/\/stoic-curie.212-227-153-4.plesk.page\/nl\/wp-json\/wp\/v2\/types\/product"}],"replies":[{"embeddable":true,"href":"https:\/\/stoic-curie.212-227-153-4.plesk.page\/nl\/wp-json\/wp\/v2\/comments?post=5951596"}],"version-history":[{"count":0,"href":"https:\/\/stoic-curie.212-227-153-4.plesk.page\/nl\/wp-json\/wp\/v2\/product\/5951596\/revisions"}],"wp:featuredmedia":[{"embeddable":true,"href":"https:\/\/stoic-curie.212-227-153-4.plesk.page\/nl\/wp-json\/wp\/v2\/media\/5949557"}],"wp:attachment":[{"href":"https:\/\/stoic-curie.212-227-153-4.plesk.page\/nl\/wp-json\/wp\/v2\/media?parent=5951596"}],"wp:term":[{"taxonomy":"product_brand","embeddable":true,"href":"https:\/\/stoic-curie.212-227-153-4.plesk.page\/nl\/wp-json\/wp\/v2\/product_brand?post=5951596"},{"taxonomy":"product_cat","embeddable":true,"href":"https:\/\/stoic-curie.212-227-153-4.plesk.page\/nl\/wp-json\/wp\/v2\/product_cat?post=5951596"},{"taxonomy":"product_tag","embeddable":true,"href":"https:\/\/stoic-curie.212-227-153-4.plesk.page\/nl\/wp-json\/wp\/v2\/product_tag?post=5951596"}],"curies":[{"name":"wp","href":"https:\/\/api.w.org\/{rel}","templated":true}]}}