{"id":5951597,"date":"2026-02-25T00:55:52","date_gmt":"2026-02-24T23:55:52","guid":{"rendered":"https:\/\/stoic-curie.212-227-153-4.plesk.page\/product\/sprenger-ringen-o-340-mm-gat-14-o-mm-voor-10-touw-o-mm-werk-1015-laad-kg\/"},"modified":"2026-02-25T00:55:52","modified_gmt":"2026-02-24T23:55:52","slug":"sprenger-ringen-o-340-mm-gat-14-o-mm-voor-10-touw-o-mm-werk-1015-laad-kg","status":"publish","type":"product","link":"https:\/\/stoic-curie.212-227-153-4.plesk.page\/nl\/product\/sprenger-ringen-o-340-mm-gat-14-o-mm-voor-10-touw-o-mm-werk-1015-laad-kg\/","title":{"rendered":"Sprenger Ringen \u00d8 34,0 mm Gat 14 \u00d8 mm voor 10 Touw \u00d8 mm Werk 1015 Laad kg"},"content":{"rendered":"<p>Sprenger Ringen \u00d8 34,0 mm Gat 14 \u00d8 mm voor 10 Touw \u00d8 mm Werk 1015 Laad kg &#8211; <\/p>\n<p>Sprenger ringen zijn sterk en lichtgewicht, gemaakt van zwart geanodiseerd aluminium, ideaal voor alle dektoepassingen.<\/p>\n","protected":false},"excerpt":{"rendered":"<p>Sprenger Ringen \u00d8 34,0 mm Gat 14 \u00d8 mm voor 10 Touw \u00d8 mm Werk 1015 Laad kg &#8211; Sprenger<\/p>\n","protected":false},"featured_media":5949562,"comment_status":"open","ping_status":"closed","template":"","meta":[],"product_brand":[3433],"product_cat":[2567],"product_tag":[],"class_list":{"0":"post-5951597","1":"product","2":"type-product","3":"status-publish","4":"has-post-thumbnail","6":"product_brand-sprenger-hs-nl","7":"product_cat-sprenger-blokken","9":"first","10":"instock","11":"shipping-taxable","12":"purchasable","13":"product-type-simple"},"_links":{"self":[{"href":"https:\/\/stoic-curie.212-227-153-4.plesk.page\/nl\/wp-json\/wp\/v2\/product\/5951597","targetHints":{"allow":["GET"]}}],"collection":[{"href":"https:\/\/stoic-curie.212-227-153-4.plesk.page\/nl\/wp-json\/wp\/v2\/product"}],"about":[{"href":"https:\/\/stoic-curie.212-227-153-4.plesk.page\/nl\/wp-json\/wp\/v2\/types\/product"}],"replies":[{"embeddable":true,"href":"https:\/\/stoic-curie.212-227-153-4.plesk.page\/nl\/wp-json\/wp\/v2\/comments?post=5951597"}],"version-history":[{"count":0,"href":"https:\/\/stoic-curie.212-227-153-4.plesk.page\/nl\/wp-json\/wp\/v2\/product\/5951597\/revisions"}],"wp:featuredmedia":[{"embeddable":true,"href":"https:\/\/stoic-curie.212-227-153-4.plesk.page\/nl\/wp-json\/wp\/v2\/media\/5949562"}],"wp:attachment":[{"href":"https:\/\/stoic-curie.212-227-153-4.plesk.page\/nl\/wp-json\/wp\/v2\/media?parent=5951597"}],"wp:term":[{"taxonomy":"product_brand","embeddable":true,"href":"https:\/\/stoic-curie.212-227-153-4.plesk.page\/nl\/wp-json\/wp\/v2\/product_brand?post=5951597"},{"taxonomy":"product_cat","embeddable":true,"href":"https:\/\/stoic-curie.212-227-153-4.plesk.page\/nl\/wp-json\/wp\/v2\/product_cat?post=5951597"},{"taxonomy":"product_tag","embeddable":true,"href":"https:\/\/stoic-curie.212-227-153-4.plesk.page\/nl\/wp-json\/wp\/v2\/product_tag?post=5951597"}],"curies":[{"name":"wp","href":"https:\/\/api.w.org\/{rel}","templated":true}]}}