{"id":1093224,"date":"2025-04-11T15:03:29","date_gmt":"2025-04-11T19:03:29","guid":{"rendered":"https:\/\/stoic-curie.212-227-153-4.plesk.page\/product\/racor-s3227-spin-on-elemento-filtro-de-combustivel-10-micron\/"},"modified":"2026-02-25T00:28:10","modified_gmt":"2026-02-25T00:28:10","slug":"racor-s3227-spin-on-elemento-filtro-de-combustivel-10-micron","status":"publish","type":"product","link":"https:\/\/stoic-curie.212-227-153-4.plesk.page\/pt\/product\/racor-s3227-spin-on-elemento-filtro-de-combustivel-10-micron\/","title":{"rendered":"Racor S3227 Spin-On Elemento filtro de combust\u00edvel (10 micron)"},"content":{"rendered":"<p>Racor S3227 Spin-On Elemento filtro de combust\u00edvel (10 micron) &#8211; <\/p>\n<div class=\"col-24 col-md-15\">\n<p>Elemento filtrante Racor S3227 de 10 micr\u00f3n, adequado para os filtros de combust\u00edvel Racor 320R-RAC-01 (n\u00famero da pe\u00e7a ASAP: 301231) e Racor 490R-RAC-01.<\/p>\n<p>Nunca comprometa a efic\u00e1cia do seu filtro de combust\u00edvel\/ separador de \u00e1gua Racor. Exija sempre elementos Racor genu\u00ednos com propriedades repelentes de \u00e1gua Aquabloc.<\/p>\n<p>Somente elementos Racor genu\u00ednos garantir\u00e3o que seu filtro Racor funcione como a Racor o projetou. N\u00e3o deixe nada ao acaso.<\/p>\n<p>Os elementos Racor s\u00e3o codificados por cores: Marrom &#8216;S&#8217; \u00e9 2 micr\u00f3n, Azul &#8216;T&#8217; \u00e9 10 micr\u00f3n, Vermelho &#8216;P&#8217; \u00e9 30 micr\u00f3n.<\/p>\n<\/div>\n<h3>Especifica\u00e7\u00f5es<\/h3>\n<table class=\"table\">\n<tbody>\n<tr>\n<td><strong>Aplica\u00e7\u00e3o<\/strong><\/td>\n<td>Gasolina<\/td>\n<\/tr>\n<tr>\n<td><strong>S\u00e9rie<\/strong><\/td>\n<td>S\u00e9ries 300 e 400<\/td>\n<\/tr>\n<tr>\n<td><strong>Marca<\/strong><\/td>\n<td>Racor<\/td>\n<\/tr>\n<tr>\n<td><strong>Elemento<\/strong><\/td>\n<td>10 Micr\u00f3n<\/td>\n<\/tr>\n<tr>\n<td><strong>Unidade de venda<\/strong><\/td>\n<td>1 Elemento<\/td>\n<\/tr>\n<tr>\n<td><strong>Taxa de fluxo m\u00e1xima<\/strong><\/td>\n<td>227 LPH (60 US GPH)<\/td>\n<\/tr>\n<tr>\n<td><strong>Modelo<\/strong><\/td>\n<td>S3227<\/td>\n<\/tr>\n<tr>\n<td><strong>Substitui<\/strong><\/td>\n<td>Sierra 18-7948, Honda 17670-ZW1-801AH, Mercury 35-886638, Suzuki 99105-20005<\/td>\n<\/tr>\n<tr>\n<td><strong>Descri\u00e7\u00e3o do estilo<\/strong><\/td>\n<td>Elemento Spin-On<\/td>\n<\/tr>\n<tr>\n<td><strong>Compatibilidade<\/strong><\/td>\n<td>Filtros de combust\u00edvel Racor 320R-RAC-01 (n\u00famero da pe\u00e7a ASAP: 301231) &#038; Racor 490R-RAC-01<\/td>\n<\/tr>\n<tr>\n<td><strong>Tamanho da rosca<\/strong><\/td>\n<td>1&#8243;-14 Rosca central<\/td>\n<\/tr>\n<\/tbody>\n<\/table>\n","protected":false},"excerpt":{"rendered":"<p>Racor S3227 Spin-On Elemento filtro de combust\u00edvel (10 micron) &#8211; Elemento filtrante Racor S3227 de 10 micr\u00f3n, adequado para os<\/p>\n","protected":false},"featured_media":5944866,"comment_status":"closed","ping_status":"closed","template":"","meta":[],"product_brand":[3247],"product_cat":[2084],"product_tag":[],"class_list":{"0":"post-1093224","1":"product","2":"type-product","3":"status-publish","4":"has-post-thumbnail","6":"product_brand-parker-racor-pt","7":"product_cat-filtros-separadaores-de-agua-e-combustivel","9":"first","10":"instock","11":"shipping-taxable","12":"purchasable","13":"product-type-simple"},"_links":{"self":[{"href":"https:\/\/stoic-curie.212-227-153-4.plesk.page\/pt\/wp-json\/wp\/v2\/product\/1093224","targetHints":{"allow":["GET"]}}],"collection":[{"href":"https:\/\/stoic-curie.212-227-153-4.plesk.page\/pt\/wp-json\/wp\/v2\/product"}],"about":[{"href":"https:\/\/stoic-curie.212-227-153-4.plesk.page\/pt\/wp-json\/wp\/v2\/types\/product"}],"replies":[{"embeddable":true,"href":"https:\/\/stoic-curie.212-227-153-4.plesk.page\/pt\/wp-json\/wp\/v2\/comments?post=1093224"}],"version-history":[{"count":0,"href":"https:\/\/stoic-curie.212-227-153-4.plesk.page\/pt\/wp-json\/wp\/v2\/product\/1093224\/revisions"}],"wp:featuredmedia":[{"embeddable":true,"href":"https:\/\/stoic-curie.212-227-153-4.plesk.page\/pt\/wp-json\/wp\/v2\/media\/5944866"}],"wp:attachment":[{"href":"https:\/\/stoic-curie.212-227-153-4.plesk.page\/pt\/wp-json\/wp\/v2\/media?parent=1093224"}],"wp:term":[{"taxonomy":"product_brand","embeddable":true,"href":"https:\/\/stoic-curie.212-227-153-4.plesk.page\/pt\/wp-json\/wp\/v2\/product_brand?post=1093224"},{"taxonomy":"product_cat","embeddable":true,"href":"https:\/\/stoic-curie.212-227-153-4.plesk.page\/pt\/wp-json\/wp\/v2\/product_cat?post=1093224"},{"taxonomy":"product_tag","embeddable":true,"href":"https:\/\/stoic-curie.212-227-153-4.plesk.page\/pt\/wp-json\/wp\/v2\/product_tag?post=1093224"}],"curies":[{"name":"wp","href":"https:\/\/api.w.org\/{rel}","templated":true}]}}