{"id":1141114,"date":"2025-04-11T18:31:11","date_gmt":"2025-04-11T22:31:11","guid":{"rendered":"https:\/\/stoic-curie.212-227-153-4.plesk.page\/product\/vaso-sanitario-tecma-silence-plus-2g-12v-modelo-curto\/"},"modified":"2026-02-25T00:28:30","modified_gmt":"2026-02-25T00:28:30","slug":"vaso-sanitario-tecma-silence-plus-2g-12v-modelo-curto","status":"publish","type":"product","link":"https:\/\/stoic-curie.212-227-153-4.plesk.page\/pt\/product\/vaso-sanitario-tecma-silence-plus-2g-12v-modelo-curto\/","title":{"rendered":"Vaso Sanit\u00e1rio Tecma Silence Plus 2G &#8211; 12v &#8211; Modelo Curto"},"content":{"rendered":"<p>Vaso Sanit\u00e1rio Tecma Silence Plus 2G &#8211; 12v &#8211; Modelo Curto &#8211; O Silence Plus 2G Short \u00e9 uma vers\u00e3o compacta do Silence Plus 2G, conhecido como o modelo &#8220;grande tigela&#8221; da s\u00e9rie Flexi-Line. Este modelo curto foi projetado especificamente para instala\u00e7\u00e3o em um degrau elevado, tipicamente de 10 cm de altura. Para acomodar isso, a altura da casca cer\u00e2mica \u00e9 reduzida para 36 cm, garantindo que se alinhe com a altura de assento padr\u00e3o de 46 cm. Esta nova gera\u00e7\u00e3o do Silence Plus 2G Short inclui um bid\u00e9 combinando, o Bidet Silence Plus 2G Short, proporcionando uma combina\u00e7\u00e3o perfeita para o seu banheiro. O Flexi 1G foi produzido at\u00e9 2016, e modelos anteriores ainda estar\u00e3o dispon\u00edveis mediante solicita\u00e7\u00e3o para substitui\u00e7\u00f5es. Pe\u00e7as de reposi\u00e7\u00e3o tamb\u00e9m estar\u00e3o acess\u00edveis pelos pr\u00f3ximos 10 anos. O vaso sanit\u00e1rio Tecma Silence Plus 2G apresenta um design elegante que maximiza o conforto em espa\u00e7os limitados. Ele vem com um assento termoest\u00e1vel equipado com um sistema de fechamento suave para evitar danos e ru\u00eddos. Este vaso sanit\u00e1rio \u00e9 projetado para minimizar o consumo de \u00e1gua, o consumo el\u00e9trico e o ru\u00eddo. A instala\u00e7\u00e3o e a fia\u00e7\u00e3o s\u00e3o simples, e n\u00e3o s\u00e3o necess\u00e1rias manuten\u00e7\u00f5es. Voc\u00ea pode operar o vaso sanit\u00e1rio usando dois pain\u00e9is de controle: 1) Painel All-in-One SFT: Este painel com dois bot\u00f5es inclui interruptores para adicionar \u00e1gua e dar descarga. Ele conta com a tecnologia Smart Flush para baixo consumo e emiss\u00f5es sonoras, juntamente com prote\u00e7\u00e3o contra transbordamento e monitoramento do tanque de res\u00edduos. O modelo Silence Plus combina a comprovada confiabilidade da Thetford com um elegante design italiano, fazendo dele o vaso sanit\u00e1rio marinho definitivo. O Silence Plus \u00e9 altamente eficaz e confort\u00e1vel, com um comprimento generoso de 51 cm que oferece uma sensa\u00e7\u00e3o de assento familiar &#8220;em casa&#8221;. A tigela cer\u00e2mica italiana contempor\u00e2nea, combinada com o sistema de macera\u00e7\u00e3o de segunda gera\u00e7\u00e3o melhorado da Thetford, faz desse vaso sanit\u00e1rio a melhor escolha para uso mar\u00edtimo. Este modelo \u00e9 a vers\u00e3o curta (tamb\u00e9m oferecemos a vers\u00e3o de altura total) e foi projetado para se encaixar em um degrau elevado de 10 cm. Toda a tubula\u00e7\u00e3o est\u00e1 discretamente contida dentro da carca\u00e7a do vaso sanit\u00e1rio, permitindo uma instala\u00e7\u00e3o flush contra a parede e o ch\u00e3o. Este vaso sanit\u00e1rio est\u00e1 dispon\u00edvel em uma vers\u00e3o de 24V, com uma op\u00e7\u00e3o de 12V tamb\u00e9m oferecida. Caracter\u00edsticas: Grande tigela cer\u00e2mica italiana, assento termopl\u00e1stico higi\u00eanico com fechamento suave, painel de controle all-in-one com v\u00e1rios ciclos de descarga, painel de controle com molduras intercambi\u00e1veis brancas ou pretas, consumo de \u00e1gua ajust\u00e1vel que pode ser conectado ao medidor de tanque para evitar transbordamento, instala\u00e7\u00e3o simples em um sistema de \u00e1gua doce pressurizada, op\u00e7\u00e3o de conex\u00e3o a um abastecimento de \u00e1gua bruta (\u00e1gua do mar), duas v\u00e1lvulas de seguran\u00e7a unidirecionais embutidas, impulsor de v\u00f3rtice de alta velocidade, v\u00e1lvula de ar integrada. O vaso sanit\u00e1rio vem completo com tudo que \u00e9 necess\u00e1rio para a instala\u00e7\u00e3o, incluindo uma sa\u00edda de res\u00edduos de 38 mm, uma entrada de \u00e1gua de 19 mm e uma fia\u00e7\u00e3o completa. Este vaso sanit\u00e1rio de luxo ap\u00f3s o mercado \u00e9 f\u00e1cil de instalar e serve como uma excelente atualiza\u00e7\u00e3o de um vaso sanit\u00e1rio de gravidade. Uma das principais for\u00e7as da linha Flexi atual \u00e9 a sua capacidade de manter um design consistente em todos os banheiros. Com o novo Flexi 2G, a Tecma avan\u00e7ou no design do vaso sanit\u00e1rio e do bid\u00e9. O Silence Plus 2G serve como base para a linha Flexi, oferecendo o mesmo design em v\u00e1rios tamanhos para se ajustar a qualquer banheiro \u2013 grande, pequeno, curto ou mesmo combinado. Os vasos sanit\u00e1rios da segunda gera\u00e7\u00e3o da linha Flexi s\u00e3o projetados para se integrar perfeitamente ao seu espa\u00e7o. O Silence Plus 2G \u00e9 o modelo &#8220;grande tigela&#8221; da Flexi-Line e apresenta o mesmo design eficaz e confort\u00e1vel. Com um comprimento de 51 cm, proporciona uma experi\u00eancia de assento confort\u00e1vel. A instala\u00e7\u00e3o dos novos vasos sanit\u00e1rios da linha Flexi \u00e9 tanto bonita quanto inteligente. \u00c9 r\u00e1pida e f\u00e1cil, representando um avan\u00e7o significativo no design, incluindo: instala\u00e7\u00e3o oculta para uma apar\u00eancia elegante, conjunto de fixa\u00e7\u00e3o lateral para instala\u00e7\u00e3o simples, superf\u00edcies lisas para facilitar a limpeza. A v\u00e1lvula de admiss\u00e3o de ar integrada \u00e9 uma pequena, mas essencial caracter\u00edstica que melhora a nova linha Flexi: nova v\u00e1lvula de entrada de ar embutida no sistema de mangueiras internas, evita restri\u00e7\u00f5es de instala\u00e7\u00e3o, otimiza a ventila\u00e7\u00e3o na linha de drenagem, melhora a efici\u00eancia do sistema de \u00e1guas negras em v\u00e1rias configura\u00e7\u00f5es e facilita uma boa hidr\u00e1ulica para evitar sifonagem e refluxos.<\/p>\n","protected":false},"excerpt":{"rendered":"<p>Vaso Sanit\u00e1rio Tecma Silence Plus 2G &#8211; 12v &#8211; Modelo Curto &#8211; O Silence Plus 2G Short \u00e9 uma vers\u00e3o<\/p>\n","protected":false},"featured_media":5945372,"comment_status":"closed","ping_status":"closed","template":"","meta":[],"product_brand":[3472],"product_cat":[1962],"product_tag":[],"class_list":{"0":"post-1141114","1":"product","2":"type-product","3":"status-publish","4":"has-post-thumbnail","6":"product_brand-tecma-pt","7":"product_cat-sanitarios-e-casas-de-banho","9":"first","10":"instock","11":"shipping-taxable","12":"purchasable","13":"product-type-simple"},"_links":{"self":[{"href":"https:\/\/stoic-curie.212-227-153-4.plesk.page\/pt\/wp-json\/wp\/v2\/product\/1141114","targetHints":{"allow":["GET"]}}],"collection":[{"href":"https:\/\/stoic-curie.212-227-153-4.plesk.page\/pt\/wp-json\/wp\/v2\/product"}],"about":[{"href":"https:\/\/stoic-curie.212-227-153-4.plesk.page\/pt\/wp-json\/wp\/v2\/types\/product"}],"replies":[{"embeddable":true,"href":"https:\/\/stoic-curie.212-227-153-4.plesk.page\/pt\/wp-json\/wp\/v2\/comments?post=1141114"}],"version-history":[{"count":0,"href":"https:\/\/stoic-curie.212-227-153-4.plesk.page\/pt\/wp-json\/wp\/v2\/product\/1141114\/revisions"}],"wp:featuredmedia":[{"embeddable":true,"href":"https:\/\/stoic-curie.212-227-153-4.plesk.page\/pt\/wp-json\/wp\/v2\/media\/5945372"}],"wp:attachment":[{"href":"https:\/\/stoic-curie.212-227-153-4.plesk.page\/pt\/wp-json\/wp\/v2\/media?parent=1141114"}],"wp:term":[{"taxonomy":"product_brand","embeddable":true,"href":"https:\/\/stoic-curie.212-227-153-4.plesk.page\/pt\/wp-json\/wp\/v2\/product_brand?post=1141114"},{"taxonomy":"product_cat","embeddable":true,"href":"https:\/\/stoic-curie.212-227-153-4.plesk.page\/pt\/wp-json\/wp\/v2\/product_cat?post=1141114"},{"taxonomy":"product_tag","embeddable":true,"href":"https:\/\/stoic-curie.212-227-153-4.plesk.page\/pt\/wp-json\/wp\/v2\/product_tag?post=1141114"}],"curies":[{"name":"wp","href":"https:\/\/api.w.org\/{rel}","templated":true}]}}