{"id":1141259,"date":"2025-04-11T18:31:53","date_gmt":"2025-04-11T22:31:53","guid":{"rendered":"https:\/\/stoic-curie.212-227-153-4.plesk.page\/product\/suporte-para-motores-de-popa-th-marine-z-lock-jpz-4-dp-102mm\/"},"modified":"2026-02-25T00:28:30","modified_gmt":"2026-02-25T00:28:30","slug":"suporte-para-motores-de-popa-th-marine-z-lock-jpz-4-dp-102mm","status":"publish","type":"product","link":"https:\/\/stoic-curie.212-227-153-4.plesk.page\/pt\/product\/suporte-para-motores-de-popa-th-marine-z-lock-jpz-4-dp-102mm\/","title":{"rendered":"Suporte para Motores de Popa TH Marine Z-LOCK JPZ-4-DP 102mm"},"content":{"rendered":"<p>Suporte para Motores de Popa TH Marine Z-LOCK JPZ-4-DP 102mm &#8211; <\/p>\n<p style=\"color: rgb(34, 34, 34); font-family: Arial, Helvetica, sans-serif; font-size: small;\">Apresentamos a Placa de Eleva\u00e7\u00e3o Manual TH Marine Z-LOCK\u2122 de 4&#8243;. Esta placa de eleva\u00e7\u00e3o \u00e9 especificamente projetada para motores de popa V6 e V8 com pot\u00eancia de at\u00e9 300 HP. Fabricada com alum\u00ednio 6061-T6 de 12,7 mm de espessura, oferece resist\u00eancia e durabilidade excepcionais. O design exclusivo Z-Lock evita deslizamentos laterais, garantindo estabilidade e seguran\u00e7a na \u00e1gua.<\/p>\n<p style=\"color: rgb(34, 34, 34); font-family: Arial, Helvetica, sans-serif; font-size: small;\">Com 127 mm de ajuste vertical e um deslocamento que varia de 102 a 203 mm, dependendo do modelo, esta placa de eleva\u00e7\u00e3o \u00e9 f\u00e1cil de ajustar usando um \u00fanico parafuso central a partir do topo. \u00c9 perfeita para melhorar o desempenho do seu barco com simplicidade e efici\u00eancia.<\/p>\n<p style=\"color: rgb(34, 34, 34); font-family: Arial, Helvetica, sans-serif; font-size: small;\"><strong>Modelo:<\/strong> JPZ-4-DP<\/p>\n<p style=\"color: rgb(34, 34, 34); font-family: Arial, Helvetica, sans-serif; font-size: small;\"><strong>Recursos Principais:<\/strong><\/p>\n<ul style=\"color: rgb(34, 34, 34); font-family: Arial, Helvetica, sans-serif; font-size: small;\">\n<li>Design Z-Lock\u2122 elimina deslizamento lateral<\/li>\n<li>Perfis estrudados com ranhuras correspondentes bloqueiam com seguran\u00e7a as placas laterais<\/li>\n<li>Feito de alum\u00ednio de grau aeron\u00e1utico resistente<\/li>\n<li>Espessura total de \u00bd&#8221; para maior resist\u00eancia<\/li>\n<li>Compat\u00edvel com todos os motores de popa V6 de at\u00e9 300 HP<\/li>\n<li>Ajuste simples a partir do topo<\/li>\n<li>Oferece 5&#8243; de ajuste vertical<\/li>\n<\/ul>\n<p style=\"color: rgb(34, 34, 34); font-family: Arial, Helvetica, sans-serif; font-size: small; margin-bottom: 1rem;\">A Placa de Eleva\u00e7\u00e3o Manual Z-Lock da TH Marine \u00e9 uma excelente melhoria da s\u00e9rie de placas HI-JACKER\u2122, continuando nosso compromisso com qualidade e desempenho.<font color=\"#333333\" face=\"Open Sans, Helvetica Neue, Helvetica, Arial, sans-serif\"><span style=\"font-size: 14px;\">.<\/span><\/font><\/p>\n","protected":false},"excerpt":{"rendered":"<p>Suporte para Motores de Popa TH Marine Z-LOCK JPZ-4-DP 102mm &#8211; Apresentamos a Placa de Eleva\u00e7\u00e3o Manual TH Marine Z-LOCK\u2122<\/p>\n","protected":false},"featured_media":5949172,"comment_status":"closed","ping_status":"closed","template":"","meta":[],"product_brand":[3207],"product_cat":[2114],"product_tag":[],"class_list":{"0":"post-1141259","1":"product","2":"type-product","3":"status-publish","4":"has-post-thumbnail","6":"product_brand-nova-argonautica-pt","7":"product_cat-acessorios-para-motores-fora-de-bordo","9":"first","10":"instock","11":"shipping-taxable","12":"purchasable","13":"product-type-simple"},"_links":{"self":[{"href":"https:\/\/stoic-curie.212-227-153-4.plesk.page\/pt\/wp-json\/wp\/v2\/product\/1141259","targetHints":{"allow":["GET"]}}],"collection":[{"href":"https:\/\/stoic-curie.212-227-153-4.plesk.page\/pt\/wp-json\/wp\/v2\/product"}],"about":[{"href":"https:\/\/stoic-curie.212-227-153-4.plesk.page\/pt\/wp-json\/wp\/v2\/types\/product"}],"replies":[{"embeddable":true,"href":"https:\/\/stoic-curie.212-227-153-4.plesk.page\/pt\/wp-json\/wp\/v2\/comments?post=1141259"}],"version-history":[{"count":0,"href":"https:\/\/stoic-curie.212-227-153-4.plesk.page\/pt\/wp-json\/wp\/v2\/product\/1141259\/revisions"}],"wp:featuredmedia":[{"embeddable":true,"href":"https:\/\/stoic-curie.212-227-153-4.plesk.page\/pt\/wp-json\/wp\/v2\/media\/5949172"}],"wp:attachment":[{"href":"https:\/\/stoic-curie.212-227-153-4.plesk.page\/pt\/wp-json\/wp\/v2\/media?parent=1141259"}],"wp:term":[{"taxonomy":"product_brand","embeddable":true,"href":"https:\/\/stoic-curie.212-227-153-4.plesk.page\/pt\/wp-json\/wp\/v2\/product_brand?post=1141259"},{"taxonomy":"product_cat","embeddable":true,"href":"https:\/\/stoic-curie.212-227-153-4.plesk.page\/pt\/wp-json\/wp\/v2\/product_cat?post=1141259"},{"taxonomy":"product_tag","embeddable":true,"href":"https:\/\/stoic-curie.212-227-153-4.plesk.page\/pt\/wp-json\/wp\/v2\/product_tag?post=1141259"}],"curies":[{"name":"wp","href":"https:\/\/api.w.org\/{rel}","templated":true}]}}